{"id":864,"date":"2023-10-18T13:20:36","date_gmt":"2023-10-18T11:20:36","guid":{"rendered":"https:\/\/lbs.dk\/cnvshf\/produkt\/canvas-55-black\/"},"modified":"2026-04-15T08:38:41","modified_gmt":"2026-04-15T06:38:41","slug":"canvas-55-black","status":"publish","type":"product","link":"https:\/\/canvashifi.com\/fr\/products\/canvas-55-black\/","title":{"rendered":"CANVAS 55\" Noir"},"content":{"rendered":"<h2>CANVAS est un simple produit fini\u00a0<span style=\"color: #70757a;font-family: arial, sans-serif;font-size: 14px\">-<\/span>\u00a0det er en innovativ ide<\/h2>\n<p>Le lancement du CANVAS 55\" marque une nouvelle \u00e9tape dans l'\u00e9volution des technologies de l'information et de la communication. Avec sa fa\u00e7ade de forme arrondie, ce mod\u00e8le a \u00e9t\u00e9 con\u00e7u pour apporter une touche d'\u00e9l\u00e9gance \u00e0 l'ensemble de la maison, mais aussi pour ne pas faire de compromis sur la qualit\u00e9 de l'\u00e9clairage. Il s'agit d'une solution id\u00e9ale pour l'installation d'un t\u00e9l\u00e9viseur de grande taille. CANVAS 55\" est un m\u00e9lange id\u00e9al de forme et de fonction.<\/p>\n<p><strong>Panneau d'affichage en toile CANVAS<br \/>\n<\/strong>Trods sin mere beskedne st\u00f8rrelse, er CANVAS 55\" udstyret med avancerede lydkomponenter, som sikrer en lydoplevelse, der st\u00e5r m\u00e5l med langt st\u00f8rre systemer. High-end SB Acoustics komponenter og en pr\u00e6cis lydjustering g\u00f8r, at hver tone og detalje leveres med\u00a0uovertruffen klarhed. Denne model er ideel til dem, der \u00f8nsker en enest\u00e5ende lydoplevelse i et mere intimt milj\u00f8.<\/p>\n<p><strong>Rumkorrektion med BACCH 3D teknologi<br \/>\n<\/strong>Gr\u00e2ce \u00e0 sa correction intelligente des bruits et \u00e0 la technologie BACCH 3D, le CANVAS 55\" est parfaitement adapt\u00e9 \u00e0 l'esth\u00e9tique de la maison, garantissant ainsi une lumi\u00e8re intense et d\u00e9taill\u00e9e, m\u00eame dans les endroits les plus calmes. Ce mod\u00e8le est le r\u00e9sultat d'un travail de qualit\u00e9 et d'un design complet qui permet d'aller de l'avant.<\/p>\n<p><strong>Un am\u00e9nagement parfait pour tous les t\u00e9l\u00e9viseurs de 55 pouces<\/strong><br \/>\nDesignet af CANVAS 55\" med sort front er n\u00f8je udformet for at komplementere og forbedre enhver 55\" tommer TV-oplevelse. Med sin universelle tilpasning garanterer denne model, at uanset hvilken 55\" tommer TV du har, vil CANVAS 55\" integrere sig problemfrit og\u00a0forbedre din audiovisuelle underholdning. Oplev en s\u00f8ml\u00f8s og harmonisk kombination af visuel og auditiv kvalitet i dit hjem.<\/p>\n<p><strong>Le montage de la flamme - en place ou \u00e0 l'arr\u00eat<\/strong><br \/>\nCANVAS 55\" kommer med b\u00e5de v\u00e6gh\u00e6ngt og st\u00e5ende beslag, hvilket giver dig fuld frihed til at v\u00e6lge, hvordan du \u00f8nsker at integrere systemet i dit hjem. Uanset om du foretr\u00e6kker en elegant v\u00e6gh\u00e6ngt ops\u00e6tning for at spare plads, eller en traditionel st\u00e5ende placering for en mere fleksibel tilstedev\u00e6relse, har CANVAS 55\" med sort front alt, hvad du beh\u00f8ver for en personlig og stilfuld ops\u00e6tning. Med disse fleksible monteringsmuligheder kan du skr\u00e6ddersy din lydoplevelse til netop din boligindretning og hvis dine behov med tiden \u00e6ndres sikre fleksibel placering og mulighed for front i anden st\u00f8rrelse eller farve en nem tilpasning til anden tv-st\u00f8rrelse eller placering.<\/p>\n<p>Voir la boutique en ligne internationale de CANVAS ici <a title=\"CANVAS HiFi\" href=\"https:\/\/canvashifi.com\/fr\/\" target=\"_blank\" rel=\"noopener\">www.canvashifi.com<\/a><\/p>","protected":false},"excerpt":{"rendered":"<p>CANVAS er mere end et produkt\u00a0\u2014\u00a0det er en innovativ id\u00e9 Introduktionen af CANVAS 55\" markerer en ny \u00e6ra inden for kompakt og stilfuld\u00a0lydteknologi. Med sin raffinerede sorte front er denne model designet til at tilf\u00f8re et touch af elegance til ethvert rum, uden at g\u00e5 p\u00e5 kompromis med lydkvaliteten. Falder perfekt ind i indretningen i [&hellip;]<\/p>\n","protected":false},"featured_media":4171,"template":"","meta":{"_acf_changed":false},"size":[574],"product_brand":[],"product_cat":[153],"product_tag":[103,99],"farve":[122],"maerker":[],"serier":[],"kampagne":[],"tempcat":[],"class_list":{"0":"post-864","1":"product","2":"type-product","3":"status-publish","4":"has-post-thumbnail","6":"size-574","7":"product_cat-canvas","8":"product_tag-canvas-55","9":"product_tag-quickrequest","10":"product_shipping_class-free","11":"farve-sort","13":"first","14":"instock","15":"featured","16":"taxable","17":"shipping-taxable","18":"purchasable","19":"product-type-simple"},"acf":[],"_links":{"self":[{"href":"https:\/\/canvashifi.com\/fr\/wp-json\/wp\/v2\/product\/864","targetHints":{"allow":["GET"]}}],"collection":[{"href":"https:\/\/canvashifi.com\/fr\/wp-json\/wp\/v2\/product"}],"about":[{"href":"https:\/\/canvashifi.com\/fr\/wp-json\/wp\/v2\/types\/product"}],"wp:featuredmedia":[{"embeddable":true,"href":"https:\/\/canvashifi.com\/fr\/wp-json\/wp\/v2\/media\/4171"}],"wp:attachment":[{"href":"https:\/\/canvashifi.com\/fr\/wp-json\/wp\/v2\/media?parent=864"}],"wp:term":[{"taxonomy":"size","embeddable":true,"href":"https:\/\/canvashifi.com\/fr\/wp-json\/wp\/v2\/size?post=864"},{"taxonomy":"product_brand","embeddable":true,"href":"https:\/\/canvashifi.com\/fr\/wp-json\/wp\/v2\/product_brand?post=864"},{"taxonomy":"product_cat","embeddable":true,"href":"https:\/\/canvashifi.com\/fr\/wp-json\/wp\/v2\/product_cat?post=864"},{"taxonomy":"product_tag","embeddable":true,"href":"https:\/\/canvashifi.com\/fr\/wp-json\/wp\/v2\/product_tag?post=864"},{"taxonomy":"farve","embeddable":true,"href":"https:\/\/canvashifi.com\/fr\/wp-json\/wp\/v2\/farve?post=864"},{"taxonomy":"maerker","embeddable":true,"href":"https:\/\/canvashifi.com\/fr\/wp-json\/wp\/v2\/maerker?post=864"},{"taxonomy":"serie","embeddable":true,"href":"https:\/\/canvashifi.com\/fr\/wp-json\/wp\/v2\/serier?post=864"},{"taxonomy":"kampagne","embeddable":true,"href":"https:\/\/canvashifi.com\/fr\/wp-json\/wp\/v2\/kampagne?post=864"},{"taxonomy":"tempcat","embeddable":true,"href":"https:\/\/canvashifi.com\/fr\/wp-json\/wp\/v2\/tempcat?post=864"}],"curies":[{"name":"wp","href":"https:\/\/api.w.org\/{rel}","templated":true}]}}