{"id":9098,"date":"2026-03-03T11:34:53","date_gmt":"2026-03-03T10:34:53","guid":{"rendered":"https:\/\/canvashifi.com\/?post_type=product&#038;p=9098"},"modified":"2026-04-15T08:31:13","modified_gmt":"2026-04-15T06:31:13","slug":"the-hifi-frame-carsten-beck-edition-65-form-structure-digital","status":"publish","type":"product","link":"https:\/\/canvashifi.com\/fr\/products\/the-hifi-frame-carsten-beck-edition-65-form-structure-digital\/","title":{"rendered":"The HiFi Frame Carsten Beck Edition 65\" - Forme Structure + Num\u00e9rique"},"content":{"rendered":"<h2>CANVAS est un simple produit fini\u00a0<span style=\"color: #70757a; font-family: arial, sans-serif; font-size: 14px;\">-<\/span>\u00a0det er en innovativ ide<\/h2>\n<p>La pr\u00e9sentation du CANVAS 65\" marque une nouvelle \u00e8re dans le domaine de la technologie lyrique compl\u00e8te et stable. Avec sa fa\u00e7ade de forme arrondie, ce mod\u00e8le a \u00e9t\u00e9 con\u00e7u pour apporter une touche d'\u00e9l\u00e9gance \u00e0 l'ensemble de la pi\u00e8ce, mais aussi pour ne pas faire de compromis sur la qualit\u00e9 de l'\u00e9clairage. Il s'agit d'une solution id\u00e9ale pour l'int\u00e9rieur et l'ext\u00e9rieur de la maison. CANVAS 65\" est un m\u00e9lange id\u00e9al de forme et de fonction.<\/p>\n<p><strong>Panneau d'affichage en toile CANVAS<br \/>\n<\/strong>Le CANVAS 65\" est \u00e9quip\u00e9 d'un syst\u00e8me de sonorisation de pointe, qui offre un niveau de son \u00e9lev\u00e9, se rapprochant de celui des autres syst\u00e8mes de sonorisation de longue dur\u00e9e. Les composants haut de gamme de SB Acoustics et un r\u00e9glage pr\u00e9cis de la tension permettent d'obtenir une tonalit\u00e9 et des d\u00e9tails optimaux gr\u00e2ce \u00e0 un r\u00e9glage pr\u00e9cis de la tension. Ce mod\u00e8le est id\u00e9al pour tous ceux qui recherchent un niveau d'\u00e9coute \u00e9lev\u00e9 pour un prix modique.<\/p>\n<p><strong>Rumkorrektion med BACCH 3D teknologi<br \/>\n<\/strong>Gr\u00e2ce \u00e0 sa correction intelligente des bruits et \u00e0 la technologie BACCH 3D, le CANVAS 65\" est parfaitement adapt\u00e9 \u00e0 l'esth\u00e9tique de la maison, garantissant ainsi une lumi\u00e8re intense et d\u00e9taill\u00e9e, m\u00eame dans les endroits les plus calmes. Ce mod\u00e8le est le r\u00e9sultat d'un travail de qualit\u00e9 et d'un design complet qui permet d'aller de l'avant.<\/p>\n<p><strong>Un am\u00e9nagement parfait pour tous les t\u00e9l\u00e9viseurs de 65 pouces<\/strong><br \/>\nLe design du CANVAS 65\" avec sa face avant tri\u00e9e est con\u00e7u pour compl\u00e9ter et am\u00e9liorer l'utilisation des t\u00e9l\u00e9viseurs 65\". Gr\u00e2ce \u00e0 son utilisation universelle, le mod\u00e8le CANVAS 65\" garantit qu'en cas d'utilisation d'un t\u00e9l\u00e9viseur de 65 pouces, il ne posera aucun probl\u00e8me et qu'il ne sera pas affect\u00e9 par des probl\u00e8mes audiovisuels. Vous obtiendrez ainsi une combinaison harmonieuse des qualit\u00e9s visuelles et auditives de votre t\u00e9l\u00e9viseur.<\/p>\n<p><strong>Le montage de la flamme - en place ou \u00e0 l'arr\u00eat<\/strong><br \/>\nLe mod\u00e8le CANVAS 65\" est dot\u00e9 d'un rev\u00eatement robuste et \u00e9l\u00e9gant, qui offre un large \u00e9ventail de possibilit\u00e9s, si vous souhaitez int\u00e9grer un syst\u00e8me \u00e0 votre int\u00e9rieur. Pour que vous puissiez profiter d'une \u00e9l\u00e9gante position de rangement pour vos plats de rechange, ou d'une position de rangement traditionnelle pour un simple plateau de rangement, le CANVAS 65\" est dot\u00e9 d'une sorte d'interrupteur frontal, qui vous permet de profiter d'une position de rangement personnalis\u00e9e et stable. Gr\u00e2ce \u00e0 ces modules de montage flexibles, vous pouvez contr\u00f4ler votre niveau d'\u00e9clairage afin de r\u00e9duire votre consommation d'\u00e9nergie et, si vous le souhaitez, vous pouvez placer des modules de montage flexibles et des modules de montage \u00e0 l'avant du t\u00e9l\u00e9viseur ou les placer dans le t\u00e9l\u00e9viseur ou dans le bo\u00eetier.<\/p>\n<p>Voir la boutique en ligne internationale de CANVAS ici\u00a0<a title=\"CANVAS HiFi\" href=\"https:\/\/canvashifi.com\/fr\/\" target=\"_blank\" rel=\"noopener\">www.canvashifi.com<\/a><\/p>","protected":false},"excerpt":{"rendered":"<p>CANVAS er mere end et produkt\u00a0\u2014\u00a0det er en innovativ id\u00e9 Introduktionen af CANVAS 65\" markerer en ny \u00e6ra inden for kompakt og stilfuld\u00a0lydteknologi. Med sin raffinerede sorte front er denne model designet til at tilf\u00f8re et touch af elegance til ethvert rum, uden at g\u00e5 p\u00e5 kompromis med lydkvaliteten. Falder perfekt ind i indretningen i [&hellip;]<\/p>\n","protected":false},"featured_media":9103,"template":"","meta":{"_acf_changed":false},"size":[],"product_brand":[],"product_cat":[153],"product_tag":[103,99],"farve":[],"maerker":[],"serier":[],"kampagne":[],"tempcat":[],"class_list":{"0":"post-9098","1":"product","2":"type-product","3":"status-publish","4":"has-post-thumbnail","6":"product_cat-canvas","7":"product_tag-canvas-55","8":"product_tag-quickrequest","9":"product_shipping_class-free","11":"first","12":"instock","13":"taxable","14":"shipping-taxable","15":"purchasable","16":"product-type-simple"},"acf":[],"_links":{"self":[{"href":"https:\/\/canvashifi.com\/fr\/wp-json\/wp\/v2\/product\/9098","targetHints":{"allow":["GET"]}}],"collection":[{"href":"https:\/\/canvashifi.com\/fr\/wp-json\/wp\/v2\/product"}],"about":[{"href":"https:\/\/canvashifi.com\/fr\/wp-json\/wp\/v2\/types\/product"}],"wp:featuredmedia":[{"embeddable":true,"href":"https:\/\/canvashifi.com\/fr\/wp-json\/wp\/v2\/media\/9103"}],"wp:attachment":[{"href":"https:\/\/canvashifi.com\/fr\/wp-json\/wp\/v2\/media?parent=9098"}],"wp:term":[{"taxonomy":"size","embeddable":true,"href":"https:\/\/canvashifi.com\/fr\/wp-json\/wp\/v2\/size?post=9098"},{"taxonomy":"product_brand","embeddable":true,"href":"https:\/\/canvashifi.com\/fr\/wp-json\/wp\/v2\/product_brand?post=9098"},{"taxonomy":"product_cat","embeddable":true,"href":"https:\/\/canvashifi.com\/fr\/wp-json\/wp\/v2\/product_cat?post=9098"},{"taxonomy":"product_tag","embeddable":true,"href":"https:\/\/canvashifi.com\/fr\/wp-json\/wp\/v2\/product_tag?post=9098"},{"taxonomy":"farve","embeddable":true,"href":"https:\/\/canvashifi.com\/fr\/wp-json\/wp\/v2\/farve?post=9098"},{"taxonomy":"maerker","embeddable":true,"href":"https:\/\/canvashifi.com\/fr\/wp-json\/wp\/v2\/maerker?post=9098"},{"taxonomy":"serie","embeddable":true,"href":"https:\/\/canvashifi.com\/fr\/wp-json\/wp\/v2\/serier?post=9098"},{"taxonomy":"kampagne","embeddable":true,"href":"https:\/\/canvashifi.com\/fr\/wp-json\/wp\/v2\/kampagne?post=9098"},{"taxonomy":"tempcat","embeddable":true,"href":"https:\/\/canvashifi.com\/fr\/wp-json\/wp\/v2\/tempcat?post=9098"}],"curies":[{"name":"wp","href":"https:\/\/api.w.org\/{rel}","templated":true}]}}