{"id":936,"date":"2023-11-15T12:26:45","date_gmt":"2023-11-15T11:26:45","guid":{"rendered":"https:\/\/lbs.dk\/cnvshf\/produkt\/canvas-solo-black\/"},"modified":"2026-04-15T08:49:48","modified_gmt":"2026-04-15T06:49:48","slug":"canvas-solo-black","status":"publish","type":"product","link":"https:\/\/canvashifi.com\/fr\/products\/canvas-solo-black\/","title":{"rendered":"CANVAS SOLO Noir"},"content":{"rendered":"<h2>CANVAS SOLO est un simple produit fini\u00a0<span style=\"color: #70757a; font-family: arial, sans-serif; font-size: 14px;\">-<\/span>\u00a0det er en innovativ ide<\/h2>\n<p>CANVAS SOLO est un produit de pointe destin\u00e9 aux syst\u00e8mes hi-fi modernes. Gr\u00e2ce \u00e0 son design \u00e9l\u00e9gant, il s'int\u00e8gre parfaitement \u00e0 l'environnement, qu'il s'agisse d'un appareil de t\u00e9l\u00e9vision ou d'un syst\u00e8me hi-fi \u00e0 part enti\u00e8re. Il peut \u00eatre plac\u00e9 sur une vitre, sur un mur ou sur une table. Cette grille frontale de taille moyenne, qui correspond \u00e0 celle du CANVAS 55\", permet de profiter pleinement de ce syst\u00e8me hi-fi.<\/p>\n<p><strong>Oplev en fantastisk lydoplevelse med CANVAS SOLO<br \/>\n<\/strong>L'amplificateur HiFi, CANVAS SOLO tilbyder, est plus que jamais d'actualit\u00e9. Pour que l'appareil fonctionne avec ou devant un t\u00e9l\u00e9viseur, les grilles des syst\u00e8mes audio traditionnels de CANVAS sont remplac\u00e9es par des grilles. Cet appareil permet \u00e9galement d'enregistrer des morceaux de musique en microsillon, de diffuser de la musique de chambre \u00e0 l'ext\u00e9rieur, d'utiliser la HiFi sur cette cha\u00eene ou d'\u00e9couter de la musique sur un \u00e9cran de t\u00e9l\u00e9vision.<\/p>\n<p><strong>Multifonctionnalit\u00e9<br \/>\n<\/strong>Le syst\u00e8me HiFi CANVAS SOLO est une solution id\u00e9ale pour les utilisateurs. Le syst\u00e8me permet de synchroniser les diff\u00e9rents appareils avec le t\u00e9l\u00e9phone et d'obtenir un niveau sonore harmonieux dans tous les domaines de la musique. Chaque \u00e9l\u00e9ment peut \u00e9galement \u00eatre plus puissant, ce qui lui conf\u00e8re une capacit\u00e9 de charge sup\u00e9rieure \u00e0 celle des syst\u00e8mes HiFi conventionnels.<\/p>","protected":false},"excerpt":{"rendered":"<p>CANVAS SOLO er mere end et produkt\u00a0\u2014\u00a0det er en innovativ id\u00e9 CANVAS SOLO er et \u00e6gte mesterv\u00e6rk inden for moderne HiFi-systemer. Med sit elegante sorte stofdesign passer det ind i enhver indretning, om det er som en udvidelse af din TV-oplevelse eller som et selvst\u00e6ndigt HiFi-musiksystem. Det kan h\u00e6nges p\u00e5 v\u00e6ggen, st\u00e5 p\u00e5 en hylde, [&hellip;]<\/p>\n","protected":false},"featured_media":4410,"template":"","meta":{"_acf_changed":false},"size":[574],"product_brand":[],"product_cat":[153],"product_tag":[102,99],"farve":[122],"maerker":[],"serier":[],"kampagne":[],"tempcat":[],"class_list":{"0":"post-936","1":"product","2":"type-product","3":"status-publish","4":"has-post-thumbnail","6":"size-574","7":"product_cat-canvas","8":"product_tag-canvas-solo","9":"product_tag-quickrequest","10":"product_shipping_class-free","11":"farve-sort","13":"first","14":"instock","15":"featured","16":"taxable","17":"shipping-taxable","18":"purchasable","19":"product-type-simple"},"acf":[],"_links":{"self":[{"href":"https:\/\/canvashifi.com\/fr\/wp-json\/wp\/v2\/product\/936","targetHints":{"allow":["GET"]}}],"collection":[{"href":"https:\/\/canvashifi.com\/fr\/wp-json\/wp\/v2\/product"}],"about":[{"href":"https:\/\/canvashifi.com\/fr\/wp-json\/wp\/v2\/types\/product"}],"wp:featuredmedia":[{"embeddable":true,"href":"https:\/\/canvashifi.com\/fr\/wp-json\/wp\/v2\/media\/4410"}],"wp:attachment":[{"href":"https:\/\/canvashifi.com\/fr\/wp-json\/wp\/v2\/media?parent=936"}],"wp:term":[{"taxonomy":"size","embeddable":true,"href":"https:\/\/canvashifi.com\/fr\/wp-json\/wp\/v2\/size?post=936"},{"taxonomy":"product_brand","embeddable":true,"href":"https:\/\/canvashifi.com\/fr\/wp-json\/wp\/v2\/product_brand?post=936"},{"taxonomy":"product_cat","embeddable":true,"href":"https:\/\/canvashifi.com\/fr\/wp-json\/wp\/v2\/product_cat?post=936"},{"taxonomy":"product_tag","embeddable":true,"href":"https:\/\/canvashifi.com\/fr\/wp-json\/wp\/v2\/product_tag?post=936"},{"taxonomy":"farve","embeddable":true,"href":"https:\/\/canvashifi.com\/fr\/wp-json\/wp\/v2\/farve?post=936"},{"taxonomy":"maerker","embeddable":true,"href":"https:\/\/canvashifi.com\/fr\/wp-json\/wp\/v2\/maerker?post=936"},{"taxonomy":"serie","embeddable":true,"href":"https:\/\/canvashifi.com\/fr\/wp-json\/wp\/v2\/serier?post=936"},{"taxonomy":"kampagne","embeddable":true,"href":"https:\/\/canvashifi.com\/fr\/wp-json\/wp\/v2\/kampagne?post=936"},{"taxonomy":"tempcat","embeddable":true,"href":"https:\/\/canvashifi.com\/fr\/wp-json\/wp\/v2\/tempcat?post=936"}],"curies":[{"name":"wp","href":"https:\/\/api.w.org\/{rel}","templated":true}]}}