{"id":951,"date":"2023-10-23T12:53:34","date_gmt":"2023-10-23T10:53:34","guid":{"rendered":"https:\/\/lbs.dk\/cnvshf\/produkt\/canvas-75-burnt-umber\/"},"modified":"2026-04-15T08:40:16","modified_gmt":"2026-04-15T06:40:16","slug":"canvas-75-burnt-umber","status":"publish","type":"product","link":"https:\/\/canvashifi.com\/fr\/products\/canvas-75-burnt-umber\/","title":{"rendered":"CANVAS 75\" Ombre br\u00fbl\u00e9e"},"content":{"rendered":"<h2>CANVAS est un simple produit fini\u00a0<span style=\"color: #70757a;font-family: arial, sans-serif;font-size: 14px\">-<\/span>\u00a0det er en innovativ ide<\/h2>\n<p>L'introduction de CANVAS 75\" marque une nouvelle \u00e8re dans le domaine des technologies de l'information et de la communication. Avec son raffinement\u00a0<em>terre d'ombre br\u00fbl\u00e9e<\/em>\u00a0front est un mod\u00e8le con\u00e7u pour apporter une touche d'\u00e9l\u00e9gance au rhum \u00e9th\u00e9r\u00e9, mais aussi pour faire des compromis avec la qualit\u00e9 de vie. Il s'agit d'une solution parfaite pour s'int\u00e9grer dans un meuble de grande taille. CANVAS 75\" est un m\u00e9lange id\u00e9al de forme et de fonction.<\/p>\n<p><strong>Panneau d'affichage en toile CANVAS<br \/>\n<\/strong>Gr\u00e2ce \u00e0 sa structure unique, CANVAS 75\" est \u00e9quip\u00e9 d'un syst\u00e8me de sonorisation de pointe, qui offre un niveau de son \u00e9lev\u00e9 et qui se rapproche des autres syst\u00e8mes de sonorisation. Les composants haut de gamme de SB Acoustics et un r\u00e9glage pr\u00e9cis de la tension permettent d'obtenir une tonalit\u00e9 et des d\u00e9tails optimaux gr\u00e2ce \u00e0 un r\u00e9glage pr\u00e9cis de la tension. Ce mod\u00e8le est id\u00e9al pour tous ceux qui recherchent un niveau d'\u00e9coute \u00e9lev\u00e9 pour un prix modique.<\/p>\n<p><strong>Rumkorrektion med BACCH 3D teknologi<br \/>\n<\/strong>Gr\u00e2ce \u00e0 sa correction intelligente des bruits et \u00e0 la technologie BACCH 3D, CANVAS 75\" est parfaitement adapt\u00e9 \u00e0 l'esth\u00e9tique de la maison, garantissant ainsi une lumi\u00e8re intense et d\u00e9taill\u00e9e, m\u00eame dans les endroits les plus difficiles d'acc\u00e8s. Ce mod\u00e8le est le r\u00e9sultat d'un travail de qualit\u00e9 et d'un design complet qui permet d'aller de l'avant.<\/p>\n<p><strong>Un am\u00e9nagement parfait pour tous les t\u00e9l\u00e9viseurs de 75 pouces<\/strong><br \/>\nDesignet af CANVAS 75\" med\u00a0<em>terre d'ombre br\u00fbl\u00e9e<\/em>\u00a0Le mod\u00e8le CANVAS 75\" a \u00e9t\u00e9 con\u00e7u pour compl\u00e9ter et am\u00e9liorer les t\u00e9l\u00e9viseurs de 75 pouces. Gr\u00e2ce \u00e0 sa conception universelle, ce mod\u00e8le garantit que, quel que soit le t\u00e9l\u00e9viseur 75\" que vous poss\u00e9dez, CANVAS 75\" int\u00e9grera tous les probl\u00e8mes et rem\u00e9diera \u00e0 l'insuffisance audiovisuelle. Vous obtiendrez ainsi une combinaison harmonieuse des qualit\u00e9s visuelles et auditives de votre t\u00e9l\u00e9viseur.<\/p>\n<p><strong>Le montage de la flamme - en place ou \u00e0 l'arr\u00eat<\/strong><br \/>\nCANVAS 75\" est dot\u00e9 d'un large pav\u00e9 en verre et d'une structure en acier, ce qui lui conf\u00e8re une grande libert\u00e9 d'action, m\u00eame si vous souhaitez int\u00e9grer un syst\u00e8me dans ce meuble. Pour que vous puissiez trouver une solution \u00e9l\u00e9gante et durable pour vos plats de rechange, ou une solution traditionnelle pour une simple surface de travail, CANVAS 75\" a \u00e9t\u00e9 con\u00e7u pour vous aider \u00e0 trouver des solutions \u00e0 vos probl\u00e8mes.\u00a0<em>terre d'ombre br\u00fbl\u00e9e<\/em>\u00a0avant alt, hvad du beh\u00f8ver for en personlig og stilfuld ops\u00e6tning. Gr\u00e2ce \u00e0 ces modules de montage flexibles, vous pouvez contr\u00f4ler votre niveau d'\u00e9clairage afin de r\u00e9duire votre consommation d'\u00e9nergie et, si vous le souhaitez, vous pouvez placer des modules de montage flexibles ou des modules de montage pour l'avant dans une autre pi\u00e8ce ou les placer dans une autre pi\u00e8ce de la t\u00e9l\u00e9vision.<\/p>\n<p>Voir la boutique en ligne internationale de CANVAS ici\u00a0<a title=\"CANVAS HiFi\" href=\"https:\/\/canvashifi.com\/fr\/\" target=\"_blank\" rel=\"noopener\">www.canvashifi.com<\/a><\/p>","protected":false},"excerpt":{"rendered":"<p>CANVAS er mere end et produkt\u00a0\u2014\u00a0det er en innovativ id\u00e9 Introduktionen af CANVAS 75\" markerer en ny \u00e6ra inden for kompakt og stilfuld\u00a0lydteknologi. Med sin raffinerede\u00a0burnt umber\u00a0front er denne model designet til at tilf\u00f8re et touch af elegance til ethvert rum, uden at g\u00e5 p\u00e5 kompromis med lydkvaliteten. Falder perfekt ind i indretningen i en [&hellip;]<\/p>\n","protected":false},"featured_media":4285,"template":"","meta":{"_acf_changed":false},"size":[576],"product_brand":[],"product_cat":[153],"product_tag":[105,99],"farve":[120],"maerker":[],"serier":[],"kampagne":[],"tempcat":[],"class_list":{"0":"post-951","1":"product","2":"type-product","3":"status-publish","4":"has-post-thumbnail","6":"size-576","7":"product_cat-canvas","8":"product_tag-canvas-75","9":"product_tag-quickrequest","10":"product_shipping_class-free","11":"farve-roed","13":"first","14":"instock","15":"taxable","16":"shipping-taxable","17":"purchasable","18":"product-type-simple"},"acf":[],"_links":{"self":[{"href":"https:\/\/canvashifi.com\/fr\/wp-json\/wp\/v2\/product\/951","targetHints":{"allow":["GET"]}}],"collection":[{"href":"https:\/\/canvashifi.com\/fr\/wp-json\/wp\/v2\/product"}],"about":[{"href":"https:\/\/canvashifi.com\/fr\/wp-json\/wp\/v2\/types\/product"}],"wp:featuredmedia":[{"embeddable":true,"href":"https:\/\/canvashifi.com\/fr\/wp-json\/wp\/v2\/media\/4285"}],"wp:attachment":[{"href":"https:\/\/canvashifi.com\/fr\/wp-json\/wp\/v2\/media?parent=951"}],"wp:term":[{"taxonomy":"size","embeddable":true,"href":"https:\/\/canvashifi.com\/fr\/wp-json\/wp\/v2\/size?post=951"},{"taxonomy":"product_brand","embeddable":true,"href":"https:\/\/canvashifi.com\/fr\/wp-json\/wp\/v2\/product_brand?post=951"},{"taxonomy":"product_cat","embeddable":true,"href":"https:\/\/canvashifi.com\/fr\/wp-json\/wp\/v2\/product_cat?post=951"},{"taxonomy":"product_tag","embeddable":true,"href":"https:\/\/canvashifi.com\/fr\/wp-json\/wp\/v2\/product_tag?post=951"},{"taxonomy":"farve","embeddable":true,"href":"https:\/\/canvashifi.com\/fr\/wp-json\/wp\/v2\/farve?post=951"},{"taxonomy":"maerker","embeddable":true,"href":"https:\/\/canvashifi.com\/fr\/wp-json\/wp\/v2\/maerker?post=951"},{"taxonomy":"serie","embeddable":true,"href":"https:\/\/canvashifi.com\/fr\/wp-json\/wp\/v2\/serier?post=951"},{"taxonomy":"kampagne","embeddable":true,"href":"https:\/\/canvashifi.com\/fr\/wp-json\/wp\/v2\/kampagne?post=951"},{"taxonomy":"tempcat","embeddable":true,"href":"https:\/\/canvashifi.com\/fr\/wp-json\/wp\/v2\/tempcat?post=951"}],"curies":[{"name":"wp","href":"https:\/\/api.w.org\/{rel}","templated":true}]}}