{"id":8997,"date":"2026-03-02T14:51:06","date_gmt":"2026-03-02T13:51:06","guid":{"rendered":"https:\/\/canvashifi.com\/?page_id=8997"},"modified":"2026-03-02T15:11:12","modified_gmt":"2026-03-02T14:11:12","slug":"canvas-firmware-update","status":"publish","type":"page","link":"https:\/\/canvashifi.com\/nl\/canvas-firmware-update\/","title":{"rendered":"CANVAS Firmware-update"},"content":{"rendered":"<section id=\"hero-block_59b7f8ae3d403602e9d81c1659a090d2\" class=\"hero h-height-xs h-mheight-xl c_width_l heading_xl\" style=\"--txt-color: rgb(10,10,10); --bg-color: #bcbdc0; --overlay-opacity: 0%\">\n        \n        <div class=\"hero__overlay\"><\/div>\n\n        <div class=\"ct-section-inner-wrap hero__content c-position_mc a_txt_center\">\n                            <div class=\"element__subheading\">Firmware bijwerken<\/div>\n                                        <h1 class=\"element__heading\"><p>WAT IS NIEUW?<\/p>\n<\/h1>\n            \n            \n                    <\/div>\n    <\/section>\n    \n\n\t<section id=\"text-media-block_ca9156bb599f2a262796d356d01babac\" class=\"text-media heading_s medie-right media-6-cols\" style=\"--txt-color: #000000; --bg-color: #FFFFFF\">\n\t\t<div class=\"text-media__inner a_txt_left text_first  ct-section-inner-wrap\">\n\t\t\t<div class=\"text-media__text\" style=\"grid-column: span 6\">\n\t\t\t\t\t\t\t\t\t<h3 class=\"element__heading\">Organic Master Tuning - Een nieuwe manier om CANVAS te ervaren<\/h3>\n\t\t\t\t\n\t\t\t\t\t\t\t\t\t<div class=\"element__text\"><p>Met Organic Master Tuning kun je schakelen tussen:<\/p>\n<p><strong>Neutrale Masterafstemming<\/strong><br \/>\nGemaakt in een echovrije kamer voor maximale akoestische precisie.<\/p>\n<p>Organische Masterafstemming<br \/>\nOntworpen in echte luisteromgevingen om de typische akoestiek in huis te evenaren en een meeslepende geluidservaring te cre\u00ebren.<br \/>\nDeze functie maakt de CANVAS geschikt voor zowel referentiebeluistering als alledaagse leefruimten.<\/p>\n<\/div>\n\t\t\t\t\n\t\t\t\t\t\t\t<\/div>\n\n\t\t\t<div class=\"text-media__media\" style=\"grid-column: span 6\">\n\t\t\t\t\t\t\t\t\t<img decoding=\"async\" src=\"https:\/\/6kutttnx.photoncache.com\/wp-content\/uploads\/sites\/5\/2026\/03\/Billeder-1024x768.jpg\" alt=\"\" \/>\n\t\t\t\t\t\t\t<\/div>\n\t\t<\/div>\n\t<\/section>\n\t\n\n\t<section id=\"text-media-block_fb77dea38f0f31810f28a59436aaa00b\" class=\"text-media heading_s medie-left media-6-cols\" style=\"--txt-color: #000000; --bg-color: #FFFFFF\">\n\t\t<div class=\"text-media__inner a_txt_left text_first  ct-section-inner-wrap\">\n\t\t\t<div class=\"text-media__text\" style=\"grid-column: span 6\">\n\t\t\t\t\t\t\t\t\t<h3 class=\"element__heading\">Verbeterde geluidsoptimalisatie voor alle voorroosters<\/h3>\n\t\t\t\t\n\t\t\t\t\t\t\t\t\t<div class=\"element__text\"><p>Elk CANVAS-rooster vooraan (Normale afdekking, Design-afdekking, Hout-afdekking) be\u00efnvloedt de akoestische prestaties.<\/p>\n<p><strong>De bijgewerkte CANVAS App bevat nu:<\/strong><\/p>\n<li>Individuele geluidsprofielen per rooster<\/li>\n<li>Automatische akoestische optimalisatie<\/li>\n<li>Naadloos schakelen tussen profielen<\/li>\n<p>Dit zorgt voor optimale prestaties, ongeacht de configuratie.<\/p>\n<\/div>\n\t\t\t\t\n\t\t\t\t\t\t\t<\/div>\n\n\t\t\t<div class=\"text-media__media\" style=\"grid-column: span 6\">\n\t\t\t\t\t\t\t\t\t<img decoding=\"async\" src=\"https:\/\/6kutttnx.photoncache.com\/wp-content\/uploads\/sites\/5\/2026\/03\/Billeder2-1024x768.jpg\" alt=\"\" \/>\n\t\t\t\t\t\t\t<\/div>\n\t\t<\/div>\n\t<\/section>\n\t\n\n\t<section id=\"text-media-block_a20f59e7d8a80b9c4f5ed51401172db0\" class=\"text-media heading_m medie-right media-6-cols\" style=\"--txt-color: #000000; --bg-color: #FFFFFF\">\n\t\t<div class=\"text-media__inner a_txt_right text_first  ct-section-inner-wrap\">\n\t\t\t<div class=\"text-media__text\" style=\"grid-column: span 6\">\n\t\t\t\t\t\t\t\t\t<h3 class=\"element__heading\">Luidheid AAN \/ UIT<\/h3>\n\t\t\t\t\n\t\t\t\t\t\t\t\t\t<div class=\"element__text\"><p>De app biedt nu de optie om<br \/>\nLuidheid aan of uit.<\/p>\n<p>Dit is vooral handig als je films bekijkt met een laag volume, omdat het uitschakelen van Organic Master Tuning Sound Optimizations Loudness de spraakhelderheid aanzienlijk verbetert.<\/p>\n<\/div>\n\t\t\t\t\n\t\t\t\t\t\t\t<\/div>\n\n\t\t\t<div class=\"text-media__media\" style=\"grid-column: span 6\">\n\t\t\t\t\t\t\t\t\t<img decoding=\"async\" src=\"https:\/\/6kutttnx.photoncache.com\/wp-content\/uploads\/sites\/5\/2026\/03\/Billeder3-1024x768.jpg\" alt=\"\" \/>\n\t\t\t\t\t\t\t<\/div>\n\t\t<\/div>\n\t<\/section>\n\t\n\n    <section id=\"hero-block_9d8fa239409e8b31b637643c04c8f0f7\" class=\"hero h-height-xs h-mheight-l c_width_full heading_l\" style=\"--txt-color: rgb(10,10,10); --bg-color: #bcbdc0; --overlay-opacity: 0%\">\n        \n        <div class=\"hero__overlay\"><\/div>\n\n        <div class=\"ct-section-inner-wrap hero__content c-position_mc a_txt_center\">\n                                        <h3 class=\"element__heading\"><p>BACCH 3D PLUS<\/p>\n<\/h3>\n            \n                            <div class=\"element__text content-size-content_s\">\n                    <p>Een verbeterde versie met een nog betere geluidskwaliteit en kanaalscheiding, wat een nog groter geluidsbeeld oplevert dan voorheen. <\/p>\n                <\/div>\n            \n                    <\/div>\n    <\/section>\n    \n\n\t<section id=\"text-media-block_5227fff635a962e3e11000ad38f2a9b4\" class=\"text-media heading_m medie-right media-6-cols\" style=\"--txt-color: #000000; --bg-color: #FFFFFF\">\n\t\t<div class=\"text-media__inner a_txt_left text_first  ct-section-inner-wrap\">\n\t\t\t<div class=\"text-media__text\" style=\"grid-column: span 6\">\n\t\t\t\t\t\t\t\t\t<h3 class=\"element__heading\">FUNCTIONALITEIT DIE KLAAR IS VOOR ROON<\/h3>\n\t\t\t\t\n\t\t\t\t\t\t\t\t\t<div class=\"element__text\"><p>Gebruikers van ROON kunnen nu de CANVAS toevoegen aan hun lijst van apparaten die worden aangestuurd door de elegante ROON App, met volledige ondersteuning voor Hi-Res content.<\/p>\n<\/div>\n\t\t\t\t\n\t\t\t\t\t\t\t<\/div>\n\n\t\t\t<div class=\"text-media__media\" style=\"grid-column: span 6\">\n\t\t\t\t\t\t\t\t\t<img decoding=\"async\" src=\"https:\/\/6kutttnx.photoncache.com\/wp-content\/uploads\/sites\/5\/2026\/03\/Billeder4-1024x768.jpg\" alt=\"\" \/>\n\t\t\t\t\t\t\t<\/div>\n\t\t<\/div>\n\t<\/section>\n\t\n\n\t<section id=\"text-media-block_1b055a41b77c72e44d082eccb9701e26\" class=\"text-media heading_m medie-left media-6-cols\" style=\"--txt-color: #000000; --bg-color: #FFFFFF\">\n\t\t<div class=\"text-media__inner a_txt_right text_first  ct-section-inner-wrap\">\n\t\t\t<div class=\"text-media__text\" style=\"grid-column: span 6\">\n\t\t\t\t\t\t\t\t\t<h3 class=\"element__heading\">OPTISCHE INGANG<\/h3>\n\t\t\t\t\n\t\t\t\t\t\t\t\t\t<div class=\"element__text\"><p>Nu volgt de instelling AUX \u201cFixed \/ Variable\u201d, zodat u kunt kiezen tussen het gebruik van de volumeregeling in de CANVAS of de aangesloten apparatuur. <\/p>\n<p>Dit is een geweldige functie als je CANVAS combineert met een Surround processor.<\/p>\n<\/div>\n\t\t\t\t\n\t\t\t\t\t\t\t<\/div>\n\n\t\t\t<div class=\"text-media__media\" style=\"grid-column: span 6\">\n\t\t\t\t\t\t\t\t\t<img decoding=\"async\" src=\"https:\/\/6kutttnx.photoncache.com\/wp-content\/uploads\/sites\/5\/2026\/03\/Billeder5-1024x768.jpg\" alt=\"\" \/>\n\t\t\t\t\t\t\t<\/div>\n\t\t<\/div>\n\t<\/section>\n\t\n\n    <section id=\"hero-block_5a3889eba34e25087b9165e3a47f6536\" class=\"hero h-height-xs h-mheight-l c_width_full heading_xl\" style=\"--txt-color: rgb(10,10,10); --bg-color: #bcbdc0; --overlay-opacity: 0%\">\n        \n        <div class=\"hero__overlay\"><\/div>\n\n        <div class=\"ct-section-inner-wrap hero__content c-position_mc a_txt_center\">\n                                        <h3 class=\"element__heading\"><p>VERBETERDE AUTOMATISCHE INGANGSSCHAKELING<\/p>\n<\/h3>\n            \n                            <div class=\"element__text content-size-content_s\">\n                    <p>Nu met slechts \u00e9\u00e9n seconde vertraging wanneer een signaal wordt gedetecteerd, waardoor het ideaal is voor mensen die de CANVAS gebruiken als middenluidspreker in een<br \/>\nhome cinema-opstelling. <\/p>\n<p>De prioriteitsvolgorde voor automatische ingangsschakeling is herzien om beter aan te sluiten bij echte scenario's. <\/p>\n<p>Het is nu mogelijk om muziek te streamen terwijl de TV aan staat.<\/p>\n                <\/div>\n            \n                    <\/div>\n    <\/section>\n    \n\n\t<section id=\"text-media-block_a37033aaef1aa74284f49004b0b021da\" class=\"text-media heading_m medie-right media-6-cols\" style=\"--txt-color: #000000; --bg-color: #FFFFFF\">\n\t\t<div class=\"text-media__inner a_txt_left text_first  ct-section-inner-wrap\">\n\t\t\t<div class=\"text-media__text\" style=\"grid-column: span 6\">\n\t\t\t\t\t\t\t\t\t<h3 class=\"element__heading\">EENVOUDIGER TOEGANG IN DE APP<\/h3>\n\t\t\t\t\n\t\t\t\t\t\t\t\t\t<div class=\"element__text\"><p>De nieuwe app onthoudt welke unit de laatste keer was aangesloten, wat betekent dat het niet langer nodig is om de CANVAS unit te kiezen elke keer dat de app wordt geopend.<\/p>\n<\/div>\n\t\t\t\t\n\t\t\t\t\t\t\t<\/div>\n\n\t\t\t<div class=\"text-media__media\" style=\"grid-column: span 6\">\n\t\t\t\t\t\t\t\t\t<img decoding=\"async\" src=\"https:\/\/6kutttnx.photoncache.com\/wp-content\/uploads\/sites\/5\/2026\/03\/Billeder6-1024x768.jpg\" alt=\"\" \/>\n\t\t\t\t\t\t\t<\/div>\n\t\t<\/div>\n\t<\/section>\n\t\n\n\t<section id=\"text-media-block_1dc6042ead3ea1bd1161aa0ec0ecb889\" class=\"text-media heading_m medie-left media-6-cols\" style=\"--txt-color: #000000; --bg-color: #FFFFFF\">\n\t\t<div class=\"text-media__inner a_txt_right text_first  ct-section-inner-wrap\">\n\t\t\t<div class=\"text-media__text\" style=\"grid-column: span 6\">\n\t\t\t\t\t\t\t\t\t<h3 class=\"element__heading\">DE INSTALLATIEGIDS<\/h3>\n\t\t\t\t\n\t\t\t\t\t\t\t\t\t<div class=\"element__text\"><p>Een gloednieuwe installatiegids leidt je op een eenvoudige en intu\u00eftieve manier stap voor stap door het installatieproces. Er is \u00e9\u00e9n installatiegids voor alle apparaten, zodat het installatieproces zo eenvoudig mogelijk is.<\/p>\n<p><strong>- VERBETERDE RUIMTECORRECTIE:<\/strong><br \/>\nBij het starten van de kamerkalibratiefunctie is er keuze uit 3 verschillende kamergrootteklassen, wat resulteert in een nog effici\u00ebntere kamercorrectie.<\/p>\n<\/div>\n\t\t\t\t\n\t\t\t\t\t\t\t<\/div>\n\n\t\t\t<div class=\"text-media__media\" style=\"grid-column: span 6\">\n\t\t\t\t\t\t\t\t\t<img decoding=\"async\" src=\"https:\/\/6kutttnx.photoncache.com\/wp-content\/uploads\/sites\/5\/2026\/03\/Billeder7-1024x768.jpg\" alt=\"\" \/>\n\t\t\t\t\t\t\t<\/div>\n\t\t<\/div>\n\t<\/section>\n\t\n\n\t<section id=\"text-media-block_98142b32b57eeb1243512bbe4cc910f6\" class=\"text-media heading_m medie-right media-6-cols\" style=\"--txt-color: #000000; --bg-color: #FFFFFF\">\n\t\t<div class=\"text-media__inner a_txt_right text_first  ct-section-inner-wrap\">\n\t\t\t<div class=\"text-media__text\" style=\"grid-column: span 6\">\n\t\t\t\t\t\t\t\t\t<h3 class=\"element__heading\">GOOGLE CAST<\/h3>\n\t\t\t\t\n\t\t\t\t\t\t\t\t\t<div class=\"element__text\"><p>Nu standaard uitgeschakeld. Als deze optie is ingeschakeld, wordt het netwerk constant afgezocht naar CAST-apparaten, waardoor het netwerk en de interne systemen zwaarder worden belast.<br \/>\nprocessor. <\/p>\n<p>In plaats daarvan moet de Google Cast-functionaliteit apart worden geactiveerd.<\/p>\n<\/div>\n\t\t\t\t\n\t\t\t\t\t\t\t<\/div>\n\n\t\t\t<div class=\"text-media__media\" style=\"grid-column: span 6\">\n\t\t\t\t\t\t\t\t\t<img decoding=\"async\" src=\"https:\/\/6kutttnx.photoncache.com\/wp-content\/uploads\/sites\/5\/2026\/03\/Billeder8-1024x768.jpg\" alt=\"\" \/>\n\t\t\t\t\t\t\t<\/div>\n\t\t<\/div>\n\t<\/section>\n\t\n\n    <section id=\"hero-block_d99e16f9d45cb8f47532e1898388151a\" class=\"hero h-height-xs h-mheight-l c_width_full heading_xl\" style=\"--txt-color: rgb(10,10,10); --bg-color: #bcbdc0; --overlay-opacity: 0%\">\n        \n        <div class=\"hero__overlay\"><\/div>\n\n        <div class=\"ct-section-inner-wrap hero__content c-position_mc a_txt_center\">\n                                        <h2 class=\"element__heading\"><p>ONDERSTEUNING VOOR AFSTANDSBEDIENING<\/p>\n<\/h2>\n            \n                            <div class=\"element__text content-size-content_s\">\n                    <p>CANVAS ondersteunt nu integratie van afstandsbedieningen, waardoor je belangrijke functies rechtstreeks kunt bedienen met een compatibele afstandsbediening.<\/p>\n                <\/div>\n            \n                    <\/div>\n    <\/section>\n    \n\n\t<section id=\"text-media-block_cc4523217815433756a7e230f82c315a\" class=\"text-media heading_s medie-left media-6-cols\" style=\"--txt-color: #000000; --bg-color: #FFFFFF\">\n\t\t<div class=\"text-media__inner a_txt_left text_first  ct-section-inner-wrap\">\n\t\t\t<div class=\"text-media__text\" style=\"grid-column: span 6\">\n\t\t\t\t\t\t\t\t\t<h3 class=\"element__heading\">FABRIEKSRESET<\/h3>\n\t\t\t\t\n\t\t\t\t\t\t\t\t\t<div class=\"element__text\"><p>Kan nu worden uitgevoerd vanuit Stand-by, wat het gebruik van deze functie vereenvoudigt.<\/p>\n<\/div>\n\t\t\t\t\n\t\t\t\t\t\t\t<\/div>\n\n\t\t\t<div class=\"text-media__media\" style=\"grid-column: span 6\">\n\t\t\t\t\t\t\t\t\t<img decoding=\"async\" src=\"https:\/\/6kutttnx.photoncache.com\/wp-content\/uploads\/sites\/5\/2026\/03\/Billeder9-1024x768.jpg\" alt=\"\" \/>\n\t\t\t\t\t\t\t<\/div>\n\t\t<\/div>\n\t<\/section>","protected":false},"excerpt":{"rendered":"","protected":false},"author":1334,"featured_media":0,"parent":0,"menu_order":0,"comment_status":"closed","ping_status":"closed","template":"","meta":{"_acf_changed":false,"footnotes":""},"class_list":["post-8997","page","type-page","status-publish","hentry"],"acf":[],"_links":{"self":[{"href":"https:\/\/canvashifi.com\/nl\/wp-json\/wp\/v2\/pages\/8997","targetHints":{"allow":["GET"]}}],"collection":[{"href":"https:\/\/canvashifi.com\/nl\/wp-json\/wp\/v2\/pages"}],"about":[{"href":"https:\/\/canvashifi.com\/nl\/wp-json\/wp\/v2\/types\/page"}],"author":[{"embeddable":true,"href":"https:\/\/canvashifi.com\/nl\/wp-json\/wp\/v2\/users\/1334"}],"replies":[{"embeddable":true,"href":"https:\/\/canvashifi.com\/nl\/wp-json\/wp\/v2\/comments?post=8997"}],"version-history":[{"count":0,"href":"https:\/\/canvashifi.com\/nl\/wp-json\/wp\/v2\/pages\/8997\/revisions"}],"wp:attachment":[{"href":"https:\/\/canvashifi.com\/nl\/wp-json\/wp\/v2\/media?parent=8997"}],"curies":[{"name":"wp","href":"https:\/\/api.w.org\/{rel}","templated":true}]}}