{"id":1595,"date":"2024-10-21T09:46:04","date_gmt":"2024-10-21T07:46:04","guid":{"rendered":"https:\/\/lbs.dk\/cnvshf\/?page_id=1595"},"modified":"2025-01-30T11:23:25","modified_gmt":"2025-01-30T10:23:25","slug":"faq","status":"publish","type":"page","link":"https:\/\/canvashifi.com\/no\/support\/faq\/","title":{"rendered":"VANLIGE SP\u00d8RSM\u00c5L"},"content":{"rendered":"<div class=\"wp-block-group ct-section ct-section-inner-wrap\"><div class=\"wp-block-group__inner-container is-layout-constrained wp-block-group-is-layout-constrained\">\n<div class=\"wp-block-columns is-layout-flex wp-container-core-columns-is-layout-9d6595d7 wp-block-columns-is-layout-flex\">\n<div class=\"wp-block-column is-layout-flow wp-block-column-is-layout-flow\">\n<p><strong>Finn svaret ditt<\/strong><\/p>\n\n\n\n<h1 class=\"wp-block-heading\">VANLIGE SP\u00d8RSM\u00c5L<\/h1>\n\n\n\n<p>Velkommen til CANVAS FAQ-seksjon, der vi tar for oss vanlige sp\u00f8rsm\u00e5l og gir deg svar som kan hjelpe deg med \u00e5 navigere i din opplevelse med CANVAS HiFi-produkter. Hvis du har spesifikke sp\u00f8rsm\u00e5l eller trenger ytterligere hjelp, er du velkommen til \u00e5 ta kontakt med v\u00e5rt dedikerte supportteam.<\/p>\n<\/div>\n\n\n\n<div class=\"wp-block-column is-layout-flow wp-block-column-is-layout-flow\"><div id=\"block_d9348e9868602d53131565d744af8048\" class=\"canvas_specifications_acc col_rounded\" style=\"background-color:rgb(255,255,255)\">\t\t\t\t\t\t<div class=\"canvas_spec_item\">\n\t\t\t\t\t\t\t<div class=\"canvas_spec_item_label\">\n\t\t\t\t\t\t\t\t<div class=\"accLabel\">Hvordan installerer jeg CANVAS HiFi?<\/div><span class=\"canvas_spec_trigger\"><img decoding=\"async\" src=\"https:\/\/lbs.dk\/wp-content\/plugins\/lbs-base\/assets\/images\/chevron-down.svg\"><\/span>\t\t\t\t\t\t\t<\/div>\n\t\t\t\t\t\t\t<div class=\"canvas_spec_item_value\">\n\t\t\t\t\t\t\t\t<p>Du finner brukerh\u00e5ndboken v\u00e5r b\u00e5de i skriftlig format og som en trinnvis\u00a0<a title=\"Brukerh\u00e5ndbok\" href=\"\/no\/support\/user-manual\/\"><strong>veiledningsvideo her.<\/strong><\/a><\/p>\n\t\t\t\t\t\t\t<\/div>\n\t\t\t\t\t\t<\/div>\n\t\t\t\t\t\t\t\t\t\t\t<div class=\"canvas_spec_item\">\n\t\t\t\t\t\t\t<div class=\"canvas_spec_item_label\">\n\t\t\t\t\t\t\t\t<div class=\"accLabel\">Kan CANVAS brukes med alle TV-st\u00f8rrelser?<\/div><span class=\"canvas_spec_trigger\"><img decoding=\"async\" src=\"https:\/\/lbs.dk\/wp-content\/plugins\/lbs-base\/assets\/images\/chevron-down.svg\"><\/span>\t\t\t\t\t\t\t<\/div>\n\t\t\t\t\t\t\t<div class=\"canvas_spec_item_value\">\n\t\t\t\t\t\t\t\t<p>Ja, CANVAS kan brukes med alle TV-st\u00f8rrelser, men du oppn\u00e5r det beste designresultatet\nmed\u00a0<strong>55\"<\/strong>,\u00a0<strong>65\"<\/strong>,\u00a0<strong>75\",<\/strong>\u00a0<strong>77\", 83\" <\/strong>eller <strong>85\"<\/strong> hvis du bestiller CANVAS som passer perfekt til\nst\u00f8rrelsen. For alle andre st\u00f8rrelser anbefaler vi at kundene henger CANVAS under TV-en eller p\u00e5 en hylle, akkurat som man normalt ville gjort med en lydplanke.<\/p>\n\t\t\t\t\t\t\t<\/div>\n\t\t\t\t\t\t<\/div>\n\t\t\t\t\t\t\t\t\t\t\t<div class=\"canvas_spec_item\">\n\t\t\t\t\t\t\t<div class=\"canvas_spec_item_label\">\n\t\t\t\t\t\t\t\t<div class=\"accLabel\">Kan alle TV-er monteres p\u00e5 CANVAS?<\/div><span class=\"canvas_spec_trigger\"><img decoding=\"async\" src=\"https:\/\/lbs.dk\/wp-content\/plugins\/lbs-base\/assets\/images\/chevron-down.svg\"><\/span>\t\t\t\t\t\t\t<\/div>\n\t\t\t\t\t\t\t<div class=\"canvas_spec_item_value\">\n\t\t\t\t\t\t\t\t<p>Ja, alle flatskjerm-TV-er kan monteres p\u00e5 CANVAS, men n\u00e5r det gjelder design, vil st\u00f8rrelsene <strong>55\"<\/strong>,\u00a0<strong>65\"<\/strong>,\u00a0<strong>75\",<\/strong>\u00a0<strong>77\", 83\" <\/strong>eller <strong>85\"<\/strong> v\u00e6re de som passer best. Den medf\u00f8lgende universalbraketten sikrer ikke bare at du kan bruke din n\u00e5v\u00e6rende TV, men brakettens fleksibilitet sikrer ogs\u00e5 at CANVAS passer til en nyere TV hvis du bestemmer deg for \u00e5 oppgradere TV-en din. Hvis du velger en st\u00f8rre TV n\u00e5r du oppgraderer, kan CANVAS ogs\u00e5 tilpasses designet ved \u00e5 legge til en st\u00f8rre front.<\/p>\n\t\t\t\t\t\t\t<\/div>\n\t\t\t\t\t\t<\/div>\n\t\t\t\t\t\t\t\t\t\t\t<div class=\"canvas_spec_item\">\n\t\t\t\t\t\t\t<div class=\"canvas_spec_item_label\">\n\t\t\t\t\t\t\t\t<div class=\"accLabel\">Kan CANVAS brukes uten TV?<\/div><span class=\"canvas_spec_trigger\"><img decoding=\"async\" src=\"https:\/\/lbs.dk\/wp-content\/plugins\/lbs-base\/assets\/images\/chevron-down.svg\"><\/span>\t\t\t\t\t\t\t<\/div>\n\t\t\t\t\t\t\t<div class=\"canvas_spec_item_value\">\n\t\t\t\t\t\t\t\t<p>Ja, CANVAS kan brukes n\u00e5r TV-en er sl\u00e5tt av eller uten TV som et HiFi-musikkanlegg som st\u00e5r p\u00e5 en hylle eller henger p\u00e5 veggen.<\/p>\n<p>N\u00e5r TV-en er sl\u00e5tt av, eller hvis ingen TV er tilkoblet i det hele tatt, m\u00e5 CANVAS betjenes med nettbrettet, datamaskinen eller smarttelefonen, hvor du har ubegrenset tilgang til favorittmusikken din eller annen underholdning.<\/p>\n\t\t\t\t\t\t\t<\/div>\n\t\t\t\t\t\t<\/div>\n\t\t\t\t\t\t\t\t\t\t\t<div class=\"canvas_spec_item\">\n\t\t\t\t\t\t\t<div class=\"canvas_spec_item_label\">\n\t\t\t\t\t\t\t\t<div class=\"accLabel\">Hva er deres retningslinjer for frakt?<\/div><span class=\"canvas_spec_trigger\"><img decoding=\"async\" src=\"https:\/\/lbs.dk\/wp-content\/plugins\/lbs-base\/assets\/images\/chevron-down.svg\"><\/span>\t\t\t\t\t\t\t<\/div>\n\t\t\t\t\t\t\t<div class=\"canvas_spec_item_value\">\n\t\t\t\t\t\t\t\t<p>N\u00e5r du bestiller et CANVAS-produkt, dekker vi fraktkostnadene (for bestillinger over 2000 euro), importavgifter, forsikring og alle skatter og avgifter - i praksis alle utgifter helt frem til d\u00f8ren din. Denne enkelheten sikrer at du kan v\u00e6re trygg p\u00e5 at det ikke vil p\u00e5l\u00f8pe ekstra kostnader ved import av produktene v\u00e5re.<\/p>\n<p>Det finnes ett unntak fra dette. Vi dekker ikke gebyrer for kreditt-\/debetkort. Vi anbefaler Visa fremfor Mastercard, da det er billigere i utenlandske transaksjonsgebyrer.<\/p>\n<p>&nbsp;<\/p>\n<h5>Hvordan fungerer dette?<\/h5>\n<p>Innenfor EU og USA vil det v\u00e6re akkurat som \u00e5 kj\u00f8pe noe annet fra en nettbutikk som ligger i ditt land, ettersom vi har lagre i disse regionene. Utenfor EU og USA vil du f\u00e5 en importregning, inkludert eventuelle lokale avgifter i ditt land. Du m\u00e5 betale denne regningen ettersom produktet importeres i ditt navn.Dette er en standardprosedyre, men vi tilbyr \u00e5 dekke denne importregningen for deg. Send oss en e-post til\u00a0<a title=\"hello@canvashifi.com\" href=\"mailto:hello@canvashifi.com\">hello@canvashifi.com<\/a>\u00a0med bestillingsnummeret ditt og legg ved et bilde av importregningen. Vi refunderer deretter den tilsvarende kostnaden direkte til kortet du brukte ved kj\u00f8pet.<\/p>\n<p><a title=\"Skatter \/ merverdiavgift\" href=\"\/no\/support\/taxes-vat\/\"><strong>Les mer<\/strong><\/a><\/p>\n\t\t\t\t\t\t\t<\/div>\n\t\t\t\t\t\t<\/div>\n\t\t\t\t\t\t\t\t\t\t\t<div class=\"canvas_spec_item\">\n\t\t\t\t\t\t\t<div class=\"canvas_spec_item_label\">\n\t\t\t\t\t\t\t\t<div class=\"accLabel\">Hva om jeg ikke liker produktet?<\/div><span class=\"canvas_spec_trigger\"><img decoding=\"async\" src=\"https:\/\/lbs.dk\/wp-content\/plugins\/lbs-base\/assets\/images\/chevron-down.svg\"><\/span>\t\t\t\t\t\t\t<\/div>\n\t\t\t\t\t\t\t<div class=\"canvas_spec_item_value\">\n\t\t\t\t\t\t\t\t<h5>Returprosessen<\/h5>\n<p>Selv om vi er trygge p\u00e5 CANVAS, forst\u00e5r vi at ikke alt passer for alle. Hvis du f\u00f8ler at CANVAS ikke er noe for deg, er det f\u00f8rste du m\u00e5 gj\u00f8re \u00e5 sende en e-post innen 30 dager etter at du har mottatt produktene til <a href=\"mailto:hello@canvashifi.com\">hello@canvashifi.com<\/a> og informere oss om at du \u00f8nsker \u00e5 returnere kj\u00f8pet ditt. Husk \u00e5 oppgi \u00e5rsaken til dette. Det er sv\u00e6rt viktig at du pakker CANVAS n\u00f8yaktig slik du mottok den i den originale forsendelsesesken. Kort tid etter vil vi svare p\u00e5 foresp\u00f8rselen din. Du f\u00e5r tilsendt en forh\u00e5ndsbetalt fraktetikett p\u00e5 e-post, som du teiper p\u00e5 esken og leverer den til en UPS-butikk i n\u00e6rheten av deg. I de fleste land kan henting ogs\u00e5 ordnes p\u00e5 en \u00f8nsket dato, men det krever at du er hjemme hele dagen.<\/p>\n<p translate=\"no\">Vent til produktet lander p\u00e5 en CANVAS-godkjent destinasjon. Denne prosessen tar vanligvis mellom 3 og 10 virkedager. Det kommer helt an p\u00e5 hvor produktet kommer fra. N\u00e5r produktet ankommer, inspiserer vi det for \u00e5 forsikre oss om at alt originalmateriellet er med og at det er i ny stand. Hvis alt ser bra ut, noe det nesten alltid gj\u00f8r, kontakter vi deg og gir deg beskjed om at produktet er mottatt og at refusjonen er under behandling. V\u00e5r erfaring viser at det vanligvis tar mellom 7 og 10 dager f\u00f8r pengene er tilbake p\u00e5 kontoen din. Returgebyret p\u00e5 100 \u20ac \/ 200 \u20ac trekkes fra bel\u00f8pet som skal refunderes. Returgebyret er per produkt som sendes.<\/p>\n<p>Hvis du har blitt belastet med importavgifter p\u00e5 de leverte produktene, er du ansvarlig for \u00e5 kreve refusjon fra den transport\u00f8ren som belastet deg (DHL, FedEx, TNT, UPS).<\/p>\n\t\t\t\t\t\t\t<\/div>\n\t\t\t\t\t\t<\/div>\n\t\t\t\t\t\t\t\t\t\t\t<div class=\"canvas_spec_item\">\n\t\t\t\t\t\t\t<div class=\"canvas_spec_item_label\">\n\t\t\t\t\t\t\t\t<div class=\"accLabel\">V\u00e5re retningslinjer for garanti<\/div><span class=\"canvas_spec_trigger\"><img decoding=\"async\" src=\"https:\/\/lbs.dk\/wp-content\/plugins\/lbs-base\/assets\/images\/chevron-down.svg\"><\/span>\t\t\t\t\t\t\t<\/div>\n\t\t\t\t\t\t\t<div class=\"canvas_spec_item_value\">\n\t\t\t\t\t\t\t\t<ul>\n<li>CANVAS gir 3 \u00e5rs utvidet garanti p\u00e5 alle solgte produkter.<\/li>\n<li>Garantien dekker produksjonsfeil, som inkluderer reservedeler og arbeid.<\/li>\n<li>Garantien dekker ikke riper\/sm\u00e5 skader, slitasje, feil bruk, feil tilkobling, mangelfullt generelt vedlikehold, sprukket kabinettfinish, tyveri eller brann.<\/li>\n<li>Garantien er kun gyldig n\u00e5r den ledsages av et garantibevis som inneholder informasjon om blant annet kj\u00f8psdato.<\/li>\n<li>Hvis en garantisak n\u00f8dvendiggj\u00f8r utskifting av deler som ikke lenger er tilgjengelige, vil vi erstatte dem med en tilsvarende komponent eller et tilsvarende produkt.<\/li>\n<\/ul>\n<p>Hvis du f\u00f8ler at CANVAS ikke er noe for deg, er det f\u00f8rste du m\u00e5 gj\u00f8re \u00e5 sende en e-post innen 14 dager etter at du har mottatt produktene, eller 45 dager hvis du bor i et land uten fysiske butikker.<\/p>\n<p>Send til <a href=\"mailto:hello@canvashifi.com\">hello@canvashifi.com<\/a><\/p>\n<p>&nbsp;<\/p>\n<h5>Hva skjer hvis noe g\u00e5r i stykker?<\/h5>\n<p>Du vil bli glad for \u00e5 h\u00f8re at vi har designet produktene v\u00e5re slik at du enkelt kan reparere dem selv, s\u00e5 det er ikke n\u00f8dvendig med frakt frem og tilbake hvis en del skulle g\u00e5 i stykker. Kontakt oss, s\u00e5 tar vi deg gjennom prosessen for hvordan du bytter driver, forsterkermodul eller lignende.<\/p>\n<p>Vi vil gi deg de delene du trenger, sammen med veiledning om hvordan du bytter ut delen i l\u00f8pet av f\u00e5 minutter - stol p\u00e5 oss, det er ekstremt enkelt! Under denne prosessen er du selvf\u00f8lgelig fortsatt dekket av v\u00e5r garanti.<\/p>\n<p>I tilfelle et produkt m\u00e5 returneres til oss, kreves originalemballasje for returforsendelse.<\/p>\n\t\t\t\t\t\t\t<\/div>\n\t\t\t\t\t\t<\/div>\n\t\t\t\t\t<\/div><script>\n\t\t\tdocument.addEventListener(\"DOMContentLoaded\", function() {\n\t\t\t\tdocument.querySelectorAll(\".canvas_spec_item_label\").forEach(trigger => {\n\t\t\t\t\ttrigger.addEventListener(\"click\", function() {\n\t\t\t\t\t\tconst specItem = this.closest(\".canvas_spec_item\");\n\t\t\t\t\t\tif (specItem) {\n\t\t\t\t\t\t\tspecItem.classList.toggle(\"active\");\n\t\t\t\t\t\t}\n\t\t\t\t\t});\n\t\t\t\t});\n\t\t\t});\n\t\t\t<\/script><\/div>\n<\/div>\n<\/div><\/div>\n\n\n\n<div class=\"wp-block-group ct-section ct-section-inner-wrap\"><div class=\"wp-block-group__inner-container is-layout-constrained wp-block-group-is-layout-constrained\">\n<div class=\"wp-block-columns col_align-b is-layout-flex wp-container-core-columns-is-layout-9d6595d7 wp-block-columns-is-layout-flex\">\n<div class=\"wp-block-column is-layout-flow wp-block-column-is-layout-flow\">\n<p><strong>Kontakt oss<\/strong><\/p>\n\n\n\n<h2 class=\"wp-block-heading\">Finner du ikke svaret ditt?<\/h2>\n\n\n\n<p>Vi setter pris p\u00e5 sp\u00f8rsm\u00e5l, tilbakemeldinger og henvendelser. V\u00e5rt dedikerte team er her for \u00e5 hjelpe deg med all informasjon du m\u00e5tte trenge, eller for \u00e5 ta opp eventuelle bekymringer du m\u00e5tte ha. Enten du er en kunde p\u00e5 jakt etter produktst\u00f8tte, en potensiell partner som er interessert i samarbeid, eller bare \u00f8nsker \u00e5 komme i kontakt med CANVAS, er vi bare en melding unna.<\/p>\n\n\n\n<p>Vi ser frem til \u00e5 hjelpe deg og til \u00e5 h\u00f8re fra deg.<\/p>\n<\/div>\n\n\n\n<div class=\"wp-block-column is-layout-flow wp-block-column-is-layout-flow\"><div class='fluentform ff-default fluentform_wrapper_4  ff_guten_block ff_guten_block-4 ffs_default_wrap'><form data-form_id=\"4\" id=\"fluentform_4\" class=\"frm-fluent-form fluent_form_4 ff-el-form-top ff_form_instance_4_1 ff-form-loading ffs_default\" data-form_instance=\"ff_form_instance_4_1\" method=\"POST\" action=\"\" ><fieldset  style=\"border: none!important;margin: 0!important;padding: 0!important;background-color: transparent!important;box-shadow: none!important;outline: none!important; min-inline-size: 100%;\">\n                    <legend class=\"ff_screen_reader_title\" style=\"display: block; margin: 0!important;padding: 0!important;height: 0!important;text-indent: -999999px;width: 0!important;overflow:hidden;\">Kontakt<\/legend>        <div\n                style=\"display: none!important; position: absolute!important; transform: translateX(1000%)!important;\"\n                class=\"ff-el-group ff-hpsf-container\"\n        >\n            <div class=\"ff-el-input--label asterisk-right\">\n                <label for=\"ff_4_item_sf\" aria-label=\"Varsle\">\n                    Varsle                <\/label>\n            <\/div>\n            <div class=\"ff-el-input--content\">\n                <input type=\"text\"\n                       name=\"item_4__fluent_sf\"\n                       class=\"ff-el-form-control\"\n                       id=\"ff_4_item_sf\"\n                \/>\n            <\/div>\n        <\/div>\n        <input type='hidden' name='__fluent_form_embded_post_id' value='1595' \/><input type=\"hidden\" id=\"_fluentform_4_fluentformnonce\" name=\"_fluentform_4_fluentformnonce\" value=\"a15c75ff2c\" \/><input type=\"hidden\" name=\"_wp_http_referer\" value=\"\/no\/wp-json\/wp\/v2\/pages\/1595?currency=USD\" \/><div data-name=\"ff_cn_id_1\"  class='ff-t-container ff-column-container ff_columns_total_2'><div class='ff-t-cell ff-t-column-1' style='flex-basis: 50%;'><div class='ff-el-group ff-el-form-hide_label'><div class=\"ff-el-input--label ff-el-is-required asterisk-right\"><label for='ff_4_input_text' id='label_ff_4_input_text' aria-label=\"Navn\">Navn<\/label><\/div><div class='ff-el-input--content'><input type=\"text\" name=\"input_text\" class=\"ff-el-form-control\" placeholder=\"Navn\" data-name=\"input_text\" id=\"ff_4_input_text\"  aria-invalid=\"false\" aria-required=\"true\"><\/div><\/div><\/div><div class='ff-t-cell ff-t-column-2' style='flex-basis: 50%;'><div class='ff-el-group ff-el-form-hide_label'><div class=\"ff-el-input--label ff-el-is-required asterisk-right\"><label for='ff_4_email' id='label_ff_4_email' aria-label=\"Email\">Email<\/label><\/div><div class='ff-el-input--content'><input type=\"email\" name=\"email\" id=\"ff_4_email\" class=\"ff-el-form-control\" placeholder=\"Email\" data-name=\"email\"  aria-invalid=\"false\" aria-required=\"true\"><\/div><\/div><\/div><\/div><div class='ff-el-group ff-el-form-hide_label'><div class=\"ff-el-input--label asterisk-right\"><label for='ff_4_description' id='label_ff_4_description' aria-label=\"Melding\">Melding<\/label><\/div><div class='ff-el-input--content'><textarea aria-required=\"false\" aria-labelledby=\"label_ff_4_description\" name=\"description\" id=\"ff_4_description\" class=\"ff-el-form-control\" placeholder=\"Melding\" rows=\"6\" cols=\"2\" data-name=\"description\" ><\/textarea><\/div><\/div><div class='ff-el-group ff-text-left le_btn-ff le_btn_trans_b-ff ff_submit_btn_wrapper'><button type=\"submit\" class=\"ff-btn ff-btn-submit ff-btn-md ff_btn_no_style\"  aria-label=\"Send melding\">Send melding<\/button><\/div><\/fieldset><input type=\"hidden\" name=\"trp-form-language\" value=\"no\"\/><\/form><div id='fluentform_4_errors' class='ff-errors-in-stack ff_form_instance_4_1 ff-form-loading_errors ff_form_instance_4_1_errors'><\/div><\/div>            <script type=\"text\/javascript\">\n                window.fluent_form_ff_form_instance_4_1 = {\"id\":\"4\",\"settings\":{\"layout\":{\"labelPlacement\":\"top\",\"helpMessagePlacement\":\"with_label\",\"errorMessagePlacement\":\"inline\",\"cssClassName\":\"\",\"asteriskPlacement\":\"asterisk-right\"},\"restrictions\":{\"denyEmptySubmission\":{\"enabled\":false}}},\"form_instance\":\"ff_form_instance_4_1\",\"form_id_selector\":\"fluentform_4\",\"rules\":{\"input_text\":{\"required\":{\"value\":true,\"message\":\"This field is required\",\"global_message\":\"This field is required\",\"global\":true}},\"email\":{\"required\":{\"value\":true,\"message\":\"This field is required\",\"global_message\":\"This field is required\",\"global\":true},\"email\":{\"value\":true,\"message\":\"This field must contain a valid email\",\"global_message\":\"This field must contain a valid email\",\"global\":true}},\"description\":{\"required\":{\"value\":false,\"message\":\"This field is required\",\"global_message\":\"This field is required\",\"global\":true}}},\"debounce_time\":300};\n                            <\/script>\n            <\/div>\n<\/div>\n<\/div><\/div>","protected":false},"excerpt":{"rendered":"<p>Find your answer FAQ Welcome to the CANVAS FAQ section, where we address common questions and provide answers to help you navigate your experience with CANVAS HiFi products. If you have any specific inquiries or require further assistance, please don't hesitate to reach out to our dedicated support team. Contact us Can't find your answer? [&hellip;]<\/p>\n","protected":false},"author":1,"featured_media":0,"parent":1524,"menu_order":0,"comment_status":"closed","ping_status":"closed","template":"","meta":{"_acf_changed":false,"footnotes":""},"class_list":["post-1595","page","type-page","status-publish","hentry"],"acf":[],"_links":{"self":[{"href":"https:\/\/canvashifi.com\/no\/wp-json\/wp\/v2\/pages\/1595","targetHints":{"allow":["GET"]}}],"collection":[{"href":"https:\/\/canvashifi.com\/no\/wp-json\/wp\/v2\/pages"}],"about":[{"href":"https:\/\/canvashifi.com\/no\/wp-json\/wp\/v2\/types\/page"}],"author":[{"embeddable":true,"href":"https:\/\/canvashifi.com\/no\/wp-json\/wp\/v2\/users\/1"}],"replies":[{"embeddable":true,"href":"https:\/\/canvashifi.com\/no\/wp-json\/wp\/v2\/comments?post=1595"}],"version-history":[{"count":0,"href":"https:\/\/canvashifi.com\/no\/wp-json\/wp\/v2\/pages\/1595\/revisions"}],"up":[{"embeddable":true,"href":"https:\/\/canvashifi.com\/no\/wp-json\/wp\/v2\/pages\/1524"}],"wp:attachment":[{"href":"https:\/\/canvashifi.com\/no\/wp-json\/wp\/v2\/media?parent=1595"}],"curies":[{"name":"wp","href":"https:\/\/api.w.org\/{rel}","templated":true}]}}