{"id":583,"date":"2024-09-03T15:37:12","date_gmt":"2024-09-03T13:37:12","guid":{"rendered":"https:\/\/lbs.dk\/cnvshf\/?page_id=583"},"modified":"2026-01-20T08:35:21","modified_gmt":"2026-01-20T07:35:21","slug":"technology","status":"publish","type":"page","link":"https:\/\/canvashifi.com\/no\/technology\/","title":{"rendered":"Teknologi"},"content":{"rendered":"<section class=\"ct-section\">\n\t\t<style>\n\t\t@media (min-width:992px) {\n\t\t\t#le_textmedia_wrapper-block_e9c74a9a3fae356ec1807f77e7433c03 .le_textmedia_last {\n\t\t\t\tgrid-column: span 6;\n\t\t\t\tdisplay:flex;\n\t\t\t\talign-items:center;\n\t\t\t}\n\t\t\t#le_textmedia_wrapper-block_e9c74a9a3fae356ec1807f77e7433c03 .le_textmedia_first {\n\t\t\t\tgrid-column: span 6;\n\t\t\t}\n\t\t}\n\t<\/style>\n\t\t<div class=\"ct-section-inner-wrap\">\n\t\t<div id=\"le_textmedia_wrapper-block_e9c74a9a3fae356ec1807f77e7433c03\" class=\"le_section le_textmedia le_textmedia-img\">\n\t\t\t<div class=\"le_textmedia_first\">\n\t\t\t\t\t<h2 class=\"h2\">HiFi gjenoppfunnet<\/h2>\n<p>Da CANVAS-prosjektet startet, var m\u00e5let v\u00e5rt \u00e5 finne opp et lydsystem som kunne integreres med TV-en, b\u00e5de mekanisk og visuelt. Vi \u00f8nsket ogs\u00e5 en lydkvalitet som kunne m\u00e5le seg med et high-end hi-fi-anlegg, i hvert fall n\u00e5r det gjaldt bakgrunnsmusikk. Men CANVAS' formfaktor har to store, iboende begrensninger: Venstre og h\u00f8yre h\u00f8yttaler er ikke plassert langt nok fra hverandre til \u00e5 skape et ekte 3D-stereobilde, og siden den er plassert mot en vegg, blir bassen naturlig nok for buldrende og ukontrollerbar. Vi visste at CANVAS ville v\u00e6re langt bedre enn en enkel lydplanke. Men like bra som et dedikert hi-fi-anlegg for kritisk, oppmerksom lytting? Selv vi hadde v\u00e5re tvil. I l\u00f8pet av utviklingsprosessen fant vi imidlertid banebrytende teknologiske l\u00f8sninger p\u00e5 begge disse begrensningene.<\/p>\n<p>Les videre for \u00e5 finne ut hvordan CANVAS ble et ekte hi-fi-lydsystem.<\/p>\n\t\t\t<\/div>\n\t\t\t<div class=\"le_textmedia_last medie-right round\">\n\t\t\t\t\t\t\t\t\t<img decoding=\"async\" src=\"https:\/\/6kutttnx.photoncache.com\/wp-content\/uploads\/sites\/5\/2024\/10\/vision-teknologi1-1024x1024.jpg\" alt=\"\" \/>\n\t\t\t\t\t\t\t<\/div>\n\t\t<\/div>\n\t\t<\/div>\n\t<\/section>\n\t\n\n\t<section class=\"ct-section\">\n\t\t<style>\n\t\t@media (min-width:992px) {\n\t\t\t#le_textmedia_wrapper-block_15feb2dfe95c1528aab3dd0c5dce4078 .le_textmedia_last {\n\t\t\t\tgrid-column: span 6;\n\t\t\t\tdisplay:flex;\n\t\t\t\talign-items:center;\n\t\t\t}\n\t\t\t#le_textmedia_wrapper-block_15feb2dfe95c1528aab3dd0c5dce4078 .le_textmedia_first {\n\t\t\t\tgrid-column: span 6;\n\t\t\t}\n\t\t}\n\t<\/style>\n\t\t<div class=\"ct-section-inner-wrap\">\n\t\t<div id=\"le_textmedia_wrapper-block_15feb2dfe95c1528aab3dd0c5dce4078\" class=\"le_section le_textmedia le_textmedia-img\">\n\t\t\t<div class=\"le_textmedia_first\">\n\t\t\t\t\t<h3 class=\"h2\">High End-h\u00f8yttalerkonstruksjon<\/h3>\n<p>CANVAS er designet og konstruert som en ekte High End HiFi-h\u00f8yttaler, med High End SB Acoustics chassis i st\u00f8pt aluminium, neste generasjons bas\/mellomtoneelementer med papirmembran, h\u00f8ypresisjons passive radiatorer med stiv papirmembran og SB-CANVAS-designede waveguide-diskanth\u00f8yttalere med silkedome i st\u00f8pt aluminium som integreres i frontgitrene for \u00e5 oppn\u00e5 en diffraksjonsfri design. Kabinettet er bunnsolid, bygget av satengsvartlakkert MDF, med et omfattende CANVAS-oppfunnet BridgeBrace(tm) (patents\u00f8kt) strukturelt avstivningssystem. Den har en 4-kanals Burr-Brown DAC og HiFi-forsterker, og avanserte Linear Phase Analog Devices DSP delefilter.<\/p>\n\t\t\t<\/div>\n\t\t\t<div class=\"le_textmedia_last medie-left round\">\n\t\t\t\t\t\t\t\t\t<img decoding=\"async\" src=\"https:\/\/6kutttnx.photoncache.com\/wp-content\/uploads\/sites\/5\/2024\/10\/thumbnail_CANVAS_exploded_render_new_TV_mount_4K_web1-1024x696.jpg\" alt=\"\" \/>\n\t\t\t\t\t\t\t<\/div>\n\t\t<\/div>\n\t\t<\/div>\n\t<\/section>\n\t\n\n\t<section class=\"ct-section\">\n\t\t<style>\n\t\t@media (min-width:992px) {\n\t\t\t#le_textmedia_wrapper-block_121008ad475744da086229e042ba4324 .le_textmedia_last {\n\t\t\t\tgrid-column: span 6;\n\t\t\t\tdisplay:flex;\n\t\t\t\talign-items:center;\n\t\t\t}\n\t\t\t#le_textmedia_wrapper-block_121008ad475744da086229e042ba4324 .le_textmedia_first {\n\t\t\t\tgrid-column: span 6;\n\t\t\t}\n\t\t}\n\t<\/style>\n\t\t<div class=\"ct-section-inner-wrap\">\n\t\t<div id=\"le_textmedia_wrapper-block_121008ad475744da086229e042ba4324\" class=\"le_section le_textmedia le_textmedia-video\">\n\t\t\t<div class=\"le_textmedia_first\">\n\t\t\t\t\t<h3 class=\"h2\">Korrigering av rom<\/h3>\n<p>Tradisjonelt sett m\u00e5tte h\u00f8yttalerne plasseres frittst\u00e5ende minst 30-60 cm (1-2 fot) fra bakveggen for \u00e5 f\u00e5 HiFi-bass. CANVAS plasseres vanligvis rett p\u00e5 gulvet opp mot en vegg, eller p\u00e5 en vegg. Dette forsterker bassen drastisk, men med en veldig buldrende lyd som resultat. Ved \u00e5 integrere et romkorreksjonssystem gjennom CANVAS iOS- og Android-appene v\u00e5re kan vi linearisere frekvensresponsen, og n\u00e5 er bassforsterkningen plutselig en stor fordel, med \u00f8kt effekt sammenlignet med frittst\u00e5ende h\u00f8yttalere. Og siden bassforsterkningen ikke er avhengig av tidsdomenet, i motsetning til rommoduser, h\u00f8res DSP-korrigerte grenseforsterkninger flott ut. iPhones mikrofon kan brukes til \u00e5 gj\u00f8re disse m\u00e5lingene for \u00e5 kj\u00f8re denne korreksjonen - eventuelt har vi v\u00e5r Zen smart-referansemikrofon, som kan brukes med b\u00e5de Android og iPhone, for enda bedre resultater.<\/p>\n\t\t\t<\/div>\n\t\t\t<div class=\"le_textmedia_last medie-right round\">\n\t\t\t\t\t\t\t\t\t<div class=\"le_videogrid autoplay muted playsinline loop\">\n\t\t\t\t\t\t<div class=\"le_videogrid_video_outer\" data-video=\"v73f3580e\">\n\t\t\t\t\t\t\t<video class=\"plyr videogrid_video\" data-poster=\"\" autoplay muted playsinline loop controlslist=\"nodownload noplaybackrate nopictureinpicture\" disablepictureinpicture preload=\"none\">\n\t\t\t\t\t\t\t\t<source src=\"https:\/\/6kutttnx.photoncache.com\/wp-content\/uploads\/sites\/5\/2025\/03\/41a8b96ba53b481fb9cc251ccf974280.HD-1080p-7.2Mbps-23085929-1-1.mp4\" type=\"video\/mp4\">\n\t\t\t\t\t\t\t<\/video>\n\t\t\t\t\t\t<\/div>\n\t\t\t\t\t<\/div>\n\t\t\t\t\t\t\t<\/div>\n\t\t<\/div>\n\t\t<\/div>\n\t<\/section>\n\t\n\n\t<section class=\"ct-section\">\n\t\t<style>\n\t\t@media (min-width:992px) {\n\t\t\t#le_textmedia_wrapper-block_80e51cef33f7229d39356869a63ea3e8 .le_textmedia_last {\n\t\t\t\tgrid-column: span 6;\n\t\t\t\tdisplay:flex;\n\t\t\t\talign-items:center;\n\t\t\t}\n\t\t\t#le_textmedia_wrapper-block_80e51cef33f7229d39356869a63ea3e8 .le_textmedia_first {\n\t\t\t\tgrid-column: span 6;\n\t\t\t}\n\t\t}\n\t<\/style>\n\t\t<div class=\"ct-section-inner-wrap\">\n\t\t<div id=\"le_textmedia_wrapper-block_80e51cef33f7229d39356869a63ea3e8\" class=\"le_section le_textmedia le_textmedia-video\">\n\t\t\t<div class=\"le_textmedia_first\">\n\t\t\t\t\t<h3 class=\"h2\">BACCH 3D<\/h3>\n<p>For \u00e5 f\u00e5 ekte stereobilde fra tradisjonelle HiFi-h\u00f8yttalere m\u00e5 de plasseres frittst\u00e5ende minst 30-60 cm fra bakveggen, og med en avstand p\u00e5 minst 2 meter fra hverandre. Dette er n\u00f8dvendig p\u00e5 grunn av et fysisk fenomen som kalles cross-talk. Hvis du plasserer h\u00f8yttalerne n\u00e6rmere hverandre, treffer lydb\u00f8lgene som for eksempel er beregnet p\u00e5 h\u00f8yre \u00f8re, begge \u00f8rene dine. Dette hindrer \u00f8rene og hjernen i \u00e5 h\u00f8re i 3D. BACCH 3D (Band-Assembled Crosstalk Cancellation Hierarchy), oppfunnet av professor (og bokstavelig talt rakettforsker) Edgar Choueiri ved Princeton University, fungerer som en digital madrass som plasseres fra nesen din til h\u00f8yttalerne, slik at venstre \u00f8re bare h\u00f8rer lyd fra venstre h\u00f8yttaler, og h\u00f8yre \u00f8re bare h\u00f8rer lyd fra h\u00f8yre h\u00f8yttaler. Dette gir deg tilbake et ekte 3D-stereobilde som kan konkurrere med de beste og dyreste frittst\u00e5ende High End HiFi-systemene p\u00e5 markedet, med ekte bredde, dybde og h\u00f8yde i lydbildet. Det er viktig \u00e5 merke seg at BACCH 3D ikke er et filter som tilf\u00f8rer noe til lyden, som romklang eller falsk surround, det fjerner ganske enkelt feil i lydb\u00f8lgene som n\u00e5r \u00f8rene dine, slik at \u00f8rene og hjernen din kan h\u00f8re i 3D, uten at lyden blir farget. Og det beste av alt er at den fungerer med alle stereoinnspillinger som er gjort de siste 70 \u00e5rene! Ikke bare det, den pakker ogs\u00e5 ut nedmikset Dolby Atmos, for fantastisk surroundlyd p\u00e5 film.<\/p>\n\t\t\t<\/div>\n\t\t\t<div class=\"le_textmedia_last medie-left round\">\n\t\t\t\t\t\t\t\t\t<div class=\"le_videogrid controls loop\">\n\t\t\t\t\t\t<div class=\"le_videogrid_video_outer\" data-video=\"vb266d75a\">\n\t\t\t\t\t\t\t<video class=\"plyr videogrid_video\" data-poster=\"https:\/\/6kutttnx.photoncache.com\/wp-content\/uploads\/sites\/5\/2025\/02\/3dbacch3_ed19a869-2f0b-4f0b-a2ec-b24cfce8f0d21-836x1024.png\" controls loop controlslist=\"nodownload noplaybackrate nopictureinpicture\" disablepictureinpicture preload=\"none\">\n\t\t\t\t\t\t\t\t<source src=\"https:\/\/6kutttnx.photoncache.com\/wp-content\/uploads\/sites\/5\/2024\/10\/980fb11d9191447787423e04a3df4a57.HD-720p-3.0Mbps-28316894.mp4\" type=\"video\/mp4\">\n\t\t\t\t\t\t\t<\/video>\n\t\t\t\t\t\t<\/div>\n\t\t\t\t\t<\/div>\n\t\t\t\t\t\t\t<\/div>\n\t\t<\/div>\n\t\t<\/div>\n\t<\/section>\n\t\n\n\t<section class=\"ct-section\">\n\t\t<style>\n\t\t@media (min-width:992px) {\n\t\t\t#le_textmedia_wrapper-block_137949cfde57d30a7f2011d1d6566f77 .le_textmedia_last {\n\t\t\t\tgrid-column: span 6;\n\t\t\t\tdisplay:flex;\n\t\t\t\talign-items:center;\n\t\t\t}\n\t\t\t#le_textmedia_wrapper-block_137949cfde57d30a7f2011d1d6566f77 .le_textmedia_first {\n\t\t\t\tgrid-column: span 6;\n\t\t\t}\n\t\t}\n\t<\/style>\n\t\t<div class=\"ct-section-inner-wrap\">\n\t\t<div id=\"le_textmedia_wrapper-block_137949cfde57d30a7f2011d1d6566f77\" class=\"le_section le_textmedia le_textmedia-img\">\n\t\t\t<div class=\"le_textmedia_first\">\n\t\t\t\t\t<h3 class=\"h2\">Universelt TV-feste<\/h3>\n<p>Det universelle TV-festet gj\u00f8r det mulig \u00e5 montere og justere de aller fleste nye TV-er p\u00e5 markedet, alle merker, og i de mest popul\u00e6re st\u00f8rrelsene, 55\", 65\", 75\", 77\", 83\" og 85\". Denne CANVAS-oppfunnet l\u00f8sningen (patents\u00f8kt), med frontgriller i matchende st\u00f8rrelse, sikrer en flush, null gab-justering av CANVAS-h\u00f8yttaleren og TV-en din, og smelter dem sammen som en s\u00f8ml\u00f8s enhet.<\/p>\n\t\t\t<\/div>\n\t\t\t<div class=\"le_textmedia_last medie-right round\">\n\t\t\t\t\t\t\t\t\t<img decoding=\"async\" src=\"https:\/\/6kutttnx.photoncache.com\/wp-content\/uploads\/sites\/5\/2024\/10\/size1-1024x846.jpg\" alt=\"\" \/>\n\t\t\t\t\t\t\t<\/div>\n\t\t<\/div>\n\t\t<\/div>\n\t<\/section>\n\t\n\n\t<section class=\"ct-section\">\n\t\t<style>\n\t\t@media (min-width:992px) {\n\t\t\t#le_textmedia_wrapper-block_13dabf57b152f1f2a267e6e6837ce4dd .le_textmedia_last {\n\t\t\t\tgrid-column: span 6;\n\t\t\t\tdisplay:flex;\n\t\t\t\talign-items:center;\n\t\t\t}\n\t\t\t#le_textmedia_wrapper-block_13dabf57b152f1f2a267e6e6837ce4dd .le_textmedia_first {\n\t\t\t\tgrid-column: span 6;\n\t\t\t}\n\t\t}\n\t<\/style>\n\t\t<div class=\"ct-section-inner-wrap\">\n\t\t<div id=\"le_textmedia_wrapper-block_13dabf57b152f1f2a267e6e6837ce4dd\" class=\"le_section le_textmedia le_textmedia-img\">\n\t\t\t<div class=\"le_textmedia_first\">\n\t\t\t\t\t<h2 class=\"h2\">Tilkoblingsmuligheter<\/h2>\n<p class=\"translation-block\">Det er superenkelt \u00e5 koble CANVAS til det tr\u00e5dl\u00f8se nettverket ditt. For iPhone er det bare \u00e5 g\u00e5 til WiFi-innstillinger, s\u00e5 sp\u00f8r den om du vil koble CANVAS til nettverket ditt. For\u00a0<a title=\"Android, Google Home and Chromecast are trademarks of Google LLC.\" href=\"\/no\/information\/\" target=\"_self\">Android-enheter<\/a> veileder <a title=\"Android, Google Home and Chromecast are trademarks of Google LLC.\" href=\"\/no\/information\/\" target=\"_self\">Google Home<\/a>-appen deg gjennom det enkle oppsettet.<\/p>\n<p>For str\u00f8mming har CANVAS en neste generasjons tr\u00e5dl\u00f8s modul, med Apple AirPlay 2 og\u00a0<a title=\"Android, Google Home og Chromecast er varemerker som tilh\u00f8rer Google LLC.\" href=\"\/no\/information\/\">Google Cast<\/a>, som begge er multiromkompatible med alle andre merker av h\u00f8yttalere. I tillegg har den Roon, Tidal og Spotify. Den har ogs\u00e5 Toslink digital optisk inngang for \u00e5 koble til for eksempel en SONOS Connect-boks, og analog med en flott Burr-Brown ADC, slik at platespillere kan kobles til, slik at du kan oppleve platene dine i enest\u00e5ende romlig naturtrohet.<\/p>\n<p>CANVAS har HDMI eARC, noe som betyr at den integreres s\u00f8ml\u00f8st med TV-en din. Du trenger ikke \u00e5 tenke p\u00e5 at den er der; den vil bare fungere s\u00f8ml\u00f8st med TV-fjernkontrollen. Selv en Apple TV-fjernkontroll kan styre volumet i CANVAS direkte. HDMI eARC s\u00f8rger dessuten for at du slipper irriterende problemer med leppesynkronisering, der bilde og lyd ikke er synkronisert i filmer, serier og konserter.<\/p>\n<p>Android, Google Home og Chromecast er varemerker som tilh\u00f8rer Google LLC.<\/p>\n\t\t\t<\/div>\n\t\t\t<div class=\"le_textmedia_last medie-left round\">\n\t\t\t\t\t\t\t\t\t<img decoding=\"async\" src=\"https:\/\/6kutttnx.photoncache.com\/wp-content\/uploads\/sites\/5\/2024\/10\/canvasapp1-1024x1024.jpg\" alt=\"\" \/>\n\t\t\t\t\t\t\t<\/div>\n\t\t<\/div>\n\t\t<\/div>\n\t<\/section>\n\t\n\n\t<section class=\"ct-section\">\n\t\t<style>\n\t\t@media (min-width:992px) {\n\t\t\t#le_textmedia_wrapper-block_7a2f9c195181ecee45a569c33d31cee3 .le_textmedia_last {\n\t\t\t\tgrid-column: span 6;\n\t\t\t\tdisplay:flex;\n\t\t\t\talign-items:center;\n\t\t\t}\n\t\t\t#le_textmedia_wrapper-block_7a2f9c195181ecee45a569c33d31cee3 .le_textmedia_first {\n\t\t\t\tgrid-column: span 6;\n\t\t\t}\n\t\t}\n\t<\/style>\n\t\t<div class=\"ct-section-inner-wrap\">\n\t\t<div id=\"le_textmedia_wrapper-block_7a2f9c195181ecee45a569c33d31cee3\" class=\"le_section le_textmedia le_textmedia-video\">\n\t\t\t<div class=\"le_textmedia_first\">\n\t\t\t\t\t<h2 class=\"h2\">Ogs\u00e5 for profesjonell bruk<\/h2>\n<p>L\u00f8ft m\u00f8terommet ditt med prisbel\u00f8nt lyd og raffinert dansk design.<br \/>\nMed perfekt stemmegjengivelse fanger du opp hver eneste detalj i dialogen, og hver eneste videopresentasjon leveres med optimal lydkvalitet.<\/p>\n<p>Den justerbare avstanden mellom CANVAS og TV-en gj\u00f8r det mulig \u00e5 integrere videokonferansekameraet du foretrekker, mens det integrerte tekniske rommet diskret skjuler alt utstyret - noe som gir et rent, elegant og profesjonelt resultat.<\/p>\n\t\t\t<\/div>\n\t\t\t<div class=\"le_textmedia_last medie-right round\">\n\t\t\t\t\t\t\t\t\t<div class=\"le_videogrid autoplay muted playsinline loop\">\n\t\t\t\t\t\t<div class=\"le_videogrid_video_outer\" data-video=\"vbf28ba48\">\n\t\t\t\t\t\t\t<video class=\"plyr videogrid_video\" data-poster=\"\" autoplay muted playsinline loop controlslist=\"nodownload noplaybackrate nopictureinpicture\" disablepictureinpicture preload=\"none\">\n\t\t\t\t\t\t\t\t<source src=\"https:\/\/6kutttnx.photoncache.com\/wp-content\/uploads\/sites\/5\/2026\/01\/Konference_rum_Video.mp4\" type=\"video\/mp4\">\n\t\t\t\t\t\t\t<\/video>\n\t\t\t\t\t\t<\/div>\n\t\t\t\t\t<\/div>\n\t\t\t\t\t\t\t<\/div>\n\t\t<\/div>\n\t\t<\/div>\n\t<\/section>\n\t\n\n\t<section class=\"ct-section\">\n\t\t<style>\n\t\t@media (min-width:992px) {\n\t\t\t#le_textmedia_wrapper-block_6c73f280638e60c704766e002f6ce842 .le_textmedia_last {\n\t\t\t\tgrid-column: span 6;\n\t\t\t\tdisplay:flex;\n\t\t\t\talign-items:center;\n\t\t\t}\n\t\t\t#le_textmedia_wrapper-block_6c73f280638e60c704766e002f6ce842 .le_textmedia_first {\n\t\t\t\tgrid-column: span 6;\n\t\t\t}\n\t\t}\n\t<\/style>\n\t\t<div class=\"ct-section-inner-wrap\">\n\t\t<div id=\"le_textmedia_wrapper-block_6c73f280638e60c704766e002f6ce842\" class=\"le_section le_textmedia le_textmedia-img\">\n\t\t\t<div class=\"le_textmedia_first\">\n\t\t\t\t\t<h2 class=\"h2\">Hybrid fot- \/ veggfeste<\/h2>\n<p>Alle CANVAS-h\u00f8yttalere leveres med et hybrid fot-\/veggfeste. Denne CANVAS-l\u00f8sningen (patents\u00f8kt) gj\u00f8r at du kan bestemme hvordan du vil bruke CANVAS, selv etter at du har kj\u00f8pt den. Det kan hende du ikke er sikker p\u00e5 om du vil ha det p\u00e5 gulvet eller veggen, eller at du ombestemmer deg senere. Med denne l\u00f8sningen er du dekket i alle brukssituasjoner, uten at du trenger \u00e5 g\u00e5 ut og kj\u00f8pe nytt tilbeh\u00f8r for \u00e5 shine opp stuen.<\/p>\n\t\t\t<\/div>\n\t\t\t<div class=\"le_textmedia_last medie-left round\">\n\t\t\t\t\t\t\t\t\t<img decoding=\"async\" src=\"https:\/\/6kutttnx.photoncache.com\/wp-content\/uploads\/sites\/5\/2024\/10\/Mount1-1024x846.jpg\" alt=\"\" \/>\n\t\t\t\t\t\t\t<\/div>\n\t\t<\/div>\n\t\t<\/div>\n\t<\/section>\n\t\n\n\t<section class=\"ct-section\">\n\t\t<style>\n\t\t@media (min-width:992px) {\n\t\t\t#le_textmedia_wrapper-block_176f625bb88e41d2b1f8e75ccca44b4d .le_textmedia_last {\n\t\t\t\tgrid-column: span 6;\n\t\t\t\tdisplay:flex;\n\t\t\t\talign-items:center;\n\t\t\t}\n\t\t\t#le_textmedia_wrapper-block_176f625bb88e41d2b1f8e75ccca44b4d .le_textmedia_first {\n\t\t\t\tgrid-column: span 6;\n\t\t\t}\n\t\t}\n\t<\/style>\n\t\t<div class=\"ct-section-inner-wrap\">\n\t\t<div id=\"le_textmedia_wrapper-block_176f625bb88e41d2b1f8e75ccca44b4d\" class=\"le_section le_textmedia le_textmedia-img\">\n\t\t\t<div class=\"le_textmedia_first\">\n\t\t\t\t\t<h3 class=\"h2\">Fremtidssikret<\/h3>\n<p>CANVAS er fremtidssikret, med automatiske programvareoppdateringer over-the-air, i tilfelle vi en dag kommer opp med en enda bedre lydinnstilling, eller det kommer nye str\u00f8mmeformater. Selv den elektroniske maskinvaren er designet for \u00e5 kunne oppgraderes, i tilfelle det en gang i fremtiden skulle komme nye str\u00f8mme- eller kabelbaserte standarder, som ikke kan oppgraderes med programvare.<\/p>\n<p>Den spesielt servicevennlige modulstrukturen gj\u00f8r det ogs\u00e5 enkelt \u00e5 bytte ut komponenter, b\u00e5de innenfor den utvidede 3-\u00e5rsgarantien og etter at garantien har utl\u00f8pt. Dette sikrer at produktet enkelt kan vedlikeholdes hjemme hos deg.<\/p>\n\t\t\t<\/div>\n\t\t\t<div class=\"le_textmedia_last medie-right round\">\n\t\t\t\t\t\t\t\t\t<img decoding=\"async\" src=\"https:\/\/6kutttnx.photoncache.com\/wp-content\/uploads\/sites\/5\/2024\/10\/CANVAS_electronics_rendering1-1024x576.jpg\" alt=\"\" \/>\n\t\t\t\t\t\t\t<\/div>\n\t\t<\/div>\n\t\t<\/div>\n\t<\/section>\n\t\n\n\t<section class=\"ct-section\" style=\"color:#000000; background-color:rgba(255,255,255,0)\">\n\t\t<div class=\"ct-section-inner-wrap le_m_section\">\n\t\t\t<div id=\"le_fullmedia_wrapper-block_ce844683bb6a4cc8d934493a2bc7d02e\" class=\"le_section le_fullmedia\">\n\t\t\t\t\t\t\t\t<div class=\"le_fullmedia_second\">\n\t\t\t\t\t\t\n\t\t\t\t\t\t\t\t\t\t\t\t<div class=\"le_video_wrapper\">\n\t\t\t\t\t\t\t<div class=\"le_video_wrapper_inner\">\n\t\t\t\t\t\t\t\t<video class=\"plyr le_video_element\" autoplay muted playsinline loop controlslist=\"nodownload noplaybackrate nopictureinpicture\" disablepictureinpicture preload=\"none\" data-poster=\"\">\n\t\t\t\t\t\t\t\t\t<source src=\"https:\/\/6kutttnx.photoncache.com\/wp-content\/uploads\/sites\/5\/2025\/03\/08f8a44c6b3d4668816b4e24341bc52c.HD-1080p-7.2Mbps-20170021-1.mp4\" type=\"video\/mp4\">\n\t\t\t\t\t\t\t\t<\/video>\n\t\t\t\t\t\t\t<\/div>\n\t\t\t\t\t\t<\/div>\n\t\t\t\t\t\t\t\t\t\t<\/div>\n\t\t\t<\/div>\n\t\t<\/div>\n\t<\/section>\n\n\n\n<p><\/p>","protected":false},"excerpt":{"rendered":"","protected":false},"author":1,"featured_media":0,"parent":0,"menu_order":0,"comment_status":"closed","ping_status":"closed","template":"","meta":{"_acf_changed":false,"footnotes":""},"class_list":["post-583","page","type-page","status-publish","hentry"],"acf":[],"_links":{"self":[{"href":"https:\/\/canvashifi.com\/no\/wp-json\/wp\/v2\/pages\/583","targetHints":{"allow":["GET"]}}],"collection":[{"href":"https:\/\/canvashifi.com\/no\/wp-json\/wp\/v2\/pages"}],"about":[{"href":"https:\/\/canvashifi.com\/no\/wp-json\/wp\/v2\/types\/page"}],"author":[{"embeddable":true,"href":"https:\/\/canvashifi.com\/no\/wp-json\/wp\/v2\/users\/1"}],"replies":[{"embeddable":true,"href":"https:\/\/canvashifi.com\/no\/wp-json\/wp\/v2\/comments?post=583"}],"version-history":[{"count":0,"href":"https:\/\/canvashifi.com\/no\/wp-json\/wp\/v2\/pages\/583\/revisions"}],"wp:attachment":[{"href":"https:\/\/canvashifi.com\/no\/wp-json\/wp\/v2\/media?parent=583"}],"curies":[{"name":"wp","href":"https:\/\/api.w.org\/{rel}","templated":true}]}}