{"id":586,"date":"2024-09-03T15:47:20","date_gmt":"2024-09-03T13:47:20","guid":{"rendered":"https:\/\/lbs.dk\/cnvshf\/?page_id=586"},"modified":"2026-03-02T12:03:57","modified_gmt":"2026-03-02T11:03:57","slug":"designers","status":"publish","type":"page","link":"https:\/\/canvashifi.com\/no\/designers\/","title":{"rendered":"Design"},"content":{"rendered":"<section class=\"ct-section\">\n\t\t<style>\n\t\t@media (min-width:992px) {\n\t\t\t#le_textmedia_wrapper-block_361e17c15b13ffa41da32310043012b0 .le_textmedia_last {\n\t\t\t\tgrid-column: span 6;\n\t\t\t\tdisplay:flex;\n\t\t\t\talign-items:center;\n\t\t\t}\n\t\t\t#le_textmedia_wrapper-block_361e17c15b13ffa41da32310043012b0 .le_textmedia_first {\n\t\t\t\tgrid-column: span 6;\n\t\t\t}\n\t\t}\n\t<\/style>\n\t\t<div class=\"ct-section-inner-wrap\">\n\t\t<div id=\"le_textmedia_wrapper-block_361e17c15b13ffa41da32310043012b0\" class=\"le_section le_textmedia le_textmedia-img\">\n\t\t\t<div class=\"le_textmedia_first\">\n\t\t\t\t\t<h3>Dansk design<\/h3>\n<p>Den grunnleggende ideen bak CANVAS-design er \u00e5 skape et harmonisk og funksjonelt oppholdsrom som hyller enkelhet, naturlige elementer og minimalisme uten \u00e5 g\u00e5 p\u00e5 kompromiss med lyden. Denne designfilosofien legger vekt p\u00e5 rene linjer, en n\u00f8ytral fargepalett og bruk av naturlige materialer som tre og naturinspirerte tekstiler.<\/p>\n<p>Det nordiskinspirerte uttrykket prioriterer ogs\u00e5 funksjonalitet og praktiske l\u00f8sninger, med fokus p\u00e5 \u00e5 skape komfortable og koselige atmosf\u00e6rer som omfavner begrepet \"hygge\".\" Nordisk design s\u00f8ker \u00e5 balansere estetikk med funksjonalitet og samtidig skape en f\u00f8lelse av ro og velv\u00e6re i hjemmet.<\/p>\n<p>Etter at v\u00e5rt team av lydn\u00f8rder hadde skapt den perfekte lyden, fikk et team av interi\u00f8rdesignere i oppgave \u00e5 designe de perfekte rammene basert p\u00e5 klassisk dansk design.<\/p>\n\t\t\t<\/div>\n\t\t\t<div class=\"le_textmedia_last medie-left round\">\n\t\t\t\t\t\t\t\t\t<img decoding=\"async\" src=\"https:\/\/6kutttnx.photoncache.com\/wp-content\/uploads\/sites\/5\/2024\/09\/designcanvas21-1024x1024.jpg\" alt=\"\" \/>\n\t\t\t\t\t\t\t<\/div>\n\t\t<\/div>\n\t\t<\/div>\n\t<\/section>\n\t\n\n\t<section class=\"ct-section\">\n\t\t<style>\n\t\t@media (min-width:992px) {\n\t\t\t#le_textmedia_wrapper-block_f611a1fc5ea450653978c281940316d6 .le_textmedia_last {\n\t\t\t\tgrid-column: span 6;\n\t\t\t\tdisplay:flex;\n\t\t\t\talign-items:center;\n\t\t\t}\n\t\t\t#le_textmedia_wrapper-block_f611a1fc5ea450653978c281940316d6 .le_textmedia_first {\n\t\t\t\tgrid-column: span 6;\n\t\t\t}\n\t\t}\n\t<\/style>\n\t\t<div class=\"ct-section-inner-wrap\">\n\t\t<div id=\"le_textmedia_wrapper-block_f611a1fc5ea450653978c281940316d6\" class=\"le_section le_textmedia le_textmedia-img\">\n\t\t\t<div class=\"le_textmedia_first\">\n\t\t\t\t\t<h3>Anne Fabricius M\u00f8ller<\/h3>\n<p>Annes ekstraordin\u00e6re talent har h\u00f8stet anerkjennelse verden over. Hun er et respektert medlem av Octo Gruppe, og har deltatt p\u00e5 utstillinger over hele verden. Hun har blant annet stilt ut p\u00e5 Dansk Kunst- og Designmuseum og det anerkjente Drud &amp; K\u00f8ppe Gallery i K\u00f8benhavn.<\/p>\n<p>Priser, som Biennaleprisen, og stipender, blant annet fra Statens Kunstfond, feirer Annes eksepsjonelle evner. Hennes innflytelse strekker seg lenger enn bare ros - den er innebygd i disse prestisjetunge anerkjennelsene.<\/p>\n<p>Annes innflytelse er ikke begrenset til gallerier; den er en permanent del av kunstinstitusjonene. Hennes reise gjenspeiler et urokkelig engasjement som har satt uutslettelige spor p\u00e5 den internasjonale kunstscenen.<\/p>\n\t\t\t<\/div>\n\t\t\t<div class=\"le_textmedia_last medie-right round\">\n\t\t\t\t\t\t\t\t\t<img decoding=\"async\" src=\"https:\/\/6kutttnx.photoncache.com\/wp-content\/uploads\/sites\/5\/2024\/09\/anne1500x15001.jpg\" alt=\"\" \/>\n\t\t\t\t\t\t\t<\/div>\n\t\t<\/div>\n\t\t<\/div>\n\t<\/section>\n\t\n\n\t<section class=\"ct-section\">\n\t\t<style>\n\t\t@media (min-width:992px) {\n\t\t\t#le_textmedia_wrapper-block_34b8bf1290c6326f3d97560581d23e10 .le_textmedia_last {\n\t\t\t\tgrid-column: span 6;\n\t\t\t\tdisplay:flex;\n\t\t\t\talign-items:center;\n\t\t\t}\n\t\t\t#le_textmedia_wrapper-block_34b8bf1290c6326f3d97560581d23e10 .le_textmedia_first {\n\t\t\t\tgrid-column: span 6;\n\t\t\t}\n\t\t}\n\t<\/style>\n\t\t<div class=\"ct-section-inner-wrap\">\n\t\t<div id=\"le_textmedia_wrapper-block_34b8bf1290c6326f3d97560581d23e10\" class=\"le_section le_textmedia le_textmedia-img\">\n\t\t\t<div class=\"le_textmedia_first\">\n\t\t\t\t\t<h3>Design av Anne<\/h3>\n<p>Anne Fabricius M\u00f8ller, kjent for sine fantastiske tekstildesign, bruker sin kreative teft p\u00e5 CANVAS HiFi-h\u00f8yttalerne og tilf\u00f8rer lytteopplevelsen en visuell sjarm.\u00a0<a title=\"https:\/\/www.canvashifi.com\/products\/canvas-65?variant=47041698464052\" href=\"\/no\/product\/canvas-65-burnt-umber\/\">Burnt Umber<\/a>,\u00a0<a title=\"https:\/\/www.canvashifi.com\/products\/canvas-65?variant=47041698398516\" href=\"\/no\/product\/canvas-65-light-green\/\">Light Green<\/a>,\u00a0<a title=\"https:\/\/www.canvashifi.com\/products\/canvas-65?variant=47041698496820\" href=\"\/no\/product\/canvas-65-organic-green\/\">Organic Green<\/a>\u00a0, alle produsert av Kvadrat, gjenspeiler hennes unike touch, som s\u00f8ml\u00f8st blander stil og praktisk funksjonalitet.<\/p>\n<p>Disse h\u00f8yttalerne handler ikke bare om lyd; de er et lerret for Annes kunstnerskap. Mens du lytter, skaper designene hennes en visuelt tiltalende atmosf\u00e6re som forsterker hvert lyd\u00f8yeblikk. Det er en enkel, men perfekt blanding av kunst og funksjon, som forandrer hvordan vi nyter musikk.<\/p>\n<p>Anne Fabricius M\u00f8llers samarbeid med CANVAS HiFi er en hyllest til enkelhet og kreativitet. Hver farge og hvert m\u00f8nster forteller en beskjeden, men sjarmerende historie som forsterker b\u00e5de h\u00f8yttalerne og gleden ved \u00e5 lytte. Gj\u00f8r deg klar for magien i lyd og design!<\/p>\n\t\t\t\t\t\t\t<a href=\"\/no\/products\/\" class=\"le_btn le_btn_trans_b\">Utforsk frontdesignene v\u00e5re<\/a>\n\t\t\t\t\t\t\t\t\t<\/div>\n\t\t\t<div class=\"le_textmedia_last medie-left round\">\n\t\t\t\t\t\t\t\t\t<img decoding=\"async\" src=\"https:\/\/6kutttnx.photoncache.com\/wp-content\/uploads\/sites\/5\/2024\/09\/annefront21-1024x1024.jpg\" alt=\"\" \/>\n\t\t\t\t\t\t\t<\/div>\n\t\t<\/div>\n\t\t<\/div>\n\t<\/section>\n\t\n\n\t<section class=\"ct-section\">\n\t\t<style>\n\t\t@media (min-width:992px) {\n\t\t\t#le_textmedia_wrapper-block_c395bd499e61482547a650fc4a41f34e .le_textmedia_last {\n\t\t\t\tgrid-column: span 6;\n\t\t\t\tdisplay:flex;\n\t\t\t\talign-items:center;\n\t\t\t}\n\t\t\t#le_textmedia_wrapper-block_c395bd499e61482547a650fc4a41f34e .le_textmedia_first {\n\t\t\t\tgrid-column: span 6;\n\t\t\t}\n\t\t}\n\t<\/style>\n\t\t<div class=\"ct-section-inner-wrap\">\n\t\t<div id=\"le_textmedia_wrapper-block_c395bd499e61482547a650fc4a41f34e\" class=\"le_section le_textmedia le_textmedia-img\">\n\t\t\t<div class=\"le_textmedia_first\">\n\t\t\t\t\t<h3>Cristian Zuzunaga<\/h3>\n<p>Cristian Zuzunagas designeventyr startet med studier i typografi og grafisk design ved London College of Communication og Royal College of Art i London. I dag beveger han seg mellom de livlige kulturscenene i Barcelona og London, og finner inspirasjon i den moderne livsstilens intrikate vev og de arkitektoniske harmoniene i globale storbyer.<\/p>\n<p>I en verden der grensene viskes ut og kreativiteten ikke kjenner noen grenser, inntar Cristian Zuzunaga en ledende rolle og blander s\u00f8ml\u00f8st kunst, mote og design i et kreativt sammensurium. Denne sammensmeltingen omformer ikke bare hvordan vi ser ting, men ogs\u00e5 hvordan vi f\u00f8ler og ber\u00f8rer dem, og omdefinerer essensen av v\u00e5r tid.<\/p>\n<p>Zuzunagas kreative reise speiler ebb og str\u00f8m mellom disse to byene, og fanger og gjenspeiler den unike \u00e5nden i hver av dem. I en verden som utvikler seg utover alle begrensninger, st\u00e5r Zuzunagas kreative evner h\u00f8yt og legemliggj\u00f8r den uhemmede \u00e5nden i samtidens kreativitet.<\/p>\n\t\t\t<\/div>\n\t\t\t<div class=\"le_textmedia_last medie-right round\">\n\t\t\t\t\t\t\t\t\t<img decoding=\"async\" src=\"https:\/\/6kutttnx.photoncache.com\/wp-content\/uploads\/sites\/5\/2024\/09\/christian1500x15001-1024x1024.jpg\" alt=\"\" \/>\n\t\t\t\t\t\t\t<\/div>\n\t\t<\/div>\n\t\t<\/div>\n\t<\/section>\n\t\n\n\t<section class=\"ct-section\">\n\t\t<style>\n\t\t@media (min-width:992px) {\n\t\t\t#le_textmedia_wrapper-block_1feb7b34d007ab7a1a49f756736ecd2e .le_textmedia_last {\n\t\t\t\tgrid-column: span 6;\n\t\t\t\tdisplay:flex;\n\t\t\t\talign-items:center;\n\t\t\t}\n\t\t\t#le_textmedia_wrapper-block_1feb7b34d007ab7a1a49f756736ecd2e .le_textmedia_first {\n\t\t\t\tgrid-column: span 6;\n\t\t\t}\n\t\t}\n\t<\/style>\n\t\t<div class=\"ct-section-inner-wrap\">\n\t\t<div id=\"le_textmedia_wrapper-block_1feb7b34d007ab7a1a49f756736ecd2e\" class=\"le_section le_textmedia le_textmedia-img\">\n\t\t\t<div class=\"le_textmedia_first\">\n\t\t\t\t\t<h3>Design av Zuzunaga<\/h3>\n<p>Ved \u00e5 velge fra Cristian's mangfoldige utvalg av tekstildesign, har du muligheten til \u00e5 tilpasse din CANVAS HiFi, noe som gjenspeiler et uttrykk som passer perfekt til din personlige stil og interi\u00f8rdesign. Enten det er den sl\u00e5ende\u00a0<a title=\"https:\/\/www.canvashifi.com\/products\/canvas-65?variant=47041698300212\" href=\"\/no\/product\/canvas-65-structure-grey\/\">Structure Grey<\/a>, de innbydende tonene i\u00a0<a title=\"https:\/\/www.canvashifi.com\/products\/canvas-65?variant=47041698365748\" href=\"\/no\/product\/canvas-65-ocean-grey\/\">Ocean Grey<\/a>,\u00a0<a title=\"https:\/\/www.canvashifi.com\/products\/canvas-65?variant=47041698332980\" href=\"\/no\/product\/canvas-65-dark-blue\/\">Dark Blue<\/a>,\u00a0<a title=\"https:\/\/www.canvashifi.com\/products\/canvas-65?variant=47041698431284\" href=\"\/no\/product\/canvas-65-umber\/\">Umber<\/a>\u00a0eller den rolige\u00a0<a title=\"https:\/\/www.canvashifi.com\/products\/canvas-65?variant=47041698529588\" href=\"\/no\/product\/canvas-65-milled-ochre\/\">Milled Ochre<\/a>, gir hvert design, som er omhyggelig utformet av Cristian Zuzunaga og produsert av Kvadrat, et s\u00e6regent preg til rommet ditt. Gj\u00f8r CANVAS til et personlig mesterverk som ikke bare er visuelt fengslende, men som ogs\u00e5 uanstrengt smelter sammen med din spesifikke smak og innredning og skaper en harmonisk atmosf\u00e6re.<\/p>\n<p>Utforsk kunsten \u00e5 tilpasse, og la CANVAS bli et statement piece - et vitnesbyrd om din individualitet innen design og personlig uttrykk.<\/p>\n\t\t\t\t\t\t\t<a href=\"\/no\/products\/\" class=\"le_btn le_btn_trans_b\">Utforsk frontdesignene v\u00e5re<\/a>\n\t\t\t\t\t\t\t\t\t<\/div>\n\t\t\t<div class=\"le_textmedia_last medie-left round\">\n\t\t\t\t\t\t\t\t\t<img decoding=\"async\" src=\"https:\/\/6kutttnx.photoncache.com\/wp-content\/uploads\/sites\/5\/2024\/09\/christianfronte1-1024x1024.jpg\" alt=\"\" \/>\n\t\t\t\t\t\t\t<\/div>\n\t\t<\/div>\n\t\t<\/div>\n\t<\/section>\n\t\n\n\t<section class=\"ct-section\">\n\t\t<style>\n\t\t@media (min-width:992px) {\n\t\t\t#le_textmedia_wrapper-block_437cc71a19157c85c87648fdeda838b6 .le_textmedia_last {\n\t\t\t\tgrid-column: span 6;\n\t\t\t\tdisplay:flex;\n\t\t\t\talign-items:center;\n\t\t\t}\n\t\t\t#le_textmedia_wrapper-block_437cc71a19157c85c87648fdeda838b6 .le_textmedia_first {\n\t\t\t\tgrid-column: span 6;\n\t\t\t}\n\t\t}\n\t<\/style>\n\t\t<div class=\"ct-section-inner-wrap\">\n\t\t<div id=\"le_textmedia_wrapper-block_437cc71a19157c85c87648fdeda838b6\" class=\"le_section le_textmedia le_textmedia-img\">\n\t\t\t<div class=\"le_textmedia_first\">\n\t\t\t\t\t<h3>Susanne Helberg<\/h3>\n<p>I sin rolle som interi\u00f8rarkitekt har Susanne i en \u00e5rrekke arbeidet med nesten alle danske designklassikere innen m\u00f8belkunst. Med sin omfattende erfaring har hun spilt en sentral rolle i utformingen av CANVAS' endelige design. Dette omfatter intrikate detaljer i form, materialvalg, fargevarianter og praktisk funksjonalitet, og kulminerer i en unik l\u00f8sning som har redefinert integrasjonen av ekte Hi-Fi-lyd i god interi\u00f8rdesign.<\/p>\n<p>Resultatet har vist seg \u00e5 v\u00e6re s\u00e5 vellykket at ideen om \u00e5 innrede et hjem med autentisk Hi-Fi av h\u00f8y kvalitet har g\u00e5tt fra \u00e5 v\u00e6re en visuell n\u00f8dvendighet til \u00e5 bli et transformativt element som virkelig forbedrer den generelle estetikken. Susannes ekspertise har ikke bare l\u00f8ftet den auditive opplevelsen, men ogs\u00e5 s\u00f8ml\u00f8st integrert den i det visuelle tapetet av interi\u00f8rdesign, og viser hvordan omhyggelige designvalg kan revolusjonere skj\u00e6ringspunktet mellom teknologi og estetikk.<\/p>\n\t\t\t<\/div>\n\t\t\t<div class=\"le_textmedia_last medie-right round\">\n\t\t\t\t\t\t\t\t\t<img decoding=\"async\" src=\"https:\/\/6kutttnx.photoncache.com\/wp-content\/uploads\/sites\/5\/2024\/09\/Susanne1500x15001-1024x1024.jpg\" alt=\"\" \/>\n\t\t\t\t\t\t\t<\/div>\n\t\t<\/div>\n\t\t<\/div>\n\t<\/section>\n\t\n\n\t<section class=\"ct-section\">\n\t\t<style>\n\t\t@media (min-width:992px) {\n\t\t\t#le_textmedia_wrapper-block_273a3f72e9a02ee3da9e3be3946d892c .le_textmedia_last {\n\t\t\t\tgrid-column: span 6;\n\t\t\t\tdisplay:flex;\n\t\t\t\talign-items:center;\n\t\t\t}\n\t\t\t#le_textmedia_wrapper-block_273a3f72e9a02ee3da9e3be3946d892c .le_textmedia_first {\n\t\t\t\tgrid-column: span 6;\n\t\t\t}\n\t\t}\n\t<\/style>\n\t\t<div class=\"ct-section-inner-wrap\">\n\t\t<div id=\"le_textmedia_wrapper-block_273a3f72e9a02ee3da9e3be3946d892c\" class=\"le_section le_textmedia le_textmedia-img\">\n\t\t\t<div class=\"le_textmedia_first\">\n\t\t\t\t\t<h3>Design av Helberg<\/h3>\n<p>CANVAS er kjennetegnet av n\u00f8ye utvalgte materialer, blant annet fra det anerkjente danske tekstilmerket Kvadrat, og trefronter laget av lokale danske h\u00e5ndverkere. Den varierte fargepaletten, med\u00a0<a title=\"https:\/\/www.canvashifi.com\/products\/canvas-65?variant=47041698562356\" href=\"\/no\/product\/canvas-65-light-oak\/\">Light Oak<\/a>,\u00a0<a title=\"https:\/\/www.canvashifi.com\/products\/canvas-65?variant=47302688014644\" href=\"\/no\/product\/canvas-65-walnut\/\">Walnut<\/a>\u00a0og\u00a0<a title=\"https:\/\/www.canvashifi.com\/products\/canvas-65?variant=47041698595124\" href=\"\/no\/product\/canvas-65-mahogany\/\">Mahogany<\/a>, gjenspeiler det omhyggelige designet til Susanne Helberg. Denne gjennomtenkte tiln\u00e6rmingen sikrer ikke bare en s\u00f8ml\u00f8s integrering i ditt n\u00e5v\u00e6rende interi\u00f8rdesign, men gir ogs\u00e5 fleksibilitet til \u00e5 endre estetikken hvis du bestemmer deg for \u00e5 endre stil.<\/p>\n<p>Samarbeidet med Kvadrat er et uttrykk for en forpliktelse til kvalitet og et nikk til dansk h\u00e5ndverk. Det at lokale h\u00e5ndverkere er med, gir hvert enkelt produkt et autentisk preg, noe som gj\u00f8r CANVAS ikke bare til en h\u00f8yttaler, men til en harmonisk blanding av design og kunstnerskap. Omfavn allsidigheten i farger og materialer, i visshet om at CANVAS ikke bare gjenspeiler din n\u00e5v\u00e6rende stil, men ogs\u00e5 er et lerret for fremtidige forvandlinger, slik at rommet ditt kan utvikle seg i takt med dine designpreferanser over tid.<\/p>\n\t\t\t\t\t\t\t<a href=\"\/no\/products\/\" class=\"le_btn le_btn_trans_b\">Utforsk frontdesignene v\u00e5re<\/a>\n\t\t\t\t\t\t\t\t\t<\/div>\n\t\t\t<div class=\"le_textmedia_last medie-left round\">\n\t\t\t\t\t\t\t\t\t<img decoding=\"async\" src=\"https:\/\/6kutttnx.photoncache.com\/wp-content\/uploads\/sites\/5\/2024\/09\/egwrhtjehwr1.jpg\" alt=\"\" \/>\n\t\t\t\t\t\t\t<\/div>\n\t\t<\/div>\n\t\t<\/div>\n\t<\/section>\n\t\n\n\t<section class=\"ct-section\">\n\t\t<style>\n\t\t@media (min-width:992px) {\n\t\t\t#le_textmedia_wrapper-block_c29818436f363617da343da98e460634 .le_textmedia_last {\n\t\t\t\tgrid-column: span 6;\n\t\t\t\tdisplay:flex;\n\t\t\t\talign-items:center;\n\t\t\t}\n\t\t\t#le_textmedia_wrapper-block_c29818436f363617da343da98e460634 .le_textmedia_first {\n\t\t\t\tgrid-column: span 6;\n\t\t\t}\n\t\t}\n\t<\/style>\n\t\t<div class=\"ct-section-inner-wrap\">\n\t\t<div id=\"le_textmedia_wrapper-block_c29818436f363617da343da98e460634\" class=\"le_section le_textmedia le_textmedia-video\">\n\t\t\t<div class=\"le_textmedia_first\">\n\t\t\t\t\t<h3>Ogs\u00e5 vakker bakfra<\/h3>\n<p>CANVAS universal TV-brakett er innbegrepet av elegant og praktisk design. Si farvel til det skjemmende rotet av bokser og ledninger som ofte plager underholdningsoppsett.<\/p>\n<p>Denne innovative braketten er laget med et skjult rom som er smart integrert bak skjermen, noe som gir en diskret l\u00f8sning for oppbevaring av elektronikk, kabler og stikkontakter. N\u00e5 trenger du ikke lenger \u00e5 tolerere kaoset av sammenfiltrede ledninger eller uoversiktlige rom bak TV-en.<\/p>\n<p>Med CANVAS utstr\u00e5ler underholdningssystemet ditt eleganse og ryddighet. F\u00e5 en s\u00f8ml\u00f8s visningsopplevelse uten \u00e5 g\u00e5 p\u00e5 kompromiss med estetikken. Forvandle hjemmet ditt til en oase av enkelhet og raffinement med den universelle TV-braketten CANVAS - for hvem ville ikke sette pris p\u00e5 et milj\u00f8 fritt for rot? L\u00f8ft underholdningsoppsettet ditt med denne gjennomtenkte l\u00f8sningen, der form og funksjon m\u00f8tes uten problemer.<\/p>\n\t\t\t\t\t\t\t<a href=\"\/no\/products\/\" class=\"le_btn le_btn_trans_b\">Utforsk CANVAS HiFi<\/a>\n\t\t\t\t\t\t\t\t\t<\/div>\n\t\t\t<div class=\"le_textmedia_last medie-right round\">\n\t\t\t\t\t\t\t\t\t<div class=\"le_videogrid autoplay muted playsinline loop\">\n\t\t\t\t\t\t<div class=\"le_videogrid_video_outer\" data-video=\"vec381546\">\n\t\t\t\t\t\t\t<video class=\"plyr videogrid_video\" data-poster=\"\" autoplay muted playsinline loop controlslist=\"nodownload noplaybackrate nopictureinpicture\" disablepictureinpicture preload=\"none\">\n\t\t\t\t\t\t\t\t<source src=\"https:\/\/6kutttnx.photoncache.com\/wp-content\/uploads\/sites\/5\/2024\/09\/75105554c3c946a4bf9a719932d967d1.HD-1080p-4.8Mbps-22498370.mp4\" type=\"video\/mp4\">\n\t\t\t\t\t\t\t<\/video>\n\t\t\t\t\t\t<\/div>\n\t\t\t\t\t<\/div>\n\t\t\t\t\t\t\t<\/div>\n\t\t<\/div>\n\t\t<\/div>\n\t<\/section>\n\t\n\n\t<section class=\"ct-section\">\n\t\t<style>\n\t\t@media (min-width:992px) {\n\t\t\t#le_textmedia_wrapper-block_06102a06c3a69f9402f90b63fc85fb9f .le_textmedia_last {\n\t\t\t\tgrid-column: span 6;\n\t\t\t\tdisplay:flex;\n\t\t\t\talign-items:center;\n\t\t\t}\n\t\t\t#le_textmedia_wrapper-block_06102a06c3a69f9402f90b63fc85fb9f .le_textmedia_first {\n\t\t\t\tgrid-column: span 6;\n\t\t\t}\n\t\t}\n\t<\/style>\n\t\t<div class=\"ct-section-inner-wrap\">\n\t\t<div id=\"le_textmedia_wrapper-block_06102a06c3a69f9402f90b63fc85fb9f\" class=\"le_section le_textmedia le_textmedia-img\">\n\t\t\t<div class=\"le_textmedia_first\">\n\t\t\t\t\t<h3>Fremtidssikkert design<\/h3>\n<p>En unik kombinasjon av hybridstativ\/veggbrakett og universelt justerbar TV-brakett sikrer at CANVAS kan tilpasses dine TV-behov, ikke bare n\u00e5, men ogs\u00e5 i fremtiden. CANVAS kan tilpasses uansett om du \u00f8nsker \u00e5 bytte modell eller st\u00f8rrelse p\u00e5 TV-en din. Og hvis du \u00f8nsker et helt nytt uttrykk i stuen, kan fronten n\u00e5r som helst endres til akkurat det uttrykket som passer deg.<\/p>\n\t\t\t\t\t\t\t<a href=\"\/no\/products\/\" class=\"le_btn le_btn_trans_b\">Utforsk CANVAS HiFi<\/a>\n\t\t\t\t\t\t\t\t\t<\/div>\n\t\t\t<div class=\"le_textmedia_last medie-left round\">\n\t\t\t\t\t\t\t\t\t<img decoding=\"async\" src=\"https:\/\/6kutttnx.photoncache.com\/wp-content\/uploads\/sites\/5\/2024\/09\/placeholder1.jpg\" alt=\"\" \/>\n\t\t\t\t\t\t\t<\/div>\n\t\t<\/div>\n\t\t<\/div>\n\t<\/section>\n\t\n\n\t<section class=\"ct-section\">\n\t\t<style>\n\t\t@media (min-width:992px) {\n\t\t\t#le_textmedia_wrapper-block_49e6d4581017973bad61f2b3ebd4c439 .le_textmedia_last {\n\t\t\t\tgrid-column: span 6;\n\t\t\t\tdisplay:flex;\n\t\t\t\talign-items:center;\n\t\t\t}\n\t\t\t#le_textmedia_wrapper-block_49e6d4581017973bad61f2b3ebd4c439 .le_textmedia_first {\n\t\t\t\tgrid-column: span 6;\n\t\t\t}\n\t\t}\n\t<\/style>\n\t\t<div class=\"ct-section-inner-wrap\">\n\t\t<div id=\"le_textmedia_wrapper-block_49e6d4581017973bad61f2b3ebd4c439\" class=\"le_section le_textmedia le_textmedia-video\">\n\t\t\t<div class=\"le_textmedia_first\">\n\t\t\t\t\t<h3>Passer perfekt til TV-en din<\/h3>\n<p>Tilgjengelig i flere st\u00f8rrelser, inkludert 55\", 65\", 75\", 77\", 83\" og 85\". CANVAS gir en s\u00f8ml\u00f8s og sofistikert integrering med TV-en din. L\u00f8ft hjemmeunderholdningen til nye h\u00f8yder med CANVAS.<\/p>\n\t\t\t\t\t\t\t<a href=\"\/no\/products\/\" class=\"le_btn le_btn_trans_b\">Utforsk CANVAS HiFi<\/a>\n\t\t\t\t\t\t\t\t\t<\/div>\n\t\t\t<div class=\"le_textmedia_last medie-right round\">\n\t\t\t\t\t\t\t\t\t<div class=\"le_videogrid autoplay muted playsinline loop\">\n\t\t\t\t\t\t<div class=\"le_videogrid_video_outer\" data-video=\"v08c74b1a\">\n\t\t\t\t\t\t\t<video class=\"plyr videogrid_video\" data-poster=\"\" autoplay muted playsinline loop controlslist=\"nodownload noplaybackrate nopictureinpicture\" disablepictureinpicture preload=\"none\">\n\t\t\t\t\t\t\t\t<source src=\"https:\/\/6kutttnx.photoncache.com\/wp-content\/uploads\/sites\/5\/2024\/09\/344c13485922490ea47d129b0e59ef9e.HD-1080p-7.2Mbps-17943780-3.mp4\" type=\"video\/mp4\">\n\t\t\t\t\t\t\t<\/video>\n\t\t\t\t\t\t<\/div>\n\t\t\t\t\t<\/div>\n\t\t\t\t\t\t\t<\/div>\n\t\t<\/div>\n\t\t<\/div>\n\t<\/section>\n\t\n\n\t<section class=\"ct-section\">\n\t\t<style>\n\t\t@media (min-width:992px) {\n\t\t\t#le_textmedia_wrapper-block_55aaa1f2984f395136388a7ad19c5869 .le_textmedia_last {\n\t\t\t\tgrid-column: span 6;\n\t\t\t\tdisplay:flex;\n\t\t\t\talign-items:center;\n\t\t\t}\n\t\t\t#le_textmedia_wrapper-block_55aaa1f2984f395136388a7ad19c5869 .le_textmedia_first {\n\t\t\t\tgrid-column: span 6;\n\t\t\t}\n\t\t}\n\t<\/style>\n\t\t<div class=\"ct-section-inner-wrap\">\n\t\t<div id=\"le_textmedia_wrapper-block_55aaa1f2984f395136388a7ad19c5869\" class=\"le_section le_textmedia le_textmedia-img\">\n\t\t\t<div class=\"le_textmedia_first\">\n\t\t\t\t\t<h3>Utforsk CANVAS i stuen din<\/h3>\n<p>St\u00e5r du overfor utfordringen med \u00e5 velge den optimale frontfargen og -st\u00f8rrelsen til CANVAS HiFi?<\/p>\n<p>Vi presenterer en enkel, men effektiv l\u00f8sning som gj\u00f8r at du slipper \u00e5 gjette deg frem. Ved hjelp av innovativ bruk av Augmented Reality (AR) kan du se for deg og skreddersy den perfekte matchingen for hjemmet ditt. Fordyp deg i en virtuell opplevelse som gir deg en klar og tydelig forh\u00e5ndsvisning av hvordan CANVAS HiFi s\u00f8ml\u00f8st integreres i ditt hjem.<\/p>\n\t\t\t\t\t\t\t<a href=\"\/no\/visualize-canvas\/\" class=\"le_btn le_btn_trans_b\">Klikk for \u00e5 visualisere<\/a>\n\t\t\t\t\t\t\t\t\t<\/div>\n\t\t\t<div class=\"le_textmedia_last medie-left round\">\n\t\t\t\t\t\t\t\t\t<img decoding=\"async\" src=\"https:\/\/6kutttnx.photoncache.com\/wp-content\/uploads\/sites\/5\/2024\/09\/AR_visualisering1-1024x683.jpg\" alt=\"\" \/>\n\t\t\t\t\t\t\t<\/div>\n\t\t<\/div>\n\t\t<\/div>\n\t<\/section>","protected":false},"excerpt":{"rendered":"","protected":false},"author":1,"featured_media":0,"parent":0,"menu_order":0,"comment_status":"closed","ping_status":"closed","template":"","meta":{"_acf_changed":false,"footnotes":""},"class_list":["post-586","page","type-page","status-publish","hentry"],"acf":[],"_links":{"self":[{"href":"https:\/\/canvashifi.com\/no\/wp-json\/wp\/v2\/pages\/586","targetHints":{"allow":["GET"]}}],"collection":[{"href":"https:\/\/canvashifi.com\/no\/wp-json\/wp\/v2\/pages"}],"about":[{"href":"https:\/\/canvashifi.com\/no\/wp-json\/wp\/v2\/types\/page"}],"author":[{"embeddable":true,"href":"https:\/\/canvashifi.com\/no\/wp-json\/wp\/v2\/users\/1"}],"replies":[{"embeddable":true,"href":"https:\/\/canvashifi.com\/no\/wp-json\/wp\/v2\/comments?post=586"}],"version-history":[{"count":0,"href":"https:\/\/canvashifi.com\/no\/wp-json\/wp\/v2\/pages\/586\/revisions"}],"wp:attachment":[{"href":"https:\/\/canvashifi.com\/no\/wp-json\/wp\/v2\/media?parent=586"}],"curies":[{"name":"wp","href":"https:\/\/api.w.org\/{rel}","templated":true}]}}