{"id":6223,"date":"2025-12-19T08:17:13","date_gmt":"2025-12-19T07:17:13","guid":{"rendered":"https:\/\/canvashifi.com\/?page_id=6223"},"modified":"2026-04-17T13:59:21","modified_gmt":"2026-04-17T11:59:21","slug":"the-hifi-frame-installation-manual","status":"publish","type":"page","link":"https:\/\/canvashifi.com\/no\/the-hifi-frame-installation-manual\/","title":{"rendered":"The HiFi Frame - Installation\u00a0manual"},"content":{"rendered":"<section id=\"hero-block_89f6f2a136c8952b0165e43d60583e2f\" class=\"hero h-height-xs h-mheight-xl c_width_l heading_xl\" style=\"--txt-color: rgb(10,10,10); --bg-color: #bcbdc0; --overlay-opacity: 0%\">\n        \n        <div class=\"hero__overlay\"><\/div>\n\n        <div class=\"ct-section-inner-wrap hero__content c-position_mc a_txt_center\">\n                            <div class=\"element__subheading\">Installasjonsinstruksjoner<\/div>\n                                        <h1 class=\"element__heading\"><p>THE HIFI FRAME<\/p>\n<\/h1>\n            \n            \n                    <\/div>\n    <\/section>\n    \n\n\t<section id=\"text-media-block_748b61900ee0063331b3dbd46df55275\" class=\"text-media heading_s medie-right media-6-cols\" style=\"--txt-color: #000000; --bg-color: #FFFFFF\">\n\t\t<div class=\"text-media__inner a_txt_left text_first no_heading ct-section-inner-wrap\">\n\t\t\t<div class=\"text-media__text\" style=\"grid-column: span 6\">\n\t\t\t\t\n\t\t\t\t\t\t\t\t\t<div class=\"element__text\"><p>Gjennom de f\u00f8lgende 6 trinnene vil du feste <a href=\"https:\/\/canvashifi.com\/no\/the-hifi-frame\/\" target=\"_blank\" rel=\"noopener\"><strong data-start=\"48\" data-end=\"66\">HiFi-rammen<\/strong><\/a> sikkert til TV-en og CANVAS-h\u00f8yttaleren, noe som sikrer en presis og s\u00f8ml\u00f8s installasjon.<\/p>\n<p>&nbsp;<\/p>\n<p><strong>Deler i esken:<\/strong><\/p>\n<ul>\n<li>2 stk. Horisontale rammeprofiler<\/li>\n<li>2 stk. Vertikale rammeprofiler<\/li>\n<li>2 stk. Gr\u00e5 gummif\u00f8tter<\/li>\n<li>2 stk gummif\u00f8tter skruer<\/li>\n<li>4 stk. Hj\u00f8rnebraketter med skruer<\/li>\n<li>4 stk. Hj\u00f8rnebrakett bakplater<\/li>\n<li>4 prosent fotbraketter<\/li>\n<li>12 stk. Strekkfj\u00e6rer<\/li>\n<li>8 stk. 2 mm avstandsstykke<\/li>\n<li>8 stk. 3 mm avstandsstykke<\/li>\n<li>8 stk. 5 mm avstandsstykke<\/li>\n<li>8 stk. 10 mm avstandsstykke<\/li>\n<\/ul>\n<p><span style=\"color: #ff0000;\">Hvis du ikke \u00f8nsker \u00e5 bruke det gulvst\u00e5ende CANVAS-oppsettet, kan du hoppe over trinn 1.<\/span><\/p>\n<\/div>\n\t\t\t\t\n\t\t\t\t\t\t\t<\/div>\n\n\t\t\t<div class=\"text-media__media\" style=\"grid-column: span 6\">\n\t\t\t\t\t\t\t\t\t<img decoding=\"async\" src=\"https:\/\/6kutttnx.photoncache.com\/wp-content\/uploads\/sites\/5\/2026\/04\/indhold-1024x892.png\" alt=\"\" \/>\n\t\t\t\t\t\t\t<\/div>\n\t\t<\/div>\n\t<\/section>\n\t\n\n    <section id=\"hero-block_8f70d1afa1874d84cd4d02955f37cff6\" class=\"hero h-height-xs h-mheight-l c_width_full heading_xl\" style=\"--txt-color: rgb(10,10,10); --bg-color: #bcbdc0; --overlay-opacity: 0%\">\n        \n        <div class=\"hero__overlay\"><\/div>\n\n        <div class=\"ct-section-inner-wrap hero__content c-position_mc a_txt_center\">\n                                        <h2 class=\"element__heading\"><p>Trinn 1 av 6<\/p>\n<\/h2>\n            \n                            <div class=\"element__text content-size-content_s\">\n                    <p>Montering av medf\u00f8lgende f\u00f8tter<\/p>\n                <\/div>\n            \n                    <\/div>\n    <\/section>\n    \n\n\t<section id=\"text-media-block_7bd57024c992f49ce1ed1d3cc4c77a02\" class=\"text-media heading_s medie-right media-6-cols\" style=\"--txt-color: #000000; --bg-color: #FFFFFF\">\n\t\t<div class=\"text-media__inner a_txt_left text_first  ct-section-inner-wrap\">\n\t\t\t<div class=\"text-media__text\" style=\"grid-column: span 6\">\n\t\t\t\t\t\t\t\t\t<h3 class=\"element__heading\">Montering av medf\u00f8lgende f\u00f8tter<\/h3>\n\t\t\t\t\n\t\t\t\t\t\t\t\t\t<div class=\"element__text\"><div>Vri CANVAS-enheten forsiktig for \u00e5 f\u00e5 tilgang til undersiden.<\/div>\n<div>Hvis din CANVAS allerede er utstyrt med f\u00f8tter, m\u00e5 du skru av og fjerne de originale f\u00f8ttene.<\/div>\n<div><\/div>\n<div><strong>Identifiser monteringshullene<\/strong><\/div>\n<div><\/div>\n<div>Du vil se to hull p\u00e5 undersiden:<\/div>\n<ul>\n<li>Ett gjenget hull (innvendig posisjon)<\/li>\n<li>Ett hull uten gjenger (ytre posisjon)<\/li>\n<\/ul>\n<\/div>\n\t\t\t\t\n\t\t\t\t\t\t\t<\/div>\n\n\t\t\t<div class=\"text-media__media\" style=\"grid-column: span 6\">\n\t\t\t\t\t\t\t\t\t<img decoding=\"async\" src=\"https:\/\/6kutttnx.photoncache.com\/wp-content\/uploads\/sites\/5\/2026\/04\/Foot_3-1024x768.jpg\" alt=\"\" \/>\n\t\t\t\t\t\t\t<\/div>\n\t\t<\/div>\n\t<\/section>\n\t\n\n\t<section id=\"text-media-block_a753369ea5142bf5760b63592aec75f3\" class=\"text-media heading_m medie-left media-6-cols\" style=\"--txt-color: #000000; --bg-color: #FFFFFF\">\n\t\t<div class=\"text-media__inner a_txt_left text_first no_heading ct-section-inner-wrap\">\n\t\t\t<div class=\"text-media__text\" style=\"grid-column: span 6\">\n\t\t\t\t\n\t\t\t\t\t\t\t\t\t<div class=\"element__text\"><div>Klargj\u00f8r de nye f\u00f8ttene ved \u00e5 feste de to medf\u00f8lgende ringene (fotbrakettene) p\u00e5 hver fot.<\/div>\n<div><\/div>\n<div>Skru de nye f\u00f8ttene inn i det innvendige gjengehullet.<\/div>\n<div>S\u00f8rg for at de er godt festet, men ikke stram for hardt.<\/div>\n<div>Vri CANVAS-enheten forsiktig tilbake til sin opprinnelige posisjon.<\/div>\n<\/div>\n\t\t\t\t\n\t\t\t\t\t\t\t<\/div>\n\n\t\t\t<div class=\"text-media__media\" style=\"grid-column: span 6\">\n\t\t\t\t\t\t\t\t\t<img decoding=\"async\" src=\"https:\/\/6kutttnx.photoncache.com\/wp-content\/uploads\/sites\/5\/2026\/04\/Foot_2-1024x512.jpg\" alt=\"\" \/>\n\t\t\t\t\t\t\t<\/div>\n\t\t<\/div>\n\t<\/section>\n\t\n\n    <section id=\"hero-block_86b51675b0f31dd2573e534d545a1067\" class=\"hero h-height-xs h-mheight-l c_width_full heading_xl\" style=\"--txt-color: rgb(10,10,10); --bg-color: #bcbdc0; --overlay-opacity: 0%\">\n        \n        <div class=\"hero__overlay\"><\/div>\n\n        <div class=\"ct-section-inner-wrap hero__content c-position_mc a_txt_center\">\n                                        <h2 class=\"element__heading\"><p>Trinn 2 av 6<\/p>\n<\/h2>\n            \n                            <div class=\"element__text content-size-content_s\">\n                    <p>Bestemme st\u00f8rrelsen p\u00e5 avstandsstykket<\/p>\n                <\/div>\n            \n                    <\/div>\n    <\/section>\n    \n\n\t<section id=\"text-media-block_c48388f84019f023999ea0591e0fd1e0\" class=\"text-media heading_s medie-right media-6-cols\" style=\"--txt-color: #000000; --bg-color: #FFFFFF\">\n\t\t<div class=\"text-media__inner a_txt_left text_first  ct-section-inner-wrap\">\n\t\t\t<div class=\"text-media__text\" style=\"grid-column: span 6\">\n\t\t\t\t\t\t\t\t\t<h3 class=\"element__heading\">Bestemme st\u00f8rrelsen p\u00e5 avstandsstykket<\/h3>\n\t\t\t\t\n\t\t\t\t\t\t\t\t\t<div class=\"element__text\"><p>Begynn med \u00e5 m\u00e5le bredden p\u00e5 TV-en i millimeter (TW). Trekk dette m\u00e5let fra rammens innvendige bredde (FW), og del resultatet med to. Denne beregningen bestemmer avstanden mellom TV-en og rammen og hjelper deg med \u00e5 velge riktig st\u00f8rrelse p\u00e5 avstandsstykket.<\/p>\n<p><strong>Innvendig bredde p\u00e5 rammen: <em>(FW)<\/em><\/strong><\/p>\n<ul>\n<li><strong>55\"<\/strong>: 1239 mm.<\/li>\n<li><strong>65\"<\/strong>: 1458 mm.<\/li>\n<li><strong>75\"<\/strong>: 1687 mm.<\/li>\n<li><strong>77\"<\/strong>: 1724 mm.<\/li>\n<li><strong>83\"<\/strong>: 1857 mm.<\/li>\n<li><strong>85\"<\/strong>: 1906 mm.<\/li>\n<\/ul>\n<\/div>\n\t\t\t\t\n\t\t\t\t\t\t\t<\/div>\n\n\t\t\t<div class=\"text-media__media\" style=\"grid-column: span 6\">\n\t\t\t\t\t\t\t\t\t<img decoding=\"async\" src=\"https:\/\/6kutttnx.photoncache.com\/wp-content\/uploads\/sites\/5\/2025\/12\/Spacer-Size-1024x768.jpg\" alt=\"\" \/>\n\t\t\t\t\t\t\t<\/div>\n\t\t<\/div>\n\t<\/section>\n\t\n\n\t<section id=\"text-media-block_979bf683267ee3c925f782da2d7efc18\" class=\"text-media heading_m medie-left media-6-cols\" style=\"--txt-color: #000000; --bg-color: #FFFFFF\">\n\t\t<div class=\"text-media__inner a_txt_left text_first no_heading ct-section-inner-wrap\">\n\t\t\t<div class=\"text-media__text\" style=\"grid-column: span 6\">\n\t\t\t\t\n\t\t\t\t\t\t\t\t\t<div class=\"element__text\"><p data-start=\"639\" data-end=\"884\">I de fleste tilfeller kan samme st\u00f8rrelse p\u00e5 avstandsstykket brukes til b\u00e5de de vertikale profilene og den \u00f8verste horisontale profilen. F\u00f8r du fester avstandsstykket, anbefaler vi at du pr\u00f8ver \u00e5 montere det mellom topprammen og TV-en mens den selvklebende baksiden fortsatt er tildekket.<\/p>\n<p data-start=\"886\" data-end=\"1144\">Ved behov kan to avstandsstykker kombineres (f.eks. 2 mm. + 5 mm. for \u00e5 oppn\u00e5 7 mm.) for \u00e5 oppn\u00e5 optimal passform. Plasser avstandsstykkene i n\u00e6rheten av hvert hj\u00f8rne, ca. 40-60 mm fra kanten.<\/p>\n<p data-start=\"886\" data-end=\"1144\"><strong>Unng\u00e5 \u00e5 plassere avstandsstykker mer enn 60 mm fra hj\u00f8rnene, da dette kan f\u00f8re til at rammen b\u00f8yer seg utover.<\/strong><\/p>\n<\/div>\n\t\t\t\t\n\t\t\t\t\t\t\t<\/div>\n\n\t\t\t<div class=\"text-media__media\" style=\"grid-column: span 6\">\n\t\t\t\t\t\t\t\t\t<img decoding=\"async\" src=\"https:\/\/6kutttnx.photoncache.com\/wp-content\/uploads\/sites\/5\/2026\/04\/spacers-1024x768.jpg\" alt=\"\" \/>\n\t\t\t\t\t\t\t<\/div>\n\t\t<\/div>\n\t<\/section>\n\t\n\n    <section id=\"hero-block_ab81783ede8afe8a35115312492fc434\" class=\"hero h-height-xs h-mheight-l c_width_full heading_xl\" style=\"--txt-color: rgb(10,10,10); --bg-color: #bcbdc0; --overlay-opacity: 0%\">\n        \n        <div class=\"hero__overlay\"><\/div>\n\n        <div class=\"ct-section-inner-wrap hero__content c-position_mc a_txt_center\">\n                                        <h2 class=\"element__heading\"><p>Trinn 3 av 6<\/p>\n<\/h2>\n            \n                            <div class=\"element__text content-size-content_s\">\n                    <p>Klargj\u00f8ring av de vertikale profilene<\/p>\n                <\/div>\n            \n                    <\/div>\n    <\/section>\n    \n\n\t<section id=\"text-media-block_46ada7483964e84ecb4dc0dc6df50a34\" class=\"text-media heading_m medie-right media-6-cols\" style=\"--txt-color: #000000; --bg-color: #FFFFFF\">\n\t\t<div class=\"text-media__inner a_txt_left text_first  ct-section-inner-wrap\">\n\t\t\t<div class=\"text-media__text\" style=\"grid-column: span 6\">\n\t\t\t\t\t\t\t\t\t<h3 class=\"element__heading\">Klargj\u00f8ring av de vertikale profilene<\/h3>\n\t\t\t\t\n\t\t\t\t\t\t\t\t\t<div class=\"element__text\"><div>Legg et mykt teppe eller teppe p\u00e5 gulvet for \u00e5 beskytte rammen og gulvet mot riper under monteringen.<\/div>\n<div><\/div>\n<div>Rett inn de to V-formede brakettene mot hverandre.<\/div>\n<div><\/div>\n<div>S\u00f8rg for at \u201cFace B\u201d p\u00e5 den ene braketten er p\u00e5 linje med \u201cB Face\u201d p\u00e5 den andre.<\/div>\n<div><\/div>\n<div>Plasser de to V-formede brakettene mot hverandre. Denne monteringen skaper en definert avstand som beskytter CANVAS mot direkte kontakt.<\/div>\n<p>Monter hj\u00f8rnebrakettene p\u00e5 toppen og bunnen av begge de vertikale rammeprofilene med de riktige avstandsstykkene valgt. Kontroller at alle brakettene er riktig orientert og godt festet f\u00f8r du fortsetter.<\/p>\n<\/div>\n\t\t\t\t\n\t\t\t\t\t\t\t<\/div>\n\n\t\t\t<div class=\"text-media__media\" style=\"grid-column: span 6\">\n\t\t\t\t\t\t\t\t\t<img decoding=\"async\" src=\"https:\/\/6kutttnx.photoncache.com\/wp-content\/uploads\/sites\/5\/2026\/04\/Produkter-til-HiFi-1024x768.jpg\" alt=\"\" \/>\n\t\t\t\t\t\t\t<\/div>\n\t\t<\/div>\n\t<\/section>\n\t\n\n    <section id=\"hero-block_ea795d0246ad04ed2573a86bd4517e7b\" class=\"hero h-height-xs h-mheight-l c_width_full heading_xl\" style=\"--txt-color: rgb(10,10,10); --bg-color: #bcbdc0; --overlay-opacity: 0%\">\n        \n        <div class=\"hero__overlay\"><\/div>\n\n        <div class=\"ct-section-inner-wrap hero__content c-position_mc a_txt_center\">\n                                        <h2 class=\"element__heading\"><p>Trinn 3 av 5<\/p>\n<\/h2>\n            \n                            <div class=\"element__text content-size-content_s\">\n                    <p>Montering av rammen<\/p>\n                <\/div>\n            \n                    <\/div>\n    <\/section>\n    \n\n\t<section id=\"text-media-block_1500c673d5bcdf7962ae789eefca156f\" class=\"text-media heading_s medie-right media-6-cols\" style=\"--txt-color: #000000; --bg-color: #FFFFFF\">\n\t\t<div class=\"text-media__inner a_txt_left text_first  ct-section-inner-wrap\">\n\t\t\t<div class=\"text-media__text\" style=\"grid-column: span 6\">\n\t\t\t\t\t\t\t\t\t<h3 class=\"element__heading\">Montering av rammen<\/h3>\n\t\t\t\t\n\t\t\t\t\t\t\t\t\t<div class=\"element__text\"><div>Monter topprofilen sammen med sideprofilene. P\u00e5 dette stadiet m\u00e5 du ikke feste bunnprofilen og unng\u00e5 \u00e5 stramme hj\u00f8rnebrakettene helt, da rammen m\u00e5 v\u00e6re litt justerbar for justering.<\/div>\n<div><\/div>\n<div>Skyv den delvis monterte rammen forsiktig ned over TV-en, slik at den hviler godt p\u00e5 TV-en som st\u00f8tte.<\/div>\n<\/div>\n\t\t\t\t\n\t\t\t\t\t\t\t<\/div>\n\n\t\t\t<div class=\"text-media__media\" style=\"grid-column: span 6\">\n\t\t\t\t\t\t\t\t\t<img decoding=\"async\" src=\"https:\/\/6kutttnx.photoncache.com\/wp-content\/uploads\/sites\/5\/2026\/04\/Produkter-til-HiFi6-1024x768.jpg\" alt=\"\" \/>\n\t\t\t\t\t\t\t<\/div>\n\t\t<\/div>\n\t<\/section>\n\t\n\n    <section id=\"hero-block_01367ab8dcba5a9a0df249d4cc5f8734\" class=\"hero h-height-xs h-mheight-l c_width_full heading_xl\" style=\"--txt-color: rgb(10,10,10); --bg-color: #bcbdc0; --overlay-opacity: 0%\">\n        \n        <div class=\"hero__overlay\"><\/div>\n\n        <div class=\"ct-section-inner-wrap hero__content c-position_mc a_txt_center\">\n                                        <h2 class=\"element__heading\"><p>Trinn 5 av 6<\/p>\n<\/h2>\n            \n                            <div class=\"element__text content-size-content_s\">\n                    <p>Endelig justering<\/p>\n                <\/div>\n            \n                    <\/div>\n    <\/section>\n    \n\n\t<section id=\"text-media-block_7d4698590a8ddb61e5abf5c872ca210a\" class=\"text-media heading_s medie-right media-6-cols\" style=\"--txt-color: #000000; --bg-color: #FFFFFF\">\n\t\t<div class=\"text-media__inner a_txt_left text_first  ct-section-inner-wrap\">\n\t\t\t<div class=\"text-media__text\" style=\"grid-column: span 6\">\n\t\t\t\t\t\t\t\t\t<h3 class=\"element__heading\">Endelig justering<\/h3>\n\t\t\t\t\n\t\t\t\t\t\t\t\t\t<div class=\"element__text\"><p>Etter at hovedrammen er montert, skyver du den venstre vertikale profilen inn i b\u00e5de den \u00f8vre og nedre horisontale profilen og strammer skruene.<\/p>\n<p>For \u00e5 oppn\u00e5 n\u00f8yaktig justering l\u00f8sner du ett hj\u00f8rne om gangen og justerer etter behov til rammen sitter jevnt og symmetrisk.<\/p>\n<\/div>\n\t\t\t\t\n\t\t\t\t\t\t\t<\/div>\n\n\t\t\t<div class=\"text-media__media\" style=\"grid-column: span 6\">\n\t\t\t\t\t\t\t\t\t<img decoding=\"async\" src=\"https:\/\/6kutttnx.photoncache.com\/wp-content\/uploads\/sites\/5\/2025\/12\/Step-4-1024x768.jpg\" alt=\"\" \/>\n\t\t\t\t\t\t\t<\/div>\n\t\t<\/div>\n\t<\/section>\n\t\n\n    <section id=\"hero-block_b344a33aceffd0b0a93af37925e54dc4\" class=\"hero h-height-xs h-mheight-l c_width_full heading_xl\" style=\"--txt-color: rgb(10,10,10); --bg-color: #bcbdc0; --overlay-opacity: 0%\">\n        \n        <div class=\"hero__overlay\"><\/div>\n\n        <div class=\"ct-section-inner-wrap hero__content c-position_mc a_txt_center\">\n                                        <h2 class=\"element__heading\"><p>Trinn 6 av 6<\/p>\n<\/h2>\n            \n                            <div class=\"element__text content-size-content_s\">\n                    <p>Sikring av rammen<\/p>\n                <\/div>\n            \n                    <\/div>\n    <\/section>\n    \n\n\t<section id=\"text-media-block_8da335a5dbfbf3a9e13c554162fe0b09\" class=\"text-media heading_s medie-right media-6-cols\" style=\"--txt-color: #000000; --bg-color: #FFFFFF\">\n\t\t<div class=\"text-media__inner a_txt_left text_first  ct-section-inner-wrap\">\n\t\t\t<div class=\"text-media__text\" style=\"grid-column: span 6\">\n\t\t\t\t\t\t\t\t\t<h3 class=\"element__heading\">Sikring av rammen<\/h3>\n\t\t\t\t\n\t\t\t\t\t\t\t\t\t<div class=\"element__text\"><p>For \u00e5 sikre at rammen sitter i flukt med TV-en og CANVAS-h\u00f8yttaleren, monterer du strammeklipsene p\u00e5 baksiden av rammen. Sett den ene enden av hver klips inn mellom rammen og baksiden av TV-en, og trykk og skyv deretter den motsatte enden p\u00e5 plass, med begge ender vendt mot rammen.<\/p>\n<\/div>\n\t\t\t\t\n\t\t\t\t\t\t\t<\/div>\n\n\t\t\t<div class=\"text-media__media\" style=\"grid-column: span 6\">\n\t\t\t\t\t\t\t\t\t<img decoding=\"async\" src=\"https:\/\/6kutttnx.photoncache.com\/wp-content\/uploads\/sites\/5\/2025\/12\/Step-5-1024x768.jpg\" alt=\"\" \/>\n\t\t\t\t\t\t\t<\/div>\n\t\t<\/div>\n\t<\/section>\n\t\n\n\t<section id=\"text-media-block_c2320d9cc237b9bf8d9e91499702fc93\" class=\"text-media heading_s medie-left media-6-cols\" style=\"--txt-color: #000000; --bg-color: #FFFFFF\">\n\t\t<div class=\"text-media__inner a_txt_left text_first no_heading ct-section-inner-wrap\">\n\t\t\t<div class=\"text-media__text\" style=\"grid-column: span 6\">\n\t\t\t\t\n\t\t\t\t\t\t\t\t\t<div class=\"element__text\"><p>Avhengig av TV-en og rammest\u00f8rrelsen skal du bruke 3 til 4 klips p\u00e5 hver sideprofil og langs topprofilen.<\/p>\n<p><strong>Bunnprofilen skal v\u00e6re fri for klips.<\/strong><\/p>\n<\/div>\n\t\t\t\t\n\t\t\t\t\t\t\t<\/div>\n\n\t\t\t<div class=\"text-media__media\" style=\"grid-column: span 6\">\n\t\t\t\t\t\t\t\t\t<img decoding=\"async\" src=\"https:\/\/6kutttnx.photoncache.com\/wp-content\/uploads\/sites\/5\/2025\/12\/Step-6-1024x768.jpg\" alt=\"\" \/>\n\t\t\t\t\t\t\t<\/div>\n\t\t<\/div>\n\t<\/section>\n\t\n\n    <section id=\"hero-block_49aeeaef04cdeeb2fbdcf59ea94fa27a\" class=\"hero h-height-xl h-mheight-xl c_width_full heading_xl\" style=\"--txt-color: rgb(255,255,255); --overlay-opacity: 50%\">\n                    <picture class=\"hero__background\">\n                                    <source media=\"(max-width: 768px)\" srcset=\"https:\/\/6kutttnx.photoncache.com\/wp-content\/uploads\/sites\/5\/2025\/11\/The_Frame2_800x800.jpg\">\n                                <img decoding=\"async\" src=\"https:\/\/6kutttnx.photoncache.com\/wp-content\/uploads\/sites\/5\/2025\/11\/The_Frame2_1920x840-e1766152598545.jpg\" alt=\"\" \/>\n            <\/picture>\n        \n        <div class=\"hero__overlay\"><\/div>\n\n        <div class=\"ct-section-inner-wrap hero__content c-position_mc a_txt_center\">\n                                        <h2 class=\"element__heading\"><p>Gratulerer!<\/p>\n<\/h2>\n            \n                            <div class=\"element__text content-size-content_l\">\n                    <p data-start=\"2542\" data-end=\"2629\">Du har n\u00e5 installert HiFi Frame p\u00e5 TV-en og CANVAS-h\u00f8yttaleren.<\/p>\n                <\/div>\n            \n                    <\/div>\n    <\/section>","protected":false},"excerpt":{"rendered":"","protected":false},"author":1,"featured_media":0,"parent":0,"menu_order":0,"comment_status":"closed","ping_status":"closed","template":"","meta":{"_acf_changed":false,"footnotes":""},"class_list":["post-6223","page","type-page","status-publish","hentry"],"acf":[],"_links":{"self":[{"href":"https:\/\/canvashifi.com\/no\/wp-json\/wp\/v2\/pages\/6223","targetHints":{"allow":["GET"]}}],"collection":[{"href":"https:\/\/canvashifi.com\/no\/wp-json\/wp\/v2\/pages"}],"about":[{"href":"https:\/\/canvashifi.com\/no\/wp-json\/wp\/v2\/types\/page"}],"author":[{"embeddable":true,"href":"https:\/\/canvashifi.com\/no\/wp-json\/wp\/v2\/users\/1"}],"replies":[{"embeddable":true,"href":"https:\/\/canvashifi.com\/no\/wp-json\/wp\/v2\/comments?post=6223"}],"version-history":[{"count":13,"href":"https:\/\/canvashifi.com\/no\/wp-json\/wp\/v2\/pages\/6223\/revisions"}],"predecessor-version":[{"id":9443,"href":"https:\/\/canvashifi.com\/no\/wp-json\/wp\/v2\/pages\/6223\/revisions\/9443"}],"wp:attachment":[{"href":"https:\/\/canvashifi.com\/no\/wp-json\/wp\/v2\/media?parent=6223"}],"curies":[{"name":"wp","href":"https:\/\/api.w.org\/{rel}","templated":true}]}}