{"id":646,"date":"2024-09-04T14:15:56","date_gmt":"2024-09-04T12:15:56","guid":{"rendered":"https:\/\/lbs.dk\/cnvshf\/?page_id=646"},"modified":"2025-03-15T12:59:22","modified_gmt":"2025-03-15T11:59:22","slug":"story","status":"publish","type":"page","link":"https:\/\/canvashifi.com\/no\/story\/","title":{"rendered":"Historie"},"content":{"rendered":"<section class=\"ct-section\" style=\"color:#000000; background-color:rgba(255,255,255,0)\">\n\t\t<div class=\"ct-section-inner-wrap\">\n\t\t\t<div id=\"le_fulltext_wrapper-block_bdc12dbb97f84cfed0dd4a4c04142816\" class=\"le_section le_fulltext\">\n\t\t\t\t\t\t\t\t\t\t<div class=\"le_fulltext_first le_w50 le_ta_center\">\n\t\t\t\t\t\t\t<h1>Visionen<\/h1>\n<p>V\u00e5r reise med CANVAS HiFi begynte med en stor visjon: \u00e5 skape et lydsystem som s\u00f8ml\u00f8st kunne smelte sammen med fjernsynsapparater, b\u00e5de mekanisk og visuelt. Men vi stoppet ikke der; m\u00e5let v\u00e5rt var \u00e5 sikre at dette lydsystemet kunne konkurrere med frittst\u00e5ende HiFi-systemer, i hvert fall n\u00e5r det gjaldt \u00e5 levere den perfekte bakgrunnsmusikken. Vi var imidlertid klar over de formidable utfordringene som l\u00e5 foran oss. I lydverdenen sto vi overfor to viktige hindringer.<\/p>\n<p>Den f\u00f8rste var den ville, ukontrollerbare bassen som ofte plaget systemer som v\u00e5rt p\u00e5 grunn av plasseringsbegrensninger.<\/p>\n<p>Det andre var frav\u00e6ret av tredimensjonalt stereobilde, for\u00e5rsaket av n\u00e6rheten mellom venstre og h\u00f8yre h\u00f8yttaler, som var plassert innenfor en avstand p\u00e5 bare \u00e9n meter fra hverandre.<\/p>\n<p>Disse begrensningene var iboende i v\u00e5r nye formfaktor for et HiFi-system, og de kunne lett ha f\u00e5tt ambisjonene v\u00e5re til \u00e5 spore av. Men da vi bega oss ut p\u00e5 denne ambisi\u00f8se reisen, nektet vi \u00e5 akseptere nederlaget. V\u00e5rt team av dedikerte ingeni\u00f8rer og lydentusiaster var drevet av en n\u00e5del\u00f8s jakt p\u00e5 perfeksjon. Det var tydelig at vi trengte banebrytende teknologiske l\u00f8sninger for \u00e5 overvinne disse utfordringene og gjenoppfinne HiFi ved \u00e5 gj\u00f8re CANVAS til et ekte HiFi-lydsystem.<\/p>\n\t\t\t\t\t\t<\/div>\n\t\t\t\t\t\t\t\t<\/div>\n\t\t<\/div>\n\t<\/section>\n\n\n\t<section class=\"ct-section\">\n\t\t<style>\n\t\t@media (min-width:992px) {\n\t\t\t#le_textmedia_wrapper-block_9db4869369ed631d3b3e2366fbc41392 .le_textmedia_last {\n\t\t\t\tgrid-column: span 6;\n\t\t\t\tdisplay:flex;\n\t\t\t\talign-items:center;\n\t\t\t}\n\t\t\t#le_textmedia_wrapper-block_9db4869369ed631d3b3e2366fbc41392 .le_textmedia_first {\n\t\t\t\tgrid-column: span 6;\n\t\t\t}\n\t\t}\n\t<\/style>\n\t\t<div class=\"ct-section-inner-wrap\">\n\t\t<div id=\"le_textmedia_wrapper-block_9db4869369ed631d3b3e2366fbc41392\" class=\"le_section le_textmedia le_textmedia-video\">\n\t\t\t<div class=\"le_textmedia_first\">\n\t\t\t\t\t<h2>Den langsomme d\u00f8den til HiFi<\/h2>\n<p>I l\u00f8pet av mange \u00e5r har HiFi-kvalitetslyden sakte blitt d\u00e5rligere i takt med at produsentene har fors\u00f8kt \u00e5 tilfredsstille kundenes \u00f8nske om lyd som tar s\u00e5 lite plass som mulig, men som kan alt. Resultatet er at mange hjem i dag har endt opp med sm\u00e5 metall- eller plastkabinetter fylt med h\u00f8yttalerenheter som stikker ut i alle retninger, og som i realiteten verken gir ekte HiFi-lyd eller ekte hjemmekinolyd.<\/p>\n<p>Det er som i den danske forfatteren H. C. Andersens klassiske eventyr \"Keiserens nye kl\u00e6r\", der alle overbeviser hverandre om at keiseren er kledd i praktfulle kl\u00e6r, helt til et barn sier at han er helt naken.<\/p>\n<p>P\u00e5 samme m\u00e5te har den ekte HiFi-lyden blitt strippet av lag for lag over lang tid, til mange har beveget seg s\u00e5 langt bort fra ekte HiFi-opplevelser at de nesten har glemt hvordan det skal h\u00f8res ut. CANVAS har gjenopplivet disse dydene, og visjonen er \u00e5 kle verdens hjem med autentiske HiFi-lydopplevelser igjen.<\/p>\n\t\t\t<\/div>\n\t\t\t<div class=\"le_textmedia_last medie-left round\">\n\t\t\t\t\t\t\t\t\t<div class=\"le_videogrid autoplay muted playsinline loop\">\n\t\t\t\t\t\t<div class=\"le_videogrid_video_outer\" data-video=\"v7ea40243\">\n\t\t\t\t\t\t\t<video class=\"plyr videogrid_video\" data-poster=\"\" autoplay muted playsinline loop controlslist=\"nodownload noplaybackrate nopictureinpicture\" disablepictureinpicture preload=\"none\">\n\t\t\t\t\t\t\t\t<source src=\"https:\/\/6kutttnx.photoncache.com\/wp-content\/uploads\/sites\/5\/2025\/03\/f404bbf0787f462f9484fd5a891e18df.HD-1080p-7.2Mbps-21657086-1.mp4\" type=\"video\/mp4\">\n\t\t\t\t\t\t\t<\/video>\n\t\t\t\t\t\t<\/div>\n\t\t\t\t\t<\/div>\n\t\t\t\t\t\t\t<\/div>\n\t\t<\/div>\n\t\t<\/div>\n\t<\/section>\n\t\n\n\t<section class=\"ct-section\">\n\t\t<style>\n\t\t@media (min-width:992px) {\n\t\t\t#le_textmedia_wrapper-block_8a504521d9b971ef7eb79fde24be1c90 .le_textmedia_last {\n\t\t\t\tgrid-column: span 6;\n\t\t\t\tdisplay:flex;\n\t\t\t\talign-items:center;\n\t\t\t}\n\t\t\t#le_textmedia_wrapper-block_8a504521d9b971ef7eb79fde24be1c90 .le_textmedia_first {\n\t\t\t\tgrid-column: span 6;\n\t\t\t}\n\t\t}\n\t<\/style>\n\t\t<div class=\"ct-section-inner-wrap\">\n\t\t<div id=\"le_textmedia_wrapper-block_8a504521d9b971ef7eb79fde24be1c90\" class=\"le_section le_textmedia le_textmedia-img\">\n\t\t\t<div class=\"le_textmedia_first\">\n\t\t\t\t\t<h3>F\u00f8dselen av CANVAS<\/h3>\n<p>CANVAS HiFi ble f\u00f8dt av lidenskapen og oppfinnsomheten til to bemerkelsesverdige personer - v\u00e5r CTO, Kim Neeper Rasmussen, og v\u00e5r CEO, Laust Nielsen. Historien deres vitner om et urokkelig engasjement, en livslang kj\u00e6rlighet til lyd og en felles forpliktelse til \u00e5 skape eksepsjonelle brukeropplevelser som begynte i deres tidligste dager.<\/p>\n<p>Kim og Laust er heldige som m\u00f8tes i 2019. I mange \u00e5r hadde Kim finjustert en rekke oppfinnelser som til sammen hadde l\u00f8st utfordringen med \u00e5 skape ekte HiFi-opplevelser i et design som passet perfekt til alle TV-er. Det ble raskt klart for dem begge hvordan de utfylte hverandre perfekt, der Kims tekniske ekspertise harmonerte med Lausts innsikt i kundenes behov. I \u00e5rene som fulgte, ble samarbeidet intensivert, og i 2022 grunnla de det felles selskapet CANVAS HiFi.<\/p>\n\t\t\t<\/div>\n\t\t\t<div class=\"le_textmedia_last medie-right round\">\n\t\t\t\t\t\t\t\t\t<img decoding=\"async\" src=\"https:\/\/6kutttnx.photoncache.com\/wp-content\/uploads\/sites\/5\/2025\/02\/yrwhgsdv1.jpg\" alt=\"\" \/>\n\t\t\t\t\t\t\t<\/div>\n\t\t<\/div>\n\t\t<\/div>\n\t<\/section>\n\t\n\n\t<section class=\"ct-section\">\n\t\t<style>\n\t\t@media (min-width:992px) {\n\t\t\t#le_textmedia_wrapper-block_26745e3a8245ab49e9640bc9292c946d .le_textmedia_last {\n\t\t\t\tgrid-column: span 6;\n\t\t\t\tdisplay:flex;\n\t\t\t\talign-items:center;\n\t\t\t}\n\t\t\t#le_textmedia_wrapper-block_26745e3a8245ab49e9640bc9292c946d .le_textmedia_first {\n\t\t\t\tgrid-column: span 6;\n\t\t\t}\n\t\t}\n\t<\/style>\n\t\t<div class=\"ct-section-inner-wrap\">\n\t\t<div id=\"le_textmedia_wrapper-block_26745e3a8245ab49e9640bc9292c946d\" class=\"le_section le_textmedia le_textmedia-img\">\n\t\t\t<div class=\"le_textmedia_first\">\n\t\t\t\t\t<h3>Tilkobling til lyd<\/h3>\n<p>B\u00e5de Kim og Laust ble fengslet av lydverdenen fra de var sm\u00e5. Det var ikke bare en forbig\u00e5ende interesse; det var en dyptliggende lidenskap som la grunnlaget for deres livsverk.<\/p>\n<p>Laust Nielsen, som er andre generasjon i en familiebedrift som spesialiserer seg p\u00e5 salg og service av hifi-bransjens beste produkter, l\u00e6rte fra barnsben av hvor viktig det er \u00e5 levere ikke bare god lyd, men ogs\u00e5 uforglemmelige brukeropplevelser. Oppveksten ga ham en medf\u00f8dt forst\u00e5else for hvordan man skaper produkter som treffer kundenes \u00f8nsker. I \u00e5renes l\u00f8p har han kuratert en rekke HiFi-butikkonsepter, finjustert ekspertisen sin og finpusset evnen til \u00e5 komme i kontakt med kundene.<\/p>\n<p>Allerede som liten gutt har Laust Nielsen fordypet seg i en verden av lyd og bilde, og han har spesialisert seg p\u00e5 \u00e5 tilpasse kundenes \u00f8nsker om up\u00e5klagelige lyd- og bildeopplevelser i deres hjem.<\/p>\n\t\t\t<\/div>\n\t\t\t<div class=\"le_textmedia_last medie-left round\">\n\t\t\t\t\t\t\t\t\t<img decoding=\"async\" src=\"https:\/\/6kutttnx.photoncache.com\/wp-content\/uploads\/sites\/5\/2024\/09\/ln1-1024x1024.jpg\" alt=\"\" \/>\n\t\t\t\t\t\t\t<\/div>\n\t\t<\/div>\n\t\t<\/div>\n\t<\/section>\n\t\n\n\t<section class=\"ct-section\">\n\t\t<style>\n\t\t@media (min-width:992px) {\n\t\t\t#le_textmedia_wrapper-block_a5b23f2a76680d7cabca91a8e1cb21f0 .le_textmedia_last {\n\t\t\t\tgrid-column: span 6;\n\t\t\t\tdisplay:flex;\n\t\t\t\talign-items:center;\n\t\t\t}\n\t\t\t#le_textmedia_wrapper-block_a5b23f2a76680d7cabca91a8e1cb21f0 .le_textmedia_first {\n\t\t\t\tgrid-column: span 6;\n\t\t\t}\n\t\t}\n\t<\/style>\n\t\t<div class=\"ct-section-inner-wrap\">\n\t\t<div id=\"le_textmedia_wrapper-block_a5b23f2a76680d7cabca91a8e1cb21f0\" class=\"le_section le_textmedia le_textmedia-img\">\n\t\t\t<div class=\"le_textmedia_first\">\n\t\t\t\t\t<h3>Livslang lidenskap<\/h3>\n<p>Hans reise begynte da han gikk inn i farens hifi-butikk bare 9 \u00e5r gammel, og tente en livslang lidenskap for det harmoniske samspillet mellom lyd og bilde.<\/p>\n<p>Laust har et dypt rotfestet forhold til lyd- og bildeprodukter, og han har ikke bare vokst opp med dem, men har ogs\u00e5 finpusset sin ekspertise gjennom \u00e5rene. Hans medf\u00f8dte forst\u00e5else for lyd- og bildeteknologi og hans evne til \u00e5 im\u00f8tekomme kundenes behov har gjort at han gang p\u00e5 gang har h\u00f8stet anerkjennelse fra bransjens ledende merkevarer.<\/p>\n<p>Gjennom hele karrieren har Laust navigert i en rekke ulike detaljhandelskonsepter innen high-end HiFi- og TV-sektoren. Hans reise har gitt ham en unik innsikt i kundenes \u00f8nsker og preferanser n\u00e5r de streber etter \u00e5 forbedre sine oppholdsrom med uts\u00f8kte lydopplevelser s\u00f8ml\u00f8st integrert i moderne boliginnredning.<\/p>\n<p><em>(Laust demonstrerer den f\u00f8rste Walkman i stereo p\u00e5 torget i 1979).<\/em><\/p>\n\t\t\t<\/div>\n\t\t\t<div class=\"le_textmedia_last medie-right round\">\n\t\t\t\t\t\t\t\t\t<img decoding=\"async\" src=\"https:\/\/6kutttnx.photoncache.com\/wp-content\/uploads\/sites\/5\/2024\/09\/laustyoung1-1024x1024.jpg\" alt=\"\" \/>\n\t\t\t\t\t\t\t<\/div>\n\t\t<\/div>\n\t\t<\/div>\n\t<\/section>\n\t\n\n\t<section class=\"ct-section\">\n\t\t<style>\n\t\t@media (min-width:992px) {\n\t\t\t#le_textmedia_wrapper-block_9e3dfe7b6a389c4268372a8b1be55adf .le_textmedia_last {\n\t\t\t\tgrid-column: span 6;\n\t\t\t\tdisplay:flex;\n\t\t\t\talign-items:center;\n\t\t\t}\n\t\t\t#le_textmedia_wrapper-block_9e3dfe7b6a389c4268372a8b1be55adf .le_textmedia_first {\n\t\t\t\tgrid-column: span 6;\n\t\t\t}\n\t\t}\n\t<\/style>\n\t\t<div class=\"ct-section-inner-wrap\">\n\t\t<div id=\"le_textmedia_wrapper-block_9e3dfe7b6a389c4268372a8b1be55adf\" class=\"le_section le_textmedia le_textmedia-img\">\n\t\t\t<div class=\"le_textmedia_first\">\n\t\t\t\t\t<h3>En tusenkunstner<\/h3>\n<p>Kim begynte sin reise i lydbransjen i en bemerkelsesverdig ung alder, bare 17 \u00e5r gammel. I l\u00f8pet av de siste to ti\u00e5rene har han utrettelig fordypet seg i alle fasetter av bransjen, og opparbeidet seg uvurderlig erfaring i ulike roller som omfatter design, konstruksjon og produksjon. Hans ekspertise spenner over et bredt spekter av lydutstyr, fra forsterkere og DVD-spillere til surroundlydprosessorer, tr\u00e5dl\u00f8se h\u00f8yttalere til massemarkedet og avanserte h\u00f8yttalere. Kim er en ekte \"tusenkunstner\" i lydverdenen, med en allsidig kompetanse som omfatter ferdigheter innen industridesign, maskinteknikk, akustikk- og elektroteknikk. Denne allsidige kompetansen har gjort ham i stand til \u00e5 navigere i den intrikate labyrinten av lydteknologi, noe som har gjort ham til en allsidig ekspert p\u00e5 omr\u00e5det.<\/p>\n<p><em>(Kim har utviklet mange High End-h\u00f8yttalere opp gjennom \u00e5rene).<\/em><\/p>\n\t\t\t<\/div>\n\t\t\t<div class=\"le_textmedia_last medie-left round\">\n\t\t\t\t\t\t\t\t\t<img decoding=\"async\" src=\"https:\/\/6kutttnx.photoncache.com\/wp-content\/uploads\/sites\/5\/2024\/09\/kimcto1-1024x1024.jpg\" alt=\"\" \/>\n\t\t\t\t\t\t\t<\/div>\n\t\t<\/div>\n\t\t<\/div>\n\t<\/section>\n\t\n\n\t<section class=\"ct-section\">\n\t\t<style>\n\t\t@media (min-width:992px) {\n\t\t\t#le_textmedia_wrapper-block_790e6af3650ff27655482b1fdf88238d .le_textmedia_last {\n\t\t\t\tgrid-column: span 6;\n\t\t\t\tdisplay:flex;\n\t\t\t\talign-items:center;\n\t\t\t}\n\t\t\t#le_textmedia_wrapper-block_790e6af3650ff27655482b1fdf88238d .le_textmedia_first {\n\t\t\t\tgrid-column: span 6;\n\t\t\t}\n\t\t}\n\t<\/style>\n\t\t<div class=\"ct-section-inner-wrap\">\n\t\t<div id=\"le_textmedia_wrapper-block_790e6af3650ff27655482b1fdf88238d\" class=\"le_section le_textmedia le_textmedia-img\">\n\t\t\t<div class=\"le_textmedia_first\">\n\t\t\t\t\t<h3>Utviklingen av CANVAS<\/h3>\n<p>Hans omfattende erfaring, kombinert med en umettelig lidenskap for lyd, har gitt Kim et unikt perspektiv p\u00e5 lydinnovasjon.<\/p>\n<p>Det er denne urokkelige dedikasjonen til kunsten og vitenskapen om lyd som har v\u00e6rt avgj\u00f8rende for utviklingen av CANVAS HiFi.<\/p>\n<p>Hans utrettelige jakt p\u00e5 lydperfeksjon og troen p\u00e5 at musikk kan oppleves i sin reneste form fortsetter \u00e5 drive utviklingen av CANVAS, noe som gj\u00f8r det til mer enn bare et lydsystem<\/p>\n<p>- er det et bevis p\u00e5 lydteknologiens grensel\u00f8se potensial n\u00e5r den er i hendene p\u00e5 en ekte visjon\u00e6r som Kim Neeper Rasmussen.<\/p>\n\t\t\t<\/div>\n\t\t\t<div class=\"le_textmedia_last medie-right round\">\n\t\t\t\t\t\t\t\t\t<img decoding=\"async\" src=\"https:\/\/6kutttnx.photoncache.com\/wp-content\/uploads\/sites\/5\/2024\/09\/kimcanvas1-1024x1024.jpg\" alt=\"\" \/>\n\t\t\t\t\t\t\t<\/div>\n\t\t<\/div>\n\t\t<\/div>\n\t<\/section>\n\t\n\n\t<section class=\"ct-section\">\n\t\t<style>\n\t\t@media (min-width:992px) {\n\t\t\t#le_textmedia_wrapper-block_1849ec955841193f0030d85b962edcf1 .le_textmedia_last {\n\t\t\t\tgrid-column: span 6;\n\t\t\t\tdisplay:flex;\n\t\t\t\talign-items:center;\n\t\t\t}\n\t\t\t#le_textmedia_wrapper-block_1849ec955841193f0030d85b962edcf1 .le_textmedia_first {\n\t\t\t\tgrid-column: span 6;\n\t\t\t}\n\t\t}\n\t<\/style>\n\t\t<div class=\"ct-section-inner-wrap\">\n\t\t<div id=\"le_textmedia_wrapper-block_1849ec955841193f0030d85b962edcf1\" class=\"le_section le_textmedia le_textmedia-img\">\n\t\t\t<div class=\"le_textmedia_first\">\n\t\t\t\t\t<h3>Reisen<\/h3>\n<p><em>Med en felles lidenskap for lyd v\u00e5get vi oss ut p\u00e5 ukjent territorium, og vi var ikke redde for \u00e5 utfordre konvensjonene. Vi brukte utallige timer p\u00e5 forskning og utvikling, og flyttet grensene for hva som var mulig i lydverdenen.<\/em><\/p>\n<p><em>Jakten p\u00e5 \u00e5 t\u00f8yle den uregjerlige bassen f\u00f8rte oss til banebrytende gjennombrudd innen akustisk ingeni\u00f8rkunst. Vi utviklet innovative l\u00f8sninger som utnyttet kraften i plassering, slik at vi kunne temme bassen og f\u00e5 kontroll over den. Det var et \u00f8yeblikk av triumf, da CANVAS begynte \u00e5 fremst\u00e5 som et system som ikke bare kunne levere bakgrunnsmusikk, men en virkelig oppslukende lydopplevelse.<\/em><\/p>\n\t\t\t<\/div>\n\t\t\t<div class=\"le_textmedia_last medie-left round\">\n\t\t\t\t\t\t\t\t\t<img decoding=\"async\" src=\"https:\/\/6kutttnx.photoncache.com\/wp-content\/uploads\/sites\/5\/2024\/09\/1.0vendt1-1024x1024.jpg\" alt=\"\" \/>\n\t\t\t\t\t\t\t<\/div>\n\t\t<\/div>\n\t\t<\/div>\n\t<\/section>\n\t\n\n\t<section class=\"ct-section\">\n\t\t<style>\n\t\t@media (min-width:992px) {\n\t\t\t#le_textmedia_wrapper-block_38fab89c686bc183e8b0e77b3134493e .le_textmedia_last {\n\t\t\t\tgrid-column: span 6;\n\t\t\t\tdisplay:flex;\n\t\t\t\talign-items:center;\n\t\t\t}\n\t\t\t#le_textmedia_wrapper-block_38fab89c686bc183e8b0e77b3134493e .le_textmedia_first {\n\t\t\t\tgrid-column: span 6;\n\t\t\t}\n\t\t}\n\t<\/style>\n\t\t<div class=\"ct-section-inner-wrap\">\n\t\t<div id=\"le_textmedia_wrapper-block_38fab89c686bc183e8b0e77b3134493e\" class=\"le_section le_textmedia le_textmedia-img\">\n\t\t\t<div class=\"le_textmedia_first\">\n\t\t\t\t\t<h3>HiFi gjenoppfunnet<\/h3>\n<p><em>Etter hvert som reisen v\u00e5r utviklet seg, ble CANVAS ikke lenger bare et prosjekt, men et bevis p\u00e5 menneskelig oppfinnsomhet og en utrettelig jakt p\u00e5 det ypperste. Begrensningene som en gang var uoverstigelige, ble til springbrett for innovasjon. CANVAS, som hadde startet som en dr\u00f8m, var n\u00e5 en realitet - et ekte HiFi-lydsystem som overgikk alle forventninger.<\/em><\/p>\n<p><em>Bli med oss n\u00e5r vi dykker dypere ned i den utrolige reisen til CANVAS, en historie om utholdenhet, innovasjon og en urokkelig tro p\u00e5 at lyd kan v\u00e6re mer enn bare b\u00f8lger i luften. CANVAS er ikke bare et produkt; det er et bevis p\u00e5 hva som kan oppn\u00e5s n\u00e5r lidenskap m\u00f8ter teknologi, og jakten p\u00e5 fortreffelighet ikke kjenner noen grenser.<\/em><\/p>\n\t\t\t<\/div>\n\t\t\t<div class=\"le_textmedia_last medie-right round\">\n\t\t\t\t\t\t\t\t\t<img decoding=\"async\" src=\"https:\/\/6kutttnx.photoncache.com\/wp-content\/uploads\/sites\/5\/2024\/09\/2.0vendt1-1024x1024.jpg\" alt=\"\" \/>\n\t\t\t\t\t\t\t<\/div>\n\t\t<\/div>\n\t\t<\/div>\n\t<\/section>","protected":false},"excerpt":{"rendered":"","protected":false},"author":1,"featured_media":0,"parent":0,"menu_order":0,"comment_status":"closed","ping_status":"closed","template":"","meta":{"_acf_changed":false,"footnotes":""},"class_list":["post-646","page","type-page","status-publish","hentry"],"acf":[],"_links":{"self":[{"href":"https:\/\/canvashifi.com\/no\/wp-json\/wp\/v2\/pages\/646","targetHints":{"allow":["GET"]}}],"collection":[{"href":"https:\/\/canvashifi.com\/no\/wp-json\/wp\/v2\/pages"}],"about":[{"href":"https:\/\/canvashifi.com\/no\/wp-json\/wp\/v2\/types\/page"}],"author":[{"embeddable":true,"href":"https:\/\/canvashifi.com\/no\/wp-json\/wp\/v2\/users\/1"}],"replies":[{"embeddable":true,"href":"https:\/\/canvashifi.com\/no\/wp-json\/wp\/v2\/comments?post=646"}],"version-history":[{"count":0,"href":"https:\/\/canvashifi.com\/no\/wp-json\/wp\/v2\/pages\/646\/revisions"}],"wp:attachment":[{"href":"https:\/\/canvashifi.com\/no\/wp-json\/wp\/v2\/media?parent=646"}],"curies":[{"name":"wp","href":"https:\/\/api.w.org\/{rel}","templated":true}]}}