{"id":706,"date":"2024-09-04T15:15:21","date_gmt":"2024-09-04T13:15:21","guid":{"rendered":"https:\/\/lbs.dk\/cnvshf\/?page_id=706"},"modified":"2026-01-19T08:18:12","modified_gmt":"2026-01-19T07:18:12","slug":"taxes-vat","status":"publish","type":"page","link":"https:\/\/canvashifi.com\/no\/support\/taxes-vat\/","title":{"rendered":"Skatter \/ merverdiavgift"},"content":{"rendered":"<section class=\"ct-section\" style=\"color:#ffffff; background-color:rgb(0,0,0)\">\n\t\t<div class=\"ct-section-inner-wrap\">\n\t\t\t<div id=\"le_fulltext_wrapper-block_27e93699e8e29ef41d872ec1977a90d4\" class=\"le_section le_fulltext\">\n\t\t\t\t\t\t\t\t\t\t<div class=\"le_fulltext_first le_w50 le_ta_left\">\n\t\t\t\t\t\t\t<p class=\"bold\"><strong>Import og avgifter<\/strong><\/p>\n<h1>Verdensomspennende enkelhet - alt dekket, ingen overraskelser!<\/h1>\n<p translate=\"no\">Vi har lagre i EU. Hvis du ikke bor i EU, importeres produktet i ditt navn. Du vil motta en importregning som dekker eventuelle lokale skatter og avgifter, som du i utgangspunktet m\u00e5 betale. Vi tilbyr imidlertid \u00e5 refundere deg. Alt du trenger \u00e5 gj\u00f8re er \u00e5 sende oss en e-post: <a title=\"mailto:hello@canvashifi.com\" href=\"mailto:hello@canvashifi.com\">hello@canvashifi.com<\/a> med bestillingsnummeret ditt og et bilde av importregningen vedlagt. Vi overf\u00f8rer deretter bel\u00f8pet til kreditt-\/debetkortet som ble brukt ved kj\u00f8pet.<\/p>\n\t\t\t\t\t\t\t\t<a href=\"\/no\/support\/contact\/\" class=\"le_btn le_btn_trans_w\">Kontakt oss<\/a>\n\t\t\t\t\t\t\t\t\t\t\t\t\t<\/div>\n\t\t\t\t\t\t\t\t<\/div>\n\t\t<\/div>\n\t<\/section>\n\n\n\t<section class=\"ct-section\" style=\"color:#ffffff; background-color:rgb(0,0,0)\">\n\t\t<div class=\"ct-section-inner-wrap\">\n\t\t\t<div id=\"le_fulltext_wrapper-block_155bb93d7adbd8ec344bb0207e4988d4\" class=\"le_section le_fulltext\">\n\t\t\t\t\t\t\t\t\t\t<div class=\"le_fulltext_first le_w50 le_ta_left\">\n\t\t\t\t\t\t\t<h2>Hvordan fungerer dette?<\/h2>\n<p>Vi har lagre i EU og USA, s\u00e5 \u00e5 kj\u00f8pe en CANVAS herfra er akkurat som \u00e5 bestille fra en hvilken som helst innenlandsk nettbutikk. Hvis du ikke befinner deg i EU eller USA, importeres produktet i ditt navn. Du vil motta en importfaktura som dekker eventuelle lokale skatter og avgifter, som du m\u00e5 betale i f\u00f8rste omgang. Vi tilbyr imidlertid \u00e5 refundere deg. Alt du trenger \u00e5 gj\u00f8re er \u00e5 sende oss en e-post p\u00e5: <a href=\"mailto:hello@canvashifi.com\">hello@canvashifi.com<\/a> med bestillingsnummeret ditt og et bilde av importregningen vedlagt. Vi overf\u00f8rer deretter bel\u00f8pet til kreditt-\/debetkortet som ble brukt ved kj\u00f8pet.<\/p>\n<p>&nbsp;<\/p>\n<p><strong>Selv om vi sender til disse regionene og landene, kan vi dessverre ikke dekke importkostnader:<\/strong><\/p>\n<ul>\n<li>Afrika<\/li>\n<li>Sentral- og S\u00f8r-Amerika<\/li>\n<li>Bangladesh<\/li>\n<li>Indien<\/li>\n<li>Indonesien<\/li>\n<li>Israel<\/li>\n<li>Malaysia<\/li>\n<li>Filippinene<\/li>\n<li>Russland (kj\u00f8p ikke et alternativ)<\/li>\n<li>Serbien<\/li>\n<li>S\u00f8r Korea<\/li>\n<li>Tyrkia<\/li>\n<li>USA<\/li>\n<li>Canada<\/li>\n<\/ul>\n<p>Vennligst <a href=\"\/no\/support\/contact\/\">send oss en e-post<\/a> for mer informasjon.<\/p>\n\t\t\t\t\t\t<\/div>\n\t\t\t\t\t\t\t\t<\/div>\n\t\t<\/div>\n\t<\/section>","protected":false},"excerpt":{"rendered":"","protected":false},"author":1,"featured_media":0,"parent":1524,"menu_order":0,"comment_status":"closed","ping_status":"closed","template":"","meta":{"_acf_changed":false,"footnotes":""},"class_list":["post-706","page","type-page","status-publish","hentry"],"acf":[],"_links":{"self":[{"href":"https:\/\/canvashifi.com\/no\/wp-json\/wp\/v2\/pages\/706","targetHints":{"allow":["GET"]}}],"collection":[{"href":"https:\/\/canvashifi.com\/no\/wp-json\/wp\/v2\/pages"}],"about":[{"href":"https:\/\/canvashifi.com\/no\/wp-json\/wp\/v2\/types\/page"}],"author":[{"embeddable":true,"href":"https:\/\/canvashifi.com\/no\/wp-json\/wp\/v2\/users\/1"}],"replies":[{"embeddable":true,"href":"https:\/\/canvashifi.com\/no\/wp-json\/wp\/v2\/comments?post=706"}],"version-history":[{"count":0,"href":"https:\/\/canvashifi.com\/no\/wp-json\/wp\/v2\/pages\/706\/revisions"}],"up":[{"embeddable":true,"href":"https:\/\/canvashifi.com\/no\/wp-json\/wp\/v2\/pages\/1524"}],"wp:attachment":[{"href":"https:\/\/canvashifi.com\/no\/wp-json\/wp\/v2\/media?parent=706"}],"curies":[{"name":"wp","href":"https:\/\/api.w.org\/{rel}","templated":true}]}}