{"id":9489,"date":"2026-04-24T10:41:02","date_gmt":"2026-04-24T08:41:02","guid":{"rendered":"https:\/\/canvashifi.com\/?page_id=9489"},"modified":"2026-04-24T10:49:21","modified_gmt":"2026-04-24T08:49:21","slug":"the-swivel-stand-installation-manual","status":"publish","type":"page","link":"https:\/\/canvashifi.com\/no\/the-swivel-stand-installation-manual\/","title":{"rendered":"The Swivel Stand - Installation\u00a0manual"},"content":{"rendered":"<section id=\"hero-block_8750c4fe3bb217814d36133981dfa51d\" class=\"hero h-height-xs h-mheight-xl c_width_l heading_xl\" style=\"--txt-color: rgb(10,10,10); --bg-color: #bcbdc0; --overlay-opacity: 0%\">\n        \n        <div class=\"hero__overlay\"><\/div>\n\n        <div class=\"ct-section-inner-wrap hero__content c-position_mc a_txt_center\">\n                            <div class=\"element__subheading\">Installasjonsinstruksjoner<\/div>\n                                        <h1 class=\"element__heading\"><p>DET DREIBARE STATIVET<\/p>\n<\/h1>\n            \n            \n                    <\/div>\n    <\/section>\n    \n\n\t<section id=\"text-media-block_ddee43649f040834b03b917fc088c44c\" class=\"text-media heading_s medie-right media-6-cols\" style=\"--txt-color: #000000; --bg-color: #FFFFFF\">\n\t\t<div class=\"text-media__inner a_txt_left text_first no_heading ct-section-inner-wrap\">\n\t\t\t<div class=\"text-media__text\" style=\"grid-column: span 6\">\n\t\t\t\t\n\t\t\t\t\t\t\t\t\t<div class=\"element__text\"><p>Gjennom de f\u00f8lgende 6 trinnene vil du feste <strong data-start=\"48\" data-end=\"66\">Det svingbare stativet<\/strong> sikkert til CANVAS-h\u00f8yttaleren, noe som sikrer en presis og s\u00f8ml\u00f8s installasjon.<\/p>\n<p>&nbsp;<\/p>\n<p><strong>Deler i esken:<\/strong><\/p>\n<ul>\n<li>1 stk. Rund base av st\u00e5l<\/li>\n<li>1 stk. St\u00f8ttes\u00f8yle<\/li>\n<li>1 stk. Svingbart ledd<\/li>\n<li>1 pct. Monteringsbrakett<\/li>\n<li>2 stk. Festeskruer<\/li>\n<\/ul>\n<\/div>\n\t\t\t\t\n\t\t\t\t\t\t\t<\/div>\n\n\t\t\t<div class=\"text-media__media\" style=\"grid-column: span 6\">\n\t\t\t\t\t\t\t\t\t<img decoding=\"async\" src=\"https:\/\/6kutttnx.photoncache.com\/wp-content\/uploads\/sites\/5\/2026\/04\/Inhold-1024x641.jpg\" alt=\"\" \/>\n\t\t\t\t\t\t\t<\/div>\n\t\t<\/div>\n\t<\/section>\n\t\n\n    <section id=\"hero-block_aadbea44893910f9512a694ec10589a4\" class=\"hero h-height-xs h-mheight-l c_width_full heading_xl\" style=\"--txt-color: rgb(10,10,10); --bg-color: #bcbdc0; --overlay-opacity: 0%\">\n        \n        <div class=\"hero__overlay\"><\/div>\n\n        <div class=\"ct-section-inner-wrap hero__content c-position_mc a_txt_center\">\n                                        <h2 class=\"element__heading\"><p>Trinn 1 av 4<\/p>\n<\/h2>\n            \n                            <div class=\"element__text content-size-content_s\">\n                    <p>Montering av stativ<\/p>\n                <\/div>\n            \n                    <\/div>\n    <\/section>\n    \n\n\t<section id=\"text-media-block_82acfa66ed2d8987474a5dfb7a8f66e3\" class=\"text-media heading_s medie-right media-6-cols\" style=\"--txt-color: #000000; --bg-color: #FFFFFF\">\n\t\t<div class=\"text-media__inner a_txt_left text_first  ct-section-inner-wrap\">\n\t\t\t<div class=\"text-media__text\" style=\"grid-column: span 6\">\n\t\t\t\t\t\t\t\t\t<h3 class=\"element__heading\">Montering av stativ<\/h3>\n\t\t\t\t\n\t\t\t\t\t\t\t\t\t<div class=\"element__text\"><div>Fest den sentrale stangen til den runde basen.<\/div>\n<div>Monter deretter rotasjons- og h\u00f8ydejusteringsmodulen p\u00e5 stangen, etterfulgt av CANVAS-monteringsbraketten p\u00e5 toppen.<\/div>\n<p><h6><span style=\"color: #ff0000;\">Det er viktig:<\/span><\/h6>\n<div><span style=\"color: #ff0000;\">F\u00f8r rotasjonsmodulen monteres, m\u00e5 du forsikre deg om at den fremre rotasjonsbegrensningsskruen p\u00e5 den midtre stolpen er strammet til, slik at den flukter med stolpefronten.<\/span><\/div>\n<div><span style=\"color: #ff0000;\">Hvis skruen ikke spyles, kan det hende at rotasjonsmodulen ikke sitter helt p\u00e5 plass, noe som kan p\u00e5virke stabiliteten og den fremre rotasjonsbegrenseren.<\/span><\/div>\n<div><\/div>\n<p><div>Trekk til alle skruene godt, og s\u00f8rg for at de sitter godt fast uten \u00e5 stramme for hardt.<\/div>\n<\/div>\n\t\t\t\t\n\t\t\t\t\t\t\t<\/div>\n\n\t\t\t<div class=\"text-media__media\" style=\"grid-column: span 6\">\n\t\t\t\t\t\t\t\t\t<img decoding=\"async\" src=\"https:\/\/6kutttnx.photoncache.com\/wp-content\/uploads\/sites\/5\/2026\/04\/Step2-1024x641.jpg\" alt=\"\" \/>\n\t\t\t\t\t\t\t<\/div>\n\t\t<\/div>\n\t<\/section>\n\t\n\n    <section id=\"hero-block_ed9f64514a0fb143a367f6446dc62061\" class=\"hero h-height-xs h-mheight-l c_width_full heading_xl\" style=\"--txt-color: rgb(10,10,10); --bg-color: #bcbdc0; --overlay-opacity: 0%\">\n        \n        <div class=\"hero__overlay\"><\/div>\n\n        <div class=\"ct-section-inner-wrap hero__content c-position_mc a_txt_center\">\n                                        <h2 class=\"element__heading\"><p>Trinn 2 av 4<\/p>\n<\/h2>\n            \n                            <div class=\"element__text content-size-content_s\">\n                    <p>Bestemmelse av stativh\u00f8yde<\/p>\n                <\/div>\n            \n                    <\/div>\n    <\/section>\n    \n\n\t<section id=\"text-media-block_70d518f7e5e260ac07abbc027703e919\" class=\"text-media heading_s medie-right media-6-cols\" style=\"--txt-color: #000000; --bg-color: #FFFFFF\">\n\t\t<div class=\"text-media__inner a_txt_left text_first  ct-section-inner-wrap\">\n\t\t\t<div class=\"text-media__text\" style=\"grid-column: span 6\">\n\t\t\t\t\t\t\t\t\t<h3 class=\"element__heading\">Bestemmelse av stativh\u00f8yde<\/h3>\n\t\t\t\t\n\t\t\t\t\t\t\t\t\t<div class=\"element__text\"><div>Stativet har tre forh\u00e5ndsinnstilte h\u00f8ydeposisjoner:<\/div>\n<div>80 mm, 150 mm og 230 mm<\/div>\n<div><\/div>\n<div>(m\u00e5lt fra gulvet til bunnen av CANVAS).<\/div>\n<\/div>\n\t\t\t\t\n\t\t\t\t\t\t\t<\/div>\n\n\t\t\t<div class=\"text-media__media\" style=\"grid-column: span 6\">\n\t\t\t\t\t\t\t\t\t<img decoding=\"async\" src=\"https:\/\/6kutttnx.photoncache.com\/wp-content\/uploads\/sites\/5\/2026\/04\/step3-1024x892.jpg\" alt=\"\" \/>\n\t\t\t\t\t\t\t<\/div>\n\t\t<\/div>\n\t<\/section>\n\t\n\n\t<section id=\"text-media-block_f788170258658d93841de1e9dd324bfd\" class=\"text-media heading_m medie-left media-6-cols\" style=\"--txt-color: #000000; --bg-color: #FFFFFF\">\n\t\t<div class=\"text-media__inner a_txt_left text_first no_heading ct-section-inner-wrap\">\n\t\t\t<div class=\"text-media__text\" style=\"grid-column: span 6\">\n\t\t\t\t\n\t\t\t\t\t\t\t\t\t<div class=\"element__text\"><p data-start=\"639\" data-end=\"884\">L\u00f8sne de fire l\u00e5seskruene p\u00e5 den sentrale stangbraketten, juster stativet til \u00f8nsket h\u00f8yde, og stram deretter skruen godt til for \u00e5 l\u00e5se posisjonen p\u00e5 plass.<\/p>\n<p data-start=\"639\" data-end=\"884\">Skru ut den fremre rotasjonsbegrensningsskruen i braketten, og test at den hindrer braketten i \u00e5 dreie mer enn 45\u00b0.<\/p>\n<\/div>\n\t\t\t\t\n\t\t\t\t\t\t\t<\/div>\n\n\t\t\t<div class=\"text-media__media\" style=\"grid-column: span 6\">\n\t\t\t\t\t\t\t\t\t<img decoding=\"async\" src=\"https:\/\/6kutttnx.photoncache.com\/wp-content\/uploads\/sites\/5\/2026\/04\/step3.2-1024x892.jpg\" alt=\"\" \/>\n\t\t\t\t\t\t\t<\/div>\n\t\t<\/div>\n\t<\/section>\n\t\n\n    <section id=\"hero-block_112c5aedaa9e22cc267af495f2a0d2c5\" class=\"hero h-height-xs h-mheight-l c_width_full heading_xl\" style=\"--txt-color: rgb(10,10,10); --bg-color: #bcbdc0; --overlay-opacity: 0%\">\n        \n        <div class=\"hero__overlay\"><\/div>\n\n        <div class=\"ct-section-inner-wrap hero__content c-position_mc a_txt_center\">\n                                        <h2 class=\"element__heading\"><p>Trinn 3 av 4<\/p>\n<\/h2>\n            \n                            <div class=\"element__text content-size-content_s\">\n                    <p>Montering av CANVAS p\u00e5 stativet<\/p>\n                <\/div>\n            \n                    <\/div>\n    <\/section>\n    \n\n\t<section id=\"text-media-block_b406afe319e43c9ded2885ba6c97a1c7\" class=\"text-media heading_m medie-right media-6-cols\" style=\"--txt-color: #000000; --bg-color: #FFFFFF\">\n\t\t<div class=\"text-media__inner rp_bottom a_txt_left text_first  ct-section-inner-wrap\">\n\t\t\t<div class=\"text-media__text\" style=\"grid-column: span 6\">\n\t\t\t\t\t\t\t\t\t<h3 class=\"element__heading\">Montering av CANVAS p\u00e5 stativet<\/h3>\n\t\t\t\t\n\t\t\t\t\t\t\t\t\t<div class=\"element__text\"><div>Sett skruene inn i de to \u00f8verste hullene p\u00e5 CANVAS. Ikke stram dem helt til. La dem sitte 8-10 mm ut, da de m\u00e5 v\u00e6re litt l\u00f8se for \u00e5 passe over monteringsbraketten.<\/div>\n<p><div>L\u00f8ft og plasser CANVAS forsiktig p\u00e5 stativet, og s\u00f8rg for at den har riktig st\u00f8tte under prosessen. Rett inn CANVAS med de to monteringshullene p\u00e5 stativet, og s\u00f8rg for at den sitter riktig f\u00f8r du fortsetter.<\/div>\n<\/div>\n\t\t\t\t\n\t\t\t\t\t\t\t<\/div>\n\n\t\t\t<div class=\"text-media__media\" style=\"grid-column: span 6\">\n\t\t\t\t\t\t\t\t\t<img decoding=\"async\" src=\"https:\/\/6kutttnx.photoncache.com\/wp-content\/uploads\/sites\/5\/2026\/04\/step4-1024x892.jpg\" alt=\"\" \/>\n\t\t\t\t\t\t\t<\/div>\n\t\t<\/div>\n\t<\/section>\n\t\n\n\t<section id=\"text-media-block_689bd3ae66e0945f0d1576e6e61b83e3\" class=\"text-media heading_s medie-right media-6-cols\" style=\"--txt-color: #000000; --bg-color: #FFFFFF\">\n\t\t<div class=\"text-media__inner rp_top a_txt_left text_first no_heading ct-section-inner-wrap\">\n\t\t\t<div class=\"text-media__text\" style=\"grid-column: span 6\">\n\t\t\t\t\n\t\t\t\t\t\t\t\t\t<div class=\"element__text\"><p>N\u00e5r du har justert, setter du inn de to bakre skruene under og strammer dem godt til sammen med de to \u00f8verste skruene for \u00e5 feste CANVAS p\u00e5 plass. Kontroller at enheten st\u00e5r stabilt f\u00f8r du fortsetter.<\/p>\n<\/div>\n\t\t\t\t\n\t\t\t\t\t\t\t<\/div>\n\n\t\t\t<div class=\"text-media__media\" style=\"grid-column: span 6\">\n\t\t\t\t\t\t\t\t\t<img decoding=\"async\" src=\"https:\/\/6kutttnx.photoncache.com\/wp-content\/uploads\/sites\/5\/2026\/04\/step4.2-1024x892.jpg\" alt=\"\" \/>\n\t\t\t\t\t\t\t<\/div>\n\t\t<\/div>\n\t<\/section>\n\t\n\n    <section id=\"hero-block_091f5580623feefbe6afb83d102eeca4\" class=\"hero h-height-xl h-mheight-xl c_width_full heading_xl\" style=\"--txt-color: rgb(255,255,255); --overlay-opacity: 50%\">\n                    <picture class=\"hero__background\">\n                                    <source media=\"(max-width: 768px)\" srcset=\"https:\/\/6kutttnx.photoncache.com\/wp-content\/uploads\/sites\/5\/2025\/11\/The_Frame2_800x800.jpg\">\n                                <img decoding=\"async\" src=\"https:\/\/6kutttnx.photoncache.com\/wp-content\/uploads\/sites\/5\/2025\/11\/The_Frame2_1920x840-e1766152598545.jpg\" alt=\"\" \/>\n            <\/picture>\n        \n        <div class=\"hero__overlay\"><\/div>\n\n        <div class=\"ct-section-inner-wrap hero__content c-position_mc a_txt_center\">\n                                        <h2 class=\"element__heading\"><p>Gratulerer!<\/p>\n<\/h2>\n            \n                            <div class=\"element__text content-size-content_l\">\n                    <p data-start=\"2542\" data-end=\"2629\">Du har n\u00e5 installert CANVAS p\u00e5 det dreibare stativet.<\/p>\n                <\/div>\n            \n                    <\/div>\n    <\/section>","protected":false},"excerpt":{"rendered":"","protected":false},"author":1334,"featured_media":0,"parent":0,"menu_order":0,"comment_status":"closed","ping_status":"closed","template":"","meta":{"_acf_changed":false,"footnotes":""},"class_list":["post-9489","page","type-page","status-publish","hentry"],"acf":[],"_links":{"self":[{"href":"https:\/\/canvashifi.com\/no\/wp-json\/wp\/v2\/pages\/9489","targetHints":{"allow":["GET"]}}],"collection":[{"href":"https:\/\/canvashifi.com\/no\/wp-json\/wp\/v2\/pages"}],"about":[{"href":"https:\/\/canvashifi.com\/no\/wp-json\/wp\/v2\/types\/page"}],"author":[{"embeddable":true,"href":"https:\/\/canvashifi.com\/no\/wp-json\/wp\/v2\/users\/1334"}],"replies":[{"embeddable":true,"href":"https:\/\/canvashifi.com\/no\/wp-json\/wp\/v2\/comments?post=9489"}],"version-history":[{"count":11,"href":"https:\/\/canvashifi.com\/no\/wp-json\/wp\/v2\/pages\/9489\/revisions"}],"predecessor-version":[{"id":9510,"href":"https:\/\/canvashifi.com\/no\/wp-json\/wp\/v2\/pages\/9489\/revisions\/9510"}],"wp:attachment":[{"href":"https:\/\/canvashifi.com\/no\/wp-json\/wp\/v2\/media?parent=9489"}],"curies":[{"name":"wp","href":"https:\/\/api.w.org\/{rel}","templated":true}]}}