{"id":9511,"date":"2026-04-24T11:31:25","date_gmt":"2026-04-24T09:31:25","guid":{"rendered":"https:\/\/canvashifi.com\/?page_id=9511"},"modified":"2026-04-24T12:02:04","modified_gmt":"2026-04-24T10:02:04","slug":"the-remote-installation-manual","status":"publish","type":"page","link":"https:\/\/canvashifi.com\/no\/the-remote-installation-manual\/","title":{"rendered":"The Remote - Installation\u00a0manual"},"content":{"rendered":"<section id=\"hero-block_d586c820933f75ad011e479a961a1df4\" class=\"hero h-height-xs h-mheight-xl c_width_l heading_xl\" style=\"--txt-color: rgb(10,10,10); --bg-color: #bcbdc0; --overlay-opacity: 0%\">\n        \n        <div class=\"hero__overlay\"><\/div>\n\n        <div class=\"ct-section-inner-wrap hero__content c-position_mc a_txt_center\">\n                            <div class=\"element__subheading\">Fjernoppsett og paring<\/div>\n                                        <h1 class=\"element__heading\"><p>DEN FJERNST\u00c5ENDE<\/p>\n<\/h1>\n            \n            \n                    <\/div>\n    <\/section>\n    \n\n\t<section class=\"ct-section\" style=\"color:#000000; background-color:rgba(255,255,255,0)\">\n\t\t<div class=\"ct-section-inner-wrap le_m_section\">\n\t\t\t<div id=\"le_fullmedia_wrapper-block_f7ef12e4d197612248f1085110aab706\" class=\"le_section le_fullmedia\">\n\t\t\t\t\t\t\t\t<div class=\"le_fullmedia_second\">\n\t\t\t\t\t\t\n\t\t\t\t\t\t<img decoding=\"async\" src=\"https:\/\/6kutttnx.photoncache.com\/wp-content\/uploads\/sites\/5\/2026\/04\/Remote-buttons.jpg\">\t\t\t\t<\/div>\n\t\t\t<\/div>\n\t\t<\/div>\n\t<\/section>\n\n\n\t<section id=\"text-media-block_7d69e729216bebc0e8756f9fe0898d16\" class=\"text-media heading_m medie-right media-4-cols\" style=\"--txt-color: #000000; --bg-color: #FFFFFF\">\n\t\t<div class=\"text-media__inner a_txt_left text_first  ct-section-inner-wrap\">\n\t\t\t<div class=\"text-media__text\" style=\"grid-column: span 8\">\n\t\t\t\t\t\t\t\t\t<h3 class=\"element__heading\">Fjernkontroll - knappefunksjon<\/h3>\n\t\t\t\t\n\t\t\t\t\t\t\t\t\t<div class=\"element__text\"><p><strong>Mute<\/strong><br \/>\nSl\u00e5r \u00f8yeblikkelig av all lyd for fullstendig diskresjon. Trykk p\u00e5 igjen for \u00e5 gjenopprette lyden til det forrige niv\u00e5et.<\/p>\n<p>&nbsp;<br \/>\n<strong>Sl\u00e5 p\u00e5 \/ av<\/strong><br \/>\nSystemet sl\u00e5s enkelt p\u00e5 eller settes i standby-modus, noe som sikrer en s\u00f8ml\u00f8s overgang mellom bruk og hvile.<\/p>\n<p>&nbsp;<br \/>\n<strong>Volumindikator<\/strong><br \/>\nGir en klar og tydelig visuell fremstilling av gjeldende volumniv\u00e5, noe som muliggj\u00f8r presise og intuitive justeringer.<\/p>\n<p>&nbsp;<br \/>\n<strong>Input Inducator<\/strong><br \/>\nViser den aktive inngangskilden, slik at du f\u00e5r en klar oversikt over hvor lydsignalet kommer fra.<br \/>\n<em>Merk: CANVAS 2.0 st\u00f8tter ikke Bluetooth-lydinngang.<\/em><\/p>\n<p>&nbsp;<br \/>\n<strong>Volum opp\/ned<\/strong><br \/>\nJusterer lydniv\u00e5et i jevne, kontrollerte trinn, slik at du kan finjustere lytteopplevelsen etter dine preferanser.<\/p>\n<p>&nbsp;<br \/>\n<strong>Inngangsendring<\/strong><br \/>\nBytter enkelt mellom tilgjengelige inngangskilder og gir rask tilgang til tilkoblede enheter. CANVAS har automatisk inngangsdeteksjon. Dette betyr at den automatisk v\u00e5kner og oppdager en inngang med signal og spiller av fra den enheten.<\/p>\n<p>\nHvis mer enn \u00e9n inngang har signal, vil den velge inngangen med h\u00f8yest prioritet.<\/p>\n<p>\n<em>Prioritetsrekkef\u00f8lgen er str\u00f8mming, HDMI og AUX \/ Toslink<\/em><\/p>\n<p>&nbsp;<br \/>\n<strong>Forrige (Forrige)<\/strong><br \/>\nG\u00e5r tilbake til forrige spor, kapittel eller valg, slik at du kan g\u00e5 tilbake til tidligere innhold med ett enkelt trykk.<\/p>\n<p>&nbsp;<br \/>\n<strong>Neste<\/strong><br \/>\nG\u00e5r videre til neste spor, kapittel eller utvalg, slik at du f\u00e5r en uavbrutt progresjon gjennom innholdet.<\/p>\n<p>&nbsp;<br \/>\n<strong>Spill av \/ Sett p\u00e5 pause<\/strong><br \/>\nStyr avspillingen intuitivt - start eller sett lyd- eller videoinnholdet p\u00e5 pause umiddelbart med ett enkelt, responsivt trykk.<\/p>\n<p>&nbsp;<br \/>\n<strong>Ladeport<\/strong><br \/>\nEt diskret integrert tilkoblingspunkt som brukes til \u00e5 lade fjernkontrollen, slik at den alltid er klar til bruk.<\/p>\n<\/div>\n\t\t\t\t\n\t\t\t\t\t\t\t<\/div>\n\n\t\t\t<div class=\"text-media__media\" style=\"grid-column: span 4\">\n\t\t\t\t\t\t\t\t\t<img decoding=\"async\" src=\"https:\/\/6kutttnx.photoncache.com\/wp-content\/uploads\/sites\/5\/2026\/04\/IMG_0164-699x1024.jpg\" alt=\"\" \/>\n\t\t\t\t\t\t\t<\/div>\n\t\t<\/div>\n\t<\/section>\n\t\n\n\t<section class=\"ct-section\" style=\"color:#000000; background-color:rgba(255,255,255,0)\">\n\t\t<div class=\"ct-section-inner-wrap\">\n\t\t\t<div id=\"le_fulltext_wrapper-block_11ebbd6bffbbe700a78ea6c6eedab6d8\" class=\"le_section le_fulltext\">\n\t\t\t\t\t\t\t<\/div>\n\t\t<\/div>\n\t<\/section>\n\n\n    <section id=\"hero-block_40af9e8fa4e2db38e7136eeeff3875d7\" class=\"hero h-height-xs h-mheight-l c_width_full heading_xl\" style=\"--txt-color: rgb(10,10,10); --bg-color: #bcbdc0; --overlay-opacity: 0%\">\n        \n        <div class=\"hero__overlay\"><\/div>\n\n        <div class=\"ct-section-inner-wrap hero__content c-position_mc a_txt_center\">\n                                        <h2 class=\"element__heading\"><p>FJERNOPPSETT OG SAMMENKOBLING<\/p>\n<\/h2>\n            \n            \n                    <\/div>\n    <\/section>\n    \n\n\t<section id=\"text-media-block_acba0d855e5627d7c57d9d6080ee4745\" class=\"text-media heading_m medie-right media-4-cols\" style=\"--txt-color: #000000; --bg-color: #FFFFFF\">\n\t\t<div class=\"text-media__inner a_txt_left text_first  ct-section-inner-wrap\">\n\t\t\t<div class=\"text-media__text\" style=\"grid-column: span 8\">\n\t\t\t\t\t\t\t\t\t<h3 class=\"element__heading\">Fjernoppsett og sammenkobling<\/h3>\n\t\t\t\t\n\t\t\t\t\t\t\t\t\t<div class=\"element__text\"><p><strong>Trinn 1: Lad fjernkontrollen<\/strong><br \/>\nBegynn med \u00e5 lade fjernkontrollen helt opp ved hjelp av den medf\u00f8lgende ladekabelen. <\/p>\n<p>\nKoble kabelen til ladeporten p\u00e5 fjernkontrollen, og s\u00f8rg for at den sitter ordentlig p\u00e5 plass. La fjernkontrollen lade tilstrekkelig f\u00f8r bruk for \u00e5 sikre stabil drift under oppsettet.<\/p>\n<p><p>&nbsp;<br \/>\n<strong>Trinn 2: Sl\u00e5 p\u00e5 CANVAS<\/strong><br \/>\nKontroller at CANVAS-systemet er sl\u00e5tt p\u00e5 f\u00f8r du starter paringsprosessen. Fjernkontrollen kan ikke pares hvis systemet er sl\u00e5tt av eller i standby-modus.<\/p>\n<p>&nbsp;<\/p>\n<p>\n<strong>Trinn 3: Bekreft ekstern funksjonalitet<\/strong><br \/>\nTrykk p\u00e5 \u201cPil opp\u201d-knappen for \u00e5 bekrefte at fjernkontrollen har tilstrekkelig str\u00f8m. <\/p>\n<p>\nF\u00f8lg med p\u00e5 LED-indikatoren som er plassert i n\u00e6rheten av ladeporten. Hvis LED-lampen lyser, er fjernkontrollen str\u00f8mtilkoblet og klar for sammenkobling. Hvis ikke, fortsetter du \u00e5 lade til indikatoren lyser.<\/p>\n<p><p>&nbsp;<\/p>\n<p><strong>Trinn 4: \u00c5pne CANVAS-appen<\/strong><br \/>\n\u00c5pne CANVAS-appen p\u00e5 mobilenheten din. S\u00f8rg for at enheten er koblet til samme nettverk som CANVAS-systemet for optimal tilkobling.<\/p>\n<p>&nbsp;<\/p>\n<p><strong>Trinn 5: Naviger til Avanserte innstillinger<\/strong><br \/>\nFinn og \u00e5pne menyen \u201cAvanserte innstillinger\u201d i appen.<br \/>\nDenne delen inneholder flere konfigurasjonsalternativer, inkludert ekstern sammenkobling.<\/p>\n<p>&nbsp;<\/p>\n<p><strong>Trinn 6: Aktiver ekstern sammenkoblingsmodus<\/strong><br \/>\nAktiver paringsfunksjonen for CANVAS-fjernkontrollen. N\u00e5r den er aktivert, vil systemet g\u00e5 inn i paringsmodus og begynne \u00e5 s\u00f8ke etter fjernkontrollen.<\/p>\n<p>&nbsp;<br \/>\n<strong>Trinn 7: Fullf\u00f8r sammenkoblingen<\/strong><br \/>\nCANVAS-appen vil automatisk oppdage og koble seg til fjernkontrollen.<br \/>\nN\u00e5r paringsprosessen er fullf\u00f8rt, er fjernkontrollen klar til bruk.<\/p>\n<\/div>\n\t\t\t\t\n\t\t\t\t\t\t\t<\/div>\n\n\t\t\t<div class=\"text-media__media\" style=\"grid-column: span 4\">\n\t\t\t\t\t\t\t\t\t<img decoding=\"async\" src=\"https:\/\/6kutttnx.photoncache.com\/wp-content\/uploads\/sites\/5\/2026\/04\/remote_bund-1024x768.png\" alt=\"\" \/>\n\t\t\t\t\t\t\t<\/div>\n\t\t<\/div>\n\t<\/section>","protected":false},"excerpt":{"rendered":"","protected":false},"author":1334,"featured_media":0,"parent":0,"menu_order":0,"comment_status":"closed","ping_status":"closed","template":"","meta":{"_acf_changed":false,"footnotes":""},"class_list":["post-9511","page","type-page","status-publish","hentry"],"acf":[],"_links":{"self":[{"href":"https:\/\/canvashifi.com\/no\/wp-json\/wp\/v2\/pages\/9511","targetHints":{"allow":["GET"]}}],"collection":[{"href":"https:\/\/canvashifi.com\/no\/wp-json\/wp\/v2\/pages"}],"about":[{"href":"https:\/\/canvashifi.com\/no\/wp-json\/wp\/v2\/types\/page"}],"author":[{"embeddable":true,"href":"https:\/\/canvashifi.com\/no\/wp-json\/wp\/v2\/users\/1334"}],"replies":[{"embeddable":true,"href":"https:\/\/canvashifi.com\/no\/wp-json\/wp\/v2\/comments?post=9511"}],"version-history":[{"count":33,"href":"https:\/\/canvashifi.com\/no\/wp-json\/wp\/v2\/pages\/9511\/revisions"}],"predecessor-version":[{"id":9554,"href":"https:\/\/canvashifi.com\/no\/wp-json\/wp\/v2\/pages\/9511\/revisions\/9554"}],"wp:attachment":[{"href":"https:\/\/canvashifi.com\/no\/wp-json\/wp\/v2\/media?parent=9511"}],"curies":[{"name":"wp","href":"https:\/\/api.w.org\/{rel}","templated":true}]}}