{"id":1595,"date":"2024-10-21T09:46:04","date_gmt":"2024-10-21T07:46:04","guid":{"rendered":"https:\/\/lbs.dk\/cnvshf\/?page_id=1595"},"modified":"2025-01-30T11:23:25","modified_gmt":"2025-01-30T10:23:25","slug":"faq","status":"publish","type":"page","link":"https:\/\/canvashifi.com\/se\/support\/faq\/","title":{"rendered":"FAQ"},"content":{"rendered":"<div class=\"wp-block-group ct-section ct-section-inner-wrap\"><div class=\"wp-block-group__inner-container is-layout-constrained wp-block-group-is-layout-constrained\">\n<div class=\"wp-block-columns is-layout-flex wp-container-core-columns-is-layout-9d6595d7 wp-block-columns-is-layout-flex\">\n<div class=\"wp-block-column is-layout-flow wp-block-column-is-layout-flow\">\n<p><strong>Hitta ditt svar<\/strong><\/p>\n\n\n\n<h1 class=\"wp-block-heading\">FAQ<\/h1>\n\n\n\n<p>V\u00e4lkommen till CANVAS FAQ-avdelning, d\u00e4r vi tar upp vanliga fr\u00e5gor och ger svar som hj\u00e4lper dig att navigera i din upplevelse med CANVAS HiFi-produkter. Om du har n\u00e5gra specifika fr\u00e5gor eller beh\u00f6ver ytterligare hj\u00e4lp, tveka inte att kontakta v\u00e5rt dedikerade supportteam.<\/p>\n<\/div>\n\n\n\n<div class=\"wp-block-column is-layout-flow wp-block-column-is-layout-flow\"><div id=\"block_d9348e9868602d53131565d744af8048\" class=\"canvas_specifications_acc col_rounded\" style=\"background-color:rgb(255,255,255)\">\t\t\t\t\t\t<div class=\"canvas_spec_item\">\n\t\t\t\t\t\t\t<div class=\"canvas_spec_item_label\">\n\t\t\t\t\t\t\t\t<div class=\"accLabel\">Hur installerar jag CANVAS HiFi?<\/div><span class=\"canvas_spec_trigger\"><img decoding=\"async\" src=\"https:\/\/lbs.dk\/wp-content\/plugins\/lbs-base\/assets\/images\/chevron-down.svg\"><\/span>\t\t\t\t\t\t\t<\/div>\n\t\t\t\t\t\t\t<div class=\"canvas_spec_item_value\">\n\t\t\t\t\t\t\t\t<p>Du hittar v\u00e5r anv\u00e4ndarmanual i b\u00e5de skriftligt format och en video steg-f\u00f6r-steg\u00a0<a title=\"Anv\u00e4ndarmanual\" href=\"\/se\/support\/user-manual\/\"><strong>tutorial h\u00e4r.<\/strong><\/a><\/p>\n\t\t\t\t\t\t\t<\/div>\n\t\t\t\t\t\t<\/div>\n\t\t\t\t\t\t\t\t\t\t\t<div class=\"canvas_spec_item\">\n\t\t\t\t\t\t\t<div class=\"canvas_spec_item_label\">\n\t\t\t\t\t\t\t\t<div class=\"accLabel\">Kan CANVAS anv\u00e4ndas med alla storlekar p\u00e5 TV-apparater?<\/div><span class=\"canvas_spec_trigger\"><img decoding=\"async\" src=\"https:\/\/lbs.dk\/wp-content\/plugins\/lbs-base\/assets\/images\/chevron-down.svg\"><\/span>\t\t\t\t\t\t\t<\/div>\n\t\t\t\t\t\t\t<div class=\"canvas_spec_item_value\">\n\t\t\t\t\t\t\t\t<p>Ja, CANVAS kan anv\u00e4ndas med alla storlekar p\u00e5 TV:n, men du f\u00e5r det b\u00e4sta designresultatet\nmed\u00a0<strong>55\"<\/strong>,\u00a0<strong>65\"<\/strong>,\u00a0<strong>75\",<\/strong>\u00a0<strong>77\", 83\" <\/strong>eller <strong>85\"<\/strong> om du best\u00e4ller CANVAS som passar\nstorleken perfekt. F\u00f6r alla andra storlekar rekommenderar vi att kunderna h\u00e4nger CANVAS under TV:n eller st\u00e5ende p\u00e5 en hylla, precis som man normalt skulle g\u00f6ra med en ljudbar.<\/p>\n\t\t\t\t\t\t\t<\/div>\n\t\t\t\t\t\t<\/div>\n\t\t\t\t\t\t\t\t\t\t\t<div class=\"canvas_spec_item\">\n\t\t\t\t\t\t\t<div class=\"canvas_spec_item_label\">\n\t\t\t\t\t\t\t\t<div class=\"accLabel\">Kan alla TV-apparater monteras p\u00e5 CANVAS?<\/div><span class=\"canvas_spec_trigger\"><img decoding=\"async\" src=\"https:\/\/lbs.dk\/wp-content\/plugins\/lbs-base\/assets\/images\/chevron-down.svg\"><\/span>\t\t\t\t\t\t\t<\/div>\n\t\t\t\t\t\t\t<div class=\"canvas_spec_item_value\">\n\t\t\t\t\t\t\t\t<p>Ja, alla platt-TV-apparater kan monteras p\u00e5 CANVAS men n\u00e4r det g\u00e4ller design kommer storlekarna <strong>55\"<\/strong>,\u00a0<strong>65\"<\/strong>,\u00a0<strong>75\",<\/strong>\u00a0<strong>77\", 83\" <\/strong>eller <strong>85\"<\/strong> att passa b\u00e4st. Det medf\u00f6ljande universalf\u00e4stet s\u00e4kerst\u00e4ller inte bara att du kan anv\u00e4nda din nuvarande TV, utan f\u00e4stets flexibilitet s\u00e4kerst\u00e4ller ocks\u00e5 att CANVAS passar med en nyare TV om du best\u00e4mmer dig f\u00f6r att uppgradera din TV. Om du v\u00e4ljer en st\u00f6rre TV n\u00e4r du uppgraderar kan CANVAS ocks\u00e5 anpassas till designen genom att helt enkelt l\u00e4gga till en st\u00f6rre front.<\/p>\n\t\t\t\t\t\t\t<\/div>\n\t\t\t\t\t\t<\/div>\n\t\t\t\t\t\t\t\t\t\t\t<div class=\"canvas_spec_item\">\n\t\t\t\t\t\t\t<div class=\"canvas_spec_item_label\">\n\t\t\t\t\t\t\t\t<div class=\"accLabel\">Kan CANVAS anv\u00e4ndas utan TV?<\/div><span class=\"canvas_spec_trigger\"><img decoding=\"async\" src=\"https:\/\/lbs.dk\/wp-content\/plugins\/lbs-base\/assets\/images\/chevron-down.svg\"><\/span>\t\t\t\t\t\t\t<\/div>\n\t\t\t\t\t\t\t<div class=\"canvas_spec_item_value\">\n\t\t\t\t\t\t\t\t<p>Ja, CANVAS kan anv\u00e4ndas n\u00e4r TV:n \u00e4r avst\u00e4ngd eller utan TV som ett HiFi musiksystem st\u00e5ende p\u00e5 en hylla eller h\u00e4ngande p\u00e5 v\u00e4ggen.<\/p>\n<p>N\u00e4r din TV \u00e4r avst\u00e4ngd eller om ingen TV \u00e4r ansluten alls, m\u00e5ste CANVAS anv\u00e4ndas med din surfplatta, dator eller smartphone, d\u00e4r du har obegr\u00e4nsad tillg\u00e5ng till din favoritmusik eller annan underh\u00e5llning.<\/p>\n\t\t\t\t\t\t\t<\/div>\n\t\t\t\t\t\t<\/div>\n\t\t\t\t\t\t\t\t\t\t\t<div class=\"canvas_spec_item\">\n\t\t\t\t\t\t\t<div class=\"canvas_spec_item_label\">\n\t\t\t\t\t\t\t\t<div class=\"accLabel\">Vad \u00e4r er leveranspolicy?<\/div><span class=\"canvas_spec_trigger\"><img decoding=\"async\" src=\"https:\/\/lbs.dk\/wp-content\/plugins\/lbs-base\/assets\/images\/chevron-down.svg\"><\/span>\t\t\t\t\t\t\t<\/div>\n\t\t\t\t\t\t\t<div class=\"canvas_spec_item_value\">\n\t\t\t\t\t\t\t\t<p>N\u00e4r du best\u00e4ller en CANVAS-produkt st\u00e5r vi f\u00f6r fraktkostnaderna (f\u00f6r best\u00e4llningar \u00f6ver 2000 euro), importtullar, f\u00f6rs\u00e4kringar och alla skatter - i princip alla kostnader fram till din d\u00f6rr. Denna enkelhet f\u00f6r oss g\u00f6r att du kan vara s\u00e4ker p\u00e5 att inga extra kostnader tillkommer vid import av v\u00e5ra produkter.<\/p>\n<p>Det finns ett undantag fr\u00e5n detta. Kredit- \/ Debitkortsavgifter t\u00e4cks inte av oss. Vi rekommenderar Visa framf\u00f6r Mastercard eftersom det \u00e4r billigare i utl\u00e4ndska transaktionsavgifter.<\/p>\n<p>&nbsp;<\/p>\n<h5>Hur fungerar det h\u00e4r?<\/h5>\n<p>Inom EU och USA \u00e4r det precis som att k\u00f6pa n\u00e5got annat fr\u00e5n en webbshop i ditt land eftersom vi har lager i dessa regioner. Utanf\u00f6r EU och USA kommer du att f\u00e5 en importfaktura, inklusive eventuella lokala skatter i ditt land. Du m\u00e5ste betala denna r\u00e4kning eftersom produkten importeras i ditt namn.Detta \u00e4r en standardprocedur, men vi erbjuder oss att t\u00e4cka denna importr\u00e4kning \u00e5t dig. F\u00f6r att g\u00f6ra det, v\u00e4nligen maila oss p\u00e5\u00a0<a title=\"hello@canvashifi.com\" href=\"mailto:hello@canvashifi.com\">hello@canvashifi.com<\/a>\u00a0med ditt ordernummer och bifoga en bild p\u00e5 importfakturan. Vi \u00e5terbetalar sedan motsvarande kostnad direkt till det kort som du anv\u00e4nde vid k\u00f6pet.<\/p>\n<p><a title=\"Skatter \/ moms\" href=\"\/se\/support\/taxes-vat\/\"><strong>L\u00e4s mer<\/strong><\/a><\/p>\n\t\t\t\t\t\t\t<\/div>\n\t\t\t\t\t\t<\/div>\n\t\t\t\t\t\t\t\t\t\t\t<div class=\"canvas_spec_item\">\n\t\t\t\t\t\t\t<div class=\"canvas_spec_item_label\">\n\t\t\t\t\t\t\t\t<div class=\"accLabel\">Vad h\u00e4nder om jag inte gillar produkten?<\/div><span class=\"canvas_spec_trigger\"><img decoding=\"async\" src=\"https:\/\/lbs.dk\/wp-content\/plugins\/lbs-base\/assets\/images\/chevron-down.svg\"><\/span>\t\t\t\t\t\t\t<\/div>\n\t\t\t\t\t\t\t<div class=\"canvas_spec_item_value\">\n\t\t\t\t\t\t\t\t<h5>Returprocessen<\/h5>\n<p>Lika s\u00e4kra som vi \u00e4r p\u00e5 CANVAS, lika medvetna \u00e4r vi om att allt inte passar alla. Om du k\u00e4nner att CANVAS inte \u00e4r n\u00e5got f\u00f6r dig \u00e4r det f\u00f6rsta du beh\u00f6ver g\u00f6ra att inom 30 dagar efter mottagandet av produkterna skicka ett e-postmeddelande till <a href=\"mailto:hello@canvashifi.com\">hello@canvashifi.com<\/a> och informera oss om att du vill returnera ditt k\u00f6p. Var noga med att ange sk\u00e4let till varf\u00f6r. Det \u00e4r mycket viktigt att du packar CANVAS exakt som du fick den i originalf\u00f6rpackningen. Inom kort kommer vi att svara p\u00e5 din f\u00f6rfr\u00e5gan. En f\u00f6rbetald fraktetikett skickas till dig via e-post, som du klistrar p\u00e5 l\u00e5dan och l\u00e4mnar in till en UPS-butik n\u00e4ra dig. I de flesta  l\u00e4nder kan upph\u00e4mtning ocks\u00e5 ordnas p\u00e5 ett \u00f6nskat datum, men det kr\u00e4ver att du \u00e4r hemma hela dagen.<\/p>\n<p translate=\"no\">V\u00e4nta p\u00e5 att produkten ska landa p\u00e5 en CANVAS-godk\u00e4nd destination. Denna process tar vanligtvis mellan 3 och 10 arbetsdagar. Det beror helt och h\u00e5llet p\u00e5 varifr\u00e5n produkten kommer. N\u00e4r produkten anl\u00e4nder inspekterar vi den f\u00f6r att se till att den anl\u00e4nde med allt originalmaterial och \u00e4r i nyskick. Om allt ser bra ut, vilket det n\u00e4stan alltid g\u00f6r, kontaktar vi dig och meddelar att produkten har tagits emot och att \u00e5terbetalningen behandlas. Enligt v\u00e5r erfarenhet brukar det ta mellan 7 och 10 dagar innan pengarna finns p\u00e5 ditt konto. Returavgiften p\u00e5 100 \u20ac \/ 200 \u20ac dras av fr\u00e5n det belopp som ska \u00e5terbetalas. Returavgiften \u00e4r per skickad produkt.<\/p>\n<p>Om du har debiterats importskatter p\u00e5 dina levererade produkter \u00e4r du ansvarig f\u00f6r att kr\u00e4va \u00e5terbetalning fr\u00e5n den givna transport\u00f6ren som debiterade dig (DHL, FedEx, TNT, UPS).<\/p>\n\t\t\t\t\t\t\t<\/div>\n\t\t\t\t\t\t<\/div>\n\t\t\t\t\t\t\t\t\t\t\t<div class=\"canvas_spec_item\">\n\t\t\t\t\t\t\t<div class=\"canvas_spec_item_label\">\n\t\t\t\t\t\t\t\t<div class=\"accLabel\">V\u00e5r garantipolicy<\/div><span class=\"canvas_spec_trigger\"><img decoding=\"async\" src=\"https:\/\/lbs.dk\/wp-content\/plugins\/lbs-base\/assets\/images\/chevron-down.svg\"><\/span>\t\t\t\t\t\t\t<\/div>\n\t\t\t\t\t\t\t<div class=\"canvas_spec_item_value\">\n\t\t\t\t\t\t\t\t<ul>\n<li>CANVAS l\u00e4mnar 3 \u00e5rs f\u00f6rl\u00e4ngd garanti p\u00e5 alla s\u00e5lda produkter.<\/li>\n<li>Garantin t\u00e4cker tillverkningsfel, vilket inkluderar reservdelar och arbete.<\/li>\n<li>Garantin t\u00e4cker inte repor\/sm\u00e4rre skador, slitage, felaktig anv\u00e4ndning, felaktig anslutning, otillr\u00e4ckligt allm\u00e4nt underh\u00e5ll, sprucken sk\u00e5psfinish, st\u00f6ld eller brand.<\/li>\n<li>Garantin \u00e4r giltig endast om den \u00e5tf\u00f6ljs av ett garantibevis som inneh\u00e5ller information om bland annat ink\u00f6psdatum.<\/li>\n<li>Om det i ett garanti\u00e4rende blir n\u00f6dv\u00e4ndigt att byta ut delar som inte l\u00e4ngre finns tillg\u00e4ngliga, ers\u00e4tter vi dem med en liknande komponent eller produkt.<\/li>\n<\/ul>\n<p>Om du k\u00e4nner att CANVAS inte \u00e4r n\u00e5got f\u00f6r dig \u00e4r det f\u00f6rsta du ska g\u00f6ra att skicka ett e-postmeddelande inom 14 dagar efter att du mottagit produkterna eller 45 dagar om du bor i ett land utan fysiska butiker.<\/p>\n<p>Send to <a href=\"mailto:hello@canvashifi.com\">hello@canvashifi.com<\/a><\/p>\n<p>&nbsp;<\/p>\n<h5>Vad h\u00e4nder om n\u00e5got g\u00e5r s\u00f6nder?<\/h5>\n<p>Du kommer att bli glad att h\u00f6ra att vi har utformat v\u00e5ra produkter s\u00e5 att de enkelt kan repareras av dig sj\u00e4lv, s\u00e5 frakt fram och tillbaka \u00e4r inte n\u00f6dv\u00e4ndigt om n\u00e5gon del g\u00e5r s\u00f6nder. Kontakta oss s\u00e5 g\u00e5r vi igenom processen f\u00f6r hur du byter ut drivrutinen, f\u00f6rst\u00e4rkarmodulen eller n\u00e5got liknande.<\/p>\n<p>Vi kommer att f\u00f6rse dig med de delar som beh\u00f6vs, tillsammans med v\u00e4gledning om hur du byter ut delen inom n\u00e5gra minuter - lita p\u00e5 oss, det \u00e4r extremt enkelt! Under den h\u00e4r processen omfattas du naturligtvis fortfarande av v\u00e5r garanti.<\/p>\n<p>Om en produkt beh\u00f6ver returneras till oss kr\u00e4vs originalf\u00f6rpackning f\u00f6r returf\u00f6rs\u00e4ndelse.<\/p>\n\t\t\t\t\t\t\t<\/div>\n\t\t\t\t\t\t<\/div>\n\t\t\t\t\t<\/div><script>\n\t\t\tdocument.addEventListener(\"DOMContentLoaded\", function() {\n\t\t\t\tdocument.querySelectorAll(\".canvas_spec_item_label\").forEach(trigger => {\n\t\t\t\t\ttrigger.addEventListener(\"click\", function() {\n\t\t\t\t\t\tconst specItem = this.closest(\".canvas_spec_item\");\n\t\t\t\t\t\tif (specItem) {\n\t\t\t\t\t\t\tspecItem.classList.toggle(\"active\");\n\t\t\t\t\t\t}\n\t\t\t\t\t});\n\t\t\t\t});\n\t\t\t});\n\t\t\t<\/script><\/div>\n<\/div>\n<\/div><\/div>\n\n\n\n<div class=\"wp-block-group ct-section ct-section-inner-wrap\"><div class=\"wp-block-group__inner-container is-layout-constrained wp-block-group-is-layout-constrained\">\n<div class=\"wp-block-columns col_align-b is-layout-flex wp-container-core-columns-is-layout-9d6595d7 wp-block-columns-is-layout-flex\">\n<div class=\"wp-block-column is-layout-flow wp-block-column-is-layout-flow\">\n<p><strong>Kontakta oss<\/strong><\/p>\n\n\n\n<h2 class=\"wp-block-heading\">Hittar du inte ditt svar?<\/h2>\n\n\n\n<p>Vi v\u00e4rdes\u00e4tter dina fr\u00e5gor, feedback och f\u00f6rfr\u00e5gningar. V\u00e5rt dedikerade team finns h\u00e4r f\u00f6r att hj\u00e4lpa dig med all information du kan beh\u00f6va eller f\u00f6r att ta itu med eventuella problem du kan ha. Oavsett om du \u00e4r en kund som s\u00f6ker produktsupport, en potentiell partner som \u00e4r intresserad av samarbete eller helt enkelt vill komma i kontakt med CANVAS, s\u00e5 \u00e4r vi bara ett meddelande bort.<\/p>\n\n\n\n<p>Vi ser fram emot att hj\u00e4lpa dig och h\u00f6ra fr\u00e5n dig.<\/p>\n<\/div>\n\n\n\n<div class=\"wp-block-column is-layout-flow wp-block-column-is-layout-flow\"><div class='fluentform ff-default fluentform_wrapper_4  ff_guten_block ff_guten_block-4 ffs_default_wrap'><form data-form_id=\"4\" id=\"fluentform_4\" class=\"frm-fluent-form fluent_form_4 ff-el-form-top ff_form_instance_4_1 ff-form-loading ffs_default\" data-form_instance=\"ff_form_instance_4_1\" method=\"POST\" action=\"\" ><fieldset  style=\"border: none!important;margin: 0!important;padding: 0!important;background-color: transparent!important;box-shadow: none!important;outline: none!important; min-inline-size: 100%;\">\n                    <legend class=\"ff_screen_reader_title\" style=\"display: block; margin: 0!important;padding: 0!important;height: 0!important;text-indent: -999999px;width: 0!important;overflow:hidden;\">Contact<\/legend>        <div\n                style=\"display: none!important; position: absolute!important; transform: translateX(1000%)!important;\"\n                class=\"ff-el-group ff-hpsf-container\"\n        >\n            <div class=\"ff-el-input--label asterisk-right\">\n                <label for=\"ff_4_item_sf\" aria-label=\"Contact\">\n                    Contact                <\/label>\n            <\/div>\n            <div class=\"ff-el-input--content\">\n                <input type=\"text\"\n                       name=\"item_4__fluent_sf\"\n                       class=\"ff-el-form-control\"\n                       id=\"ff_4_item_sf\"\n                \/>\n            <\/div>\n        <\/div>\n        <input type='hidden' name='__fluent_form_embded_post_id' value='1595' \/><input type=\"hidden\" id=\"_fluentform_4_fluentformnonce\" name=\"_fluentform_4_fluentformnonce\" value=\"3dda23e2e6\" \/><input type=\"hidden\" name=\"_wp_http_referer\" value=\"\/se\/wp-json\/wp\/v2\/pages\/1595?currency=USD\" \/><div data-name=\"ff_cn_id_1\"  class='ff-t-container ff-column-container ff_columns_total_2'><div class='ff-t-cell ff-t-column-1' style='flex-basis: 50%;'><div class='ff-el-group ff-el-form-hide_label'><div class=\"ff-el-input--label ff-el-is-required asterisk-right\"><label for='ff_4_input_text' id='label_ff_4_input_text' aria-label=\"Namn\">Namn<\/label><\/div><div class='ff-el-input--content'><input type=\"text\" name=\"input_text\" class=\"ff-el-form-control\" placeholder=\"Namn\" data-name=\"input_text\" id=\"ff_4_input_text\"  aria-invalid=\"false\" aria-required=\"true\"><\/div><\/div><\/div><div class='ff-t-cell ff-t-column-2' style='flex-basis: 50%;'><div class='ff-el-group ff-el-form-hide_label'><div class=\"ff-el-input--label ff-el-is-required asterisk-right\"><label for='ff_4_email' id='label_ff_4_email' aria-label=\"Email\">Email<\/label><\/div><div class='ff-el-input--content'><input type=\"email\" name=\"email\" id=\"ff_4_email\" class=\"ff-el-form-control\" placeholder=\"Email\" data-name=\"email\"  aria-invalid=\"false\" aria-required=\"true\"><\/div><\/div><\/div><\/div><div class='ff-el-group ff-el-form-hide_label'><div class=\"ff-el-input--label asterisk-right\"><label for='ff_4_description' id='label_ff_4_description' aria-label=\"Meddelande\">Meddelande<\/label><\/div><div class='ff-el-input--content'><textarea aria-required=\"false\" aria-labelledby=\"label_ff_4_description\" name=\"description\" id=\"ff_4_description\" class=\"ff-el-form-control\" placeholder=\"Meddelande\" rows=\"6\" cols=\"2\" data-name=\"description\" ><\/textarea><\/div><\/div><div class='ff-el-group ff-text-left le_btn-ff le_btn_trans_b-ff ff_submit_btn_wrapper'><button type=\"submit\" class=\"ff-btn ff-btn-submit ff-btn-md ff_btn_no_style\"  aria-label=\"Skicka meddelande\">Skicka meddelande<\/button><\/div><\/fieldset><input type=\"hidden\" name=\"trp-form-language\" value=\"se\"\/><\/form><div id='fluentform_4_errors' class='ff-errors-in-stack ff_form_instance_4_1 ff-form-loading_errors ff_form_instance_4_1_errors'><\/div><\/div>            <script type=\"text\/javascript\">\n                window.fluent_form_ff_form_instance_4_1 = {\"id\":\"4\",\"settings\":{\"layout\":{\"labelPlacement\":\"top\",\"helpMessagePlacement\":\"with_label\",\"errorMessagePlacement\":\"inline\",\"cssClassName\":\"\",\"asteriskPlacement\":\"asterisk-right\"},\"restrictions\":{\"denyEmptySubmission\":{\"enabled\":false}}},\"form_instance\":\"ff_form_instance_4_1\",\"form_id_selector\":\"fluentform_4\",\"rules\":{\"input_text\":{\"required\":{\"value\":true,\"message\":\"This field is required\",\"global_message\":\"This field is required\",\"global\":true}},\"email\":{\"required\":{\"value\":true,\"message\":\"This field is required\",\"global_message\":\"This field is required\",\"global\":true},\"email\":{\"value\":true,\"message\":\"This field must contain a valid email\",\"global_message\":\"This field must contain a valid email\",\"global\":true}},\"description\":{\"required\":{\"value\":false,\"message\":\"This field is required\",\"global_message\":\"This field is required\",\"global\":true}}},\"debounce_time\":300};\n                            <\/script>\n            <\/div>\n<\/div>\n<\/div><\/div>","protected":false},"excerpt":{"rendered":"<p>Find your answer FAQ Welcome to the CANVAS FAQ section, where we address common questions and provide answers to help you navigate your experience with CANVAS HiFi products. If you have any specific inquiries or require further assistance, please don't hesitate to reach out to our dedicated support team. Contact us Can't find your answer? [&hellip;]<\/p>\n","protected":false},"author":1,"featured_media":0,"parent":1524,"menu_order":0,"comment_status":"closed","ping_status":"closed","template":"","meta":{"_acf_changed":false,"footnotes":""},"class_list":["post-1595","page","type-page","status-publish","hentry"],"acf":[],"_links":{"self":[{"href":"https:\/\/canvashifi.com\/se\/wp-json\/wp\/v2\/pages\/1595","targetHints":{"allow":["GET"]}}],"collection":[{"href":"https:\/\/canvashifi.com\/se\/wp-json\/wp\/v2\/pages"}],"about":[{"href":"https:\/\/canvashifi.com\/se\/wp-json\/wp\/v2\/types\/page"}],"author":[{"embeddable":true,"href":"https:\/\/canvashifi.com\/se\/wp-json\/wp\/v2\/users\/1"}],"replies":[{"embeddable":true,"href":"https:\/\/canvashifi.com\/se\/wp-json\/wp\/v2\/comments?post=1595"}],"version-history":[{"count":0,"href":"https:\/\/canvashifi.com\/se\/wp-json\/wp\/v2\/pages\/1595\/revisions"}],"up":[{"embeddable":true,"href":"https:\/\/canvashifi.com\/se\/wp-json\/wp\/v2\/pages\/1524"}],"wp:attachment":[{"href":"https:\/\/canvashifi.com\/se\/wp-json\/wp\/v2\/media?parent=1595"}],"curies":[{"name":"wp","href":"https:\/\/api.w.org\/{rel}","templated":true}]}}