{"id":1819,"date":"2025-01-10T12:19:20","date_gmt":"2025-01-10T11:19:20","guid":{"rendered":"https:\/\/lbs.dk\/cnvshf\/?page_id=1819"},"modified":"2025-02-11T09:46:22","modified_gmt":"2025-02-11T08:46:22","slug":"become-a-reseller","status":"publish","type":"page","link":"https:\/\/canvashifi.com\/se\/support\/become-a-reseller\/","title":{"rendered":"Bli \u00e5terf\u00f6rs\u00e4ljare"},"content":{"rendered":"<section class=\"ct-section\">\n\t\t<style>\n\t\t@media (min-width:992px) {\n\t\t\t#le_textmedia_wrapper-block_80906f6942d00f1122878f19fd45e3e5 .le_textmedia_last {\n\t\t\t\tgrid-column: span 6;\n\t\t\t\tdisplay:flex;\n\t\t\t\talign-items:center;\n\t\t\t}\n\t\t\t#le_textmedia_wrapper-block_80906f6942d00f1122878f19fd45e3e5 .le_textmedia_first {\n\t\t\t\tgrid-column: span 6;\n\t\t\t}\n\t\t}\n\t<\/style>\n\t\t<div class=\"ct-section-inner-wrap\">\n\t\t<div id=\"le_textmedia_wrapper-block_80906f6942d00f1122878f19fd45e3e5\" class=\"le_section le_textmedia le_textmedia-img\">\n\t\t\t<div class=\"le_textmedia_first\">\n\t\t\t\t\t<h2>Would you like to become one of our partners?<\/h2>\n<p>We\u2019re looking for retail partners who are passionate about the CANVAS HiFi brand and distributors that can help us reach premium retailers and drive growth.<\/p>\n<p>Specifically, we\u2019re looking to work with people and businesses who are:<\/p>\n<ul>\n<li>Ambitious with the desire to help us deliver exceptional sound to consumers<\/li>\n<li>Well established within affluent networks, interior design and fashion, high-end AV, or premium consumer electronic stores<\/li>\n<li>Outgoing with the ability to network within the local business community<\/li>\n<li>Offering products of reputable brands<\/li>\n<li>Experienced with strong regional and local marketing knowledge<\/li>\n<\/ul>\n\t\t\t\t\t\t\t<a href=\"\/se\/apply-now\/\" class=\"le_btn le_btn_trans_b\">Ans\u00f6k nu<\/a>\n\t\t\t\t\t\t\t\t\t<\/div>\n\t\t\t<div class=\"le_textmedia_last medie-right round\">\n\t\t\t\t\t\t\t\t\t<img decoding=\"async\" src=\"https:\/\/6kutttnx.photoncache.com\/wp-content\/uploads\/sites\/5\/2024\/10\/vision-teknologi1-1024x1024.jpg\" alt=\"\" \/>\n\t\t\t\t\t\t\t<\/div>\n\t\t<\/div>\n\t\t<\/div>\n\t<\/section>","protected":false},"excerpt":{"rendered":"","protected":false},"author":1,"featured_media":0,"parent":1524,"menu_order":0,"comment_status":"closed","ping_status":"closed","template":"","meta":{"_acf_changed":false,"footnotes":""},"class_list":["post-1819","page","type-page","status-publish","hentry"],"acf":[],"_links":{"self":[{"href":"https:\/\/canvashifi.com\/se\/wp-json\/wp\/v2\/pages\/1819","targetHints":{"allow":["GET"]}}],"collection":[{"href":"https:\/\/canvashifi.com\/se\/wp-json\/wp\/v2\/pages"}],"about":[{"href":"https:\/\/canvashifi.com\/se\/wp-json\/wp\/v2\/types\/page"}],"author":[{"embeddable":true,"href":"https:\/\/canvashifi.com\/se\/wp-json\/wp\/v2\/users\/1"}],"replies":[{"embeddable":true,"href":"https:\/\/canvashifi.com\/se\/wp-json\/wp\/v2\/comments?post=1819"}],"version-history":[{"count":0,"href":"https:\/\/canvashifi.com\/se\/wp-json\/wp\/v2\/pages\/1819\/revisions"}],"up":[{"embeddable":true,"href":"https:\/\/canvashifi.com\/se\/wp-json\/wp\/v2\/pages\/1524"}],"wp:attachment":[{"href":"https:\/\/canvashifi.com\/se\/wp-json\/wp\/v2\/media?parent=1819"}],"curies":[{"name":"wp","href":"https:\/\/api.w.org\/{rel}","templated":true}]}}