{"id":583,"date":"2024-09-03T15:37:12","date_gmt":"2024-09-03T13:37:12","guid":{"rendered":"https:\/\/lbs.dk\/cnvshf\/?page_id=583"},"modified":"2026-01-20T08:35:21","modified_gmt":"2026-01-20T07:35:21","slug":"technology","status":"publish","type":"page","link":"https:\/\/canvashifi.com\/se\/technology\/","title":{"rendered":"Teknologi"},"content":{"rendered":"<section class=\"ct-section\">\n\t\t<style>\n\t\t@media (min-width:992px) {\n\t\t\t#le_textmedia_wrapper-block_e9c74a9a3fae356ec1807f77e7433c03 .le_textmedia_last {\n\t\t\t\tgrid-column: span 6;\n\t\t\t\tdisplay:flex;\n\t\t\t\talign-items:center;\n\t\t\t}\n\t\t\t#le_textmedia_wrapper-block_e9c74a9a3fae356ec1807f77e7433c03 .le_textmedia_first {\n\t\t\t\tgrid-column: span 6;\n\t\t\t}\n\t\t}\n\t<\/style>\n\t\t<div class=\"ct-section-inner-wrap\">\n\t\t<div id=\"le_textmedia_wrapper-block_e9c74a9a3fae356ec1807f77e7433c03\" class=\"le_section le_textmedia le_textmedia-img\">\n\t\t\t<div class=\"le_textmedia_first\">\n\t\t\t\t\t<h2 class=\"h2\">HiFi \u00e5teruppfanns<\/h2>\n<p>N\u00e4r projektet CANVAS inleddes var v\u00e5rt m\u00e5l att uppfinna ett ljudsystem som integrerades med TV-apparaterna, b\u00e5de mekaniskt och visuellt. Vi ville ocks\u00e5 ha en ljudkvalitet som kunde m\u00e4ta sig med avancerade hifi-system, \u00e5tminstone f\u00f6r bakgrundsmusik. Men CANVAS formfaktor har tv\u00e5 stora, inbyggda begr\u00e4nsningar: De v\u00e4nstra och h\u00f6gra h\u00f6gtalarna \u00e4r inte placerade tillr\u00e4ckligt l\u00e5ngt ifr\u00e5n varandra f\u00f6r att skapa en riktig 3D-stereobild, och n\u00e4r de placeras mot en v\u00e4gg blir basen naturligtvis f\u00f6r b\u00e5ngstyrig och okontrollerbar. Vi visste att CANVAS skulle vara mycket b\u00e4ttre \u00e4n en enkel soundbar. Men lika bra som ett dedikerat hifi-system f\u00f6r kritiskt, uppm\u00e4rksamt lyssnande? \u00c4ven vi hade v\u00e5ra tvivel. Under utvecklingsprocessen hittade vi dock banbrytande tekniska l\u00f6sningar p\u00e5 b\u00e5da dessa begr\u00e4nsningar.<\/p>\n<p>L\u00e4s vidare f\u00f6r att uppt\u00e4cka hur CANVAS blev ett riktigt hifi-ljudsystem.<\/p>\n\t\t\t<\/div>\n\t\t\t<div class=\"le_textmedia_last medie-right round\">\n\t\t\t\t\t\t\t\t\t<img decoding=\"async\" src=\"https:\/\/6kutttnx.photoncache.com\/wp-content\/uploads\/sites\/5\/2024\/10\/vision-teknologi1-1024x1024.jpg\" alt=\"\" \/>\n\t\t\t\t\t\t\t<\/div>\n\t\t<\/div>\n\t\t<\/div>\n\t<\/section>\n\t\n\n\t<section class=\"ct-section\">\n\t\t<style>\n\t\t@media (min-width:992px) {\n\t\t\t#le_textmedia_wrapper-block_15feb2dfe95c1528aab3dd0c5dce4078 .le_textmedia_last {\n\t\t\t\tgrid-column: span 6;\n\t\t\t\tdisplay:flex;\n\t\t\t\talign-items:center;\n\t\t\t}\n\t\t\t#le_textmedia_wrapper-block_15feb2dfe95c1528aab3dd0c5dce4078 .le_textmedia_first {\n\t\t\t\tgrid-column: span 6;\n\t\t\t}\n\t\t}\n\t<\/style>\n\t\t<div class=\"ct-section-inner-wrap\">\n\t\t<div id=\"le_textmedia_wrapper-block_15feb2dfe95c1528aab3dd0c5dce4078\" class=\"le_section le_textmedia le_textmedia-img\">\n\t\t\t<div class=\"le_textmedia_first\">\n\t\t\t\t\t<h3 class=\"h2\">H\u00f6gtalarkonstruktion av h\u00f6g kvalitet<\/h3>\n<p>CANVAS \u00e4r designad och konstruerad som en riktig High End HiFi-h\u00f6gtalare, med High End SB Acoustics chassi i gjuten aluminium, n\u00e4sta generations bas\/mellanregisterelement med papperskon, passiva element med h\u00f6g precision och styv papperskon f\u00f6r l\u00e5nga utg\u00e5ngar och SB-CANVAS-designade diskanth\u00f6gtalare med v\u00e5gledare i gjuten aluminium och silkeskupol som integreras i frontgallren f\u00f6r en diffraktionsfri design. Sk\u00e5pet \u00e4r stenh\u00e5rt, byggt av satinlackad MDF, med omfattande CANVAS-uppfunna, BridgeBrace(tm) (patents\u00f6kt) strukturella stagningssystem. Den har en 4-kanals Burr-Brown DAC och HiFi-f\u00f6rst\u00e4rkare, och avancerade linj\u00e4rfas Analog Devices DSP delningsfilter.<\/p>\n\t\t\t<\/div>\n\t\t\t<div class=\"le_textmedia_last medie-left round\">\n\t\t\t\t\t\t\t\t\t<img decoding=\"async\" src=\"https:\/\/6kutttnx.photoncache.com\/wp-content\/uploads\/sites\/5\/2024\/10\/thumbnail_CANVAS_exploded_render_new_TV_mount_4K_web1-1024x696.jpg\" alt=\"\" \/>\n\t\t\t\t\t\t\t<\/div>\n\t\t<\/div>\n\t\t<\/div>\n\t<\/section>\n\t\n\n\t<section class=\"ct-section\">\n\t\t<style>\n\t\t@media (min-width:992px) {\n\t\t\t#le_textmedia_wrapper-block_121008ad475744da086229e042ba4324 .le_textmedia_last {\n\t\t\t\tgrid-column: span 6;\n\t\t\t\tdisplay:flex;\n\t\t\t\talign-items:center;\n\t\t\t}\n\t\t\t#le_textmedia_wrapper-block_121008ad475744da086229e042ba4324 .le_textmedia_first {\n\t\t\t\tgrid-column: span 6;\n\t\t\t}\n\t\t}\n\t<\/style>\n\t\t<div class=\"ct-section-inner-wrap\">\n\t\t<div id=\"le_textmedia_wrapper-block_121008ad475744da086229e042ba4324\" class=\"le_section le_textmedia le_textmedia-video\">\n\t\t\t<div class=\"le_textmedia_first\">\n\t\t\t\t\t<h3 class=\"h2\">Korrigering av rum<\/h3>\n<p>F\u00f6r att f\u00e5 HiFi-bas m\u00e5ste h\u00f6gtalarna traditionellt placeras frist\u00e5ende minst 30-60 cm (1-2 fot) fr\u00e5n bakv\u00e4ggen. CANVAS placeras vanligtvis rakt p\u00e5 golvet upp mot en v\u00e4gg eller p\u00e5 en v\u00e4gg. Detta f\u00f6rst\u00e4rker basen drastiskt, men med ett mycket b\u00f6kigt ljud som resultat. Genom att integrera ett rumskorrigeringssystem via v\u00e5ra CANVAS iOS- och Android-appar kan vi linj\u00e4risera frekvenssvaret, och nu \u00e4r basf\u00f6rst\u00e4rkningarna pl\u00f6tsligt en stor f\u00f6rdel, med \u00f6kad effekt j\u00e4mf\u00f6rt med frist\u00e5ende h\u00f6gtalare. Och eftersom basf\u00f6rst\u00e4rkningen inte \u00e4r beroende av tidsdom\u00e4nen, till skillnad fr\u00e5n rumsl\u00e4gen, l\u00e5ter DSP-korrigerade boundary gains fantastiskt. iPhones mikrofon kan anv\u00e4ndas f\u00f6r att g\u00f6ra dessa m\u00e4tningar f\u00f6r att k\u00f6ra denna korrigering - som tillval har vi v\u00e5r Zen smarta referensmikrofon, som kan anv\u00e4ndas med b\u00e5de Android och iPhone, f\u00f6r \u00e4nnu b\u00e4ttre resultat.<\/p>\n\t\t\t<\/div>\n\t\t\t<div class=\"le_textmedia_last medie-right round\">\n\t\t\t\t\t\t\t\t\t<div class=\"le_videogrid autoplay muted playsinline loop\">\n\t\t\t\t\t\t<div class=\"le_videogrid_video_outer\" data-video=\"ve8ebc763\">\n\t\t\t\t\t\t\t<video class=\"plyr videogrid_video\" data-poster=\"\" autoplay muted playsinline loop controlslist=\"nodownload noplaybackrate nopictureinpicture\" disablepictureinpicture preload=\"none\">\n\t\t\t\t\t\t\t\t<source src=\"https:\/\/6kutttnx.photoncache.com\/wp-content\/uploads\/sites\/5\/2025\/03\/41a8b96ba53b481fb9cc251ccf974280.HD-1080p-7.2Mbps-23085929-1-1.mp4\" type=\"video\/mp4\">\n\t\t\t\t\t\t\t<\/video>\n\t\t\t\t\t\t<\/div>\n\t\t\t\t\t<\/div>\n\t\t\t\t\t\t\t<\/div>\n\t\t<\/div>\n\t\t<\/div>\n\t<\/section>\n\t\n\n\t<section class=\"ct-section\">\n\t\t<style>\n\t\t@media (min-width:992px) {\n\t\t\t#le_textmedia_wrapper-block_80e51cef33f7229d39356869a63ea3e8 .le_textmedia_last {\n\t\t\t\tgrid-column: span 6;\n\t\t\t\tdisplay:flex;\n\t\t\t\talign-items:center;\n\t\t\t}\n\t\t\t#le_textmedia_wrapper-block_80e51cef33f7229d39356869a63ea3e8 .le_textmedia_first {\n\t\t\t\tgrid-column: span 6;\n\t\t\t}\n\t\t}\n\t<\/style>\n\t\t<div class=\"ct-section-inner-wrap\">\n\t\t<div id=\"le_textmedia_wrapper-block_80e51cef33f7229d39356869a63ea3e8\" class=\"le_section le_textmedia le_textmedia-video\">\n\t\t\t<div class=\"le_textmedia_first\">\n\t\t\t\t\t<h3 class=\"h2\">BACCH 3D<\/h3>\n<p>F\u00f6r att f\u00e5 en riktig stereobild fr\u00e5n traditionella HiFi-h\u00f6gtalare m\u00e5ste de placeras frist\u00e5ende minst 30-60 cm fr\u00e5n bakv\u00e4ggen och med ett avst\u00e5nd p\u00e5 minst 2 meter fr\u00e5n varandra. Detta \u00e4r n\u00f6dv\u00e4ndigt p\u00e5 grund av ett fysiskt fenomen som kallas cross-talk. Om du placerar h\u00f6gtalarna n\u00e4rmare varandra tr\u00e4ffar ljudv\u00e5gorna som \u00e4r avsedda f\u00f6r t.ex. ditt h\u00f6gra \u00f6ra b\u00e5da dina \u00f6ron. Detta hindrar \u00f6ronen och hj\u00e4rnan fr\u00e5n att h\u00f6ra i 3D. BACCH 3D (Band-Assembled Crosstalk Cancellation Hierarchy), som uppfanns av Edgar Choueiri, professor vid Princeton University (och bokstavligen raketforskare), fungerar som en digital madrass som placeras fr\u00e5n n\u00e4san till h\u00f6gtalarna och ser till att v\u00e4nster \u00f6ra bara h\u00f6r ljud fr\u00e5n v\u00e4nster h\u00f6gtalare och h\u00f6ger \u00f6ra bara h\u00f6r ljud fr\u00e5n h\u00f6ger h\u00f6gtalare. Detta ger tillbaka \u00e4kta 3D-stereobild, som kan m\u00e4ta sig med de b\u00e4sta och dyraste frist\u00e5ende High End HiFi-systemen p\u00e5 marknaden, med verklig bredd, djup och h\u00f6jd i ljudbilden. Det \u00e4r viktigt att notera att BACCH 3D inte \u00e4r ett filter som l\u00e4gger till n\u00e5got till ljudet, som reverb eller falsk surround, det tar helt enkelt bort fel i ljudv\u00e5gorna som n\u00e5r dina \u00f6ron, vilket g\u00f6r att dina \u00f6ron och din hj\u00e4rna kan h\u00f6ra i 3D, utan att ljudet f\u00e4rgas. Och det b\u00e4sta av allt \u00e4r att den fungerar med alla stereoinspelningar som gjorts under de senaste 70 \u00e5ren! Inte nog med det, den packar upp nedmixad Dolby Atmos, f\u00f6r fantastiskt surroundljud f\u00f6r filmer.<\/p>\n\t\t\t<\/div>\n\t\t\t<div class=\"le_textmedia_last medie-left round\">\n\t\t\t\t\t\t\t\t\t<div class=\"le_videogrid controls loop\">\n\t\t\t\t\t\t<div class=\"le_videogrid_video_outer\" data-video=\"vc2e63c1b\">\n\t\t\t\t\t\t\t<video class=\"plyr videogrid_video\" data-poster=\"https:\/\/6kutttnx.photoncache.com\/wp-content\/uploads\/sites\/5\/2025\/02\/3dbacch3_ed19a869-2f0b-4f0b-a2ec-b24cfce8f0d21-836x1024.png\" controls loop controlslist=\"nodownload noplaybackrate nopictureinpicture\" disablepictureinpicture preload=\"none\">\n\t\t\t\t\t\t\t\t<source src=\"https:\/\/6kutttnx.photoncache.com\/wp-content\/uploads\/sites\/5\/2024\/10\/980fb11d9191447787423e04a3df4a57.HD-720p-3.0Mbps-28316894.mp4\" type=\"video\/mp4\">\n\t\t\t\t\t\t\t<\/video>\n\t\t\t\t\t\t<\/div>\n\t\t\t\t\t<\/div>\n\t\t\t\t\t\t\t<\/div>\n\t\t<\/div>\n\t\t<\/div>\n\t<\/section>\n\t\n\n\t<section class=\"ct-section\">\n\t\t<style>\n\t\t@media (min-width:992px) {\n\t\t\t#le_textmedia_wrapper-block_137949cfde57d30a7f2011d1d6566f77 .le_textmedia_last {\n\t\t\t\tgrid-column: span 6;\n\t\t\t\tdisplay:flex;\n\t\t\t\talign-items:center;\n\t\t\t}\n\t\t\t#le_textmedia_wrapper-block_137949cfde57d30a7f2011d1d6566f77 .le_textmedia_first {\n\t\t\t\tgrid-column: span 6;\n\t\t\t}\n\t\t}\n\t<\/style>\n\t\t<div class=\"ct-section-inner-wrap\">\n\t\t<div id=\"le_textmedia_wrapper-block_137949cfde57d30a7f2011d1d6566f77\" class=\"le_section le_textmedia le_textmedia-img\">\n\t\t\t<div class=\"le_textmedia_first\">\n\t\t\t\t\t<h3 class=\"h2\">Universal TV-f\u00e4ste<\/h3>\n<p>The universal TV Mount allows for mounting and aligning the vast majority of new TV's on the market, all brands, and in the most popular sizes, 55\", 65\", 75\", 77\", 83\" and 85\". This CANVAS invented solution (patent pending), with matching size front grills, ensures a flush, zero gab alignment of CANVAS speaker and your TV, fusing them together as one seamless unit.<\/p>\n\t\t\t<\/div>\n\t\t\t<div class=\"le_textmedia_last medie-right round\">\n\t\t\t\t\t\t\t\t\t<img decoding=\"async\" src=\"https:\/\/6kutttnx.photoncache.com\/wp-content\/uploads\/sites\/5\/2024\/10\/size1-1024x846.jpg\" alt=\"\" \/>\n\t\t\t\t\t\t\t<\/div>\n\t\t<\/div>\n\t\t<\/div>\n\t<\/section>\n\t\n\n\t<section class=\"ct-section\">\n\t\t<style>\n\t\t@media (min-width:992px) {\n\t\t\t#le_textmedia_wrapper-block_13dabf57b152f1f2a267e6e6837ce4dd .le_textmedia_last {\n\t\t\t\tgrid-column: span 6;\n\t\t\t\tdisplay:flex;\n\t\t\t\talign-items:center;\n\t\t\t}\n\t\t\t#le_textmedia_wrapper-block_13dabf57b152f1f2a267e6e6837ce4dd .le_textmedia_first {\n\t\t\t\tgrid-column: span 6;\n\t\t\t}\n\t\t}\n\t<\/style>\n\t\t<div class=\"ct-section-inner-wrap\">\n\t\t<div id=\"le_textmedia_wrapper-block_13dabf57b152f1f2a267e6e6837ce4dd\" class=\"le_section le_textmedia le_textmedia-img\">\n\t\t\t<div class=\"le_textmedia_first\">\n\t\t\t\t\t<h2 class=\"h2\">Anslutningsm\u00f6jligheter<\/h2>\n<p class=\"translation-block\">Det \u00e4r superenkelt att ansluta CANVAS till ditt WiFi. F\u00f6r iPhone, g\u00e5 bara till WiFi-inst\u00e4llningar, och det kommer att fr\u00e5ga om du vill ansluta CANVAS till ditt n\u00e4tverk. F\u00f6r\u00a0<a title=\"Android, Google Home and Chromecast are trademarks of Google LLC.\" href=\"\/se\/information\/\" target=\"_self\">Android-enheter<\/a> guidar  <a title=\"Android, Google Home and Chromecast are trademarks of Google LLC.\" href=\"\/se\/information\/\" target=\"_self\">Google Home<\/a>-appen dig genom enkel installation.<\/p>\n<p>F\u00f6r streaming har CANVAS en tr\u00e5dl\u00f6s modul av n\u00e4sta generation, med Apple AirPlay 2 och\u00a0<a title=\"Android, Google Home och Chromecast \u00e4r varum\u00e4rken som tillh\u00f6r Google LLC.\" href=\"\/se\/information\/\">Google Cast<\/a>, som b\u00e5da \u00e4r multiroom-kompatibla med alla andra h\u00f6gtalarm\u00e4rken. Dessutom inneh\u00e5ller den Roon, Tidal och Spotify. Den har ocks\u00e5 en digital optisk Toslink-ing\u00e5ng f\u00f6r anslutning av t.ex. en SONOS Connect-box, och en analog med en fantastisk Burr-Brown ADC, s\u00e5 att skivspelare kan anslutas f\u00f6r att uppleva dina skivor med en o\u00f6vertr\u00e4ffad rumslig \u00e5tergivning.<\/p>\n<p>CANVAS har HDMI eARC, vilket inneb\u00e4r att den integreras s\u00f6ml\u00f6st med din TV. Du beh\u00f6ver inte t\u00e4nka p\u00e5 att den finns d\u00e4r; den fungerar helt enkelt s\u00f6ml\u00f6st med din TV-fj\u00e4rrkontroll. \u00c4ven en Apple TV-fj\u00e4rrkontroll kan styra volymen i CANVAS direkt. Dessutom s\u00e4kerst\u00e4ller HDMI eARC att det inte uppst\u00e5r n\u00e5gra irriterande problem med l\u00e4ppsynkronisering, d\u00e4r bild och ljud inte \u00e4r synkroniserade i filmer, shower och konserter.<\/p>\n<p>Android, Google Home och Chromecast \u00e4r varum\u00e4rken som tillh\u00f6r Google LLC.<\/p>\n\t\t\t<\/div>\n\t\t\t<div class=\"le_textmedia_last medie-left round\">\n\t\t\t\t\t\t\t\t\t<img decoding=\"async\" src=\"https:\/\/6kutttnx.photoncache.com\/wp-content\/uploads\/sites\/5\/2024\/10\/canvasapp1-1024x1024.jpg\" alt=\"\" \/>\n\t\t\t\t\t\t\t<\/div>\n\t\t<\/div>\n\t\t<\/div>\n\t<\/section>\n\t\n\n\t<section class=\"ct-section\">\n\t\t<style>\n\t\t@media (min-width:992px) {\n\t\t\t#le_textmedia_wrapper-block_7a2f9c195181ecee45a569c33d31cee3 .le_textmedia_last {\n\t\t\t\tgrid-column: span 6;\n\t\t\t\tdisplay:flex;\n\t\t\t\talign-items:center;\n\t\t\t}\n\t\t\t#le_textmedia_wrapper-block_7a2f9c195181ecee45a569c33d31cee3 .le_textmedia_first {\n\t\t\t\tgrid-column: span 6;\n\t\t\t}\n\t\t}\n\t<\/style>\n\t\t<div class=\"ct-section-inner-wrap\">\n\t\t<div id=\"le_textmedia_wrapper-block_7a2f9c195181ecee45a569c33d31cee3\" class=\"le_section le_textmedia le_textmedia-video\">\n\t\t\t<div class=\"le_textmedia_first\">\n\t\t\t\t\t<h2 class=\"h2\">Also for professional use<\/h2>\n<p>Elevate your meeting room with award-winning sound and refined Danish design.<br \/>\nWith perfect voice reproduction, you capture every detail in the dialogue, and every video presentation is delivered with optimal sound quality.<\/p>\n<p>The adjustable spacing between CANVAS and the TV allows seamless integration of your preferred video conferencing camera, while the integrated technical compartment discreetly conceals all equipment\u2014delivering a clean, elegant, and professional result.<\/p>\n\t\t\t<\/div>\n\t\t\t<div class=\"le_textmedia_last medie-right round\">\n\t\t\t\t\t\t\t\t\t<div class=\"le_videogrid autoplay muted playsinline loop\">\n\t\t\t\t\t\t<div class=\"le_videogrid_video_outer\" data-video=\"vbaa6d7e0\">\n\t\t\t\t\t\t\t<video class=\"plyr videogrid_video\" data-poster=\"\" autoplay muted playsinline loop controlslist=\"nodownload noplaybackrate nopictureinpicture\" disablepictureinpicture preload=\"none\">\n\t\t\t\t\t\t\t\t<source src=\"https:\/\/6kutttnx.photoncache.com\/wp-content\/uploads\/sites\/5\/2026\/01\/Konference_rum_Video.mp4\" type=\"video\/mp4\">\n\t\t\t\t\t\t\t<\/video>\n\t\t\t\t\t\t<\/div>\n\t\t\t\t\t<\/div>\n\t\t\t\t\t\t\t<\/div>\n\t\t<\/div>\n\t\t<\/div>\n\t<\/section>\n\t\n\n\t<section class=\"ct-section\">\n\t\t<style>\n\t\t@media (min-width:992px) {\n\t\t\t#le_textmedia_wrapper-block_6c73f280638e60c704766e002f6ce842 .le_textmedia_last {\n\t\t\t\tgrid-column: span 6;\n\t\t\t\tdisplay:flex;\n\t\t\t\talign-items:center;\n\t\t\t}\n\t\t\t#le_textmedia_wrapper-block_6c73f280638e60c704766e002f6ce842 .le_textmedia_first {\n\t\t\t\tgrid-column: span 6;\n\t\t\t}\n\t\t}\n\t<\/style>\n\t\t<div class=\"ct-section-inner-wrap\">\n\t\t<div id=\"le_textmedia_wrapper-block_6c73f280638e60c704766e002f6ce842\" class=\"le_section le_textmedia le_textmedia-img\">\n\t\t\t<div class=\"le_textmedia_first\">\n\t\t\t\t\t<h2 class=\"h2\">Hybridfot \/ v\u00e4ggmontering<\/h2>\n<p>Alla CANVAS-h\u00f6gtalare levereras med ett hybridfot-\/v\u00e4ggf\u00e4ste. Denna CANVAS-uppfunna l\u00f6sning (patents\u00f6kt) g\u00f6r det m\u00f6jligt f\u00f6r dig att best\u00e4mma hur du vill anv\u00e4nda din CANVAS, \u00e4ven efter ditt k\u00f6p. Du kanske inte \u00e4r s\u00e4ker p\u00e5 om du vill ha den p\u00e5 golvet eller p\u00e5 v\u00e4ggen, eller s\u00e5 \u00e4ndrar du dig senare. Med den h\u00e4r l\u00f6sningen \u00e4r du skyddad i alla anv\u00e4ndningssituationer, utan att beh\u00f6va g\u00e5 ut och k\u00f6pa nya tillbeh\u00f6r f\u00f6r att lysa upp ditt vardagsrum.<\/p>\n\t\t\t<\/div>\n\t\t\t<div class=\"le_textmedia_last medie-left round\">\n\t\t\t\t\t\t\t\t\t<img decoding=\"async\" src=\"https:\/\/6kutttnx.photoncache.com\/wp-content\/uploads\/sites\/5\/2024\/10\/Mount1-1024x846.jpg\" alt=\"\" \/>\n\t\t\t\t\t\t\t<\/div>\n\t\t<\/div>\n\t\t<\/div>\n\t<\/section>\n\t\n\n\t<section class=\"ct-section\">\n\t\t<style>\n\t\t@media (min-width:992px) {\n\t\t\t#le_textmedia_wrapper-block_176f625bb88e41d2b1f8e75ccca44b4d .le_textmedia_last {\n\t\t\t\tgrid-column: span 6;\n\t\t\t\tdisplay:flex;\n\t\t\t\talign-items:center;\n\t\t\t}\n\t\t\t#le_textmedia_wrapper-block_176f625bb88e41d2b1f8e75ccca44b4d .le_textmedia_first {\n\t\t\t\tgrid-column: span 6;\n\t\t\t}\n\t\t}\n\t<\/style>\n\t\t<div class=\"ct-section-inner-wrap\">\n\t\t<div id=\"le_textmedia_wrapper-block_176f625bb88e41d2b1f8e75ccca44b4d\" class=\"le_section le_textmedia le_textmedia-img\">\n\t\t\t<div class=\"le_textmedia_first\">\n\t\t\t\t\t<h3 class=\"h2\">Framtidss\u00e4krad<\/h3>\n<p>CANVAS \u00e4r framtidss\u00e4kert med automatiska uppdateringar av programvaran, om vi en dag skulle komma p\u00e5 en \u00e4nnu b\u00e4ttre ljudjustering eller om nya streamingformat skulle dyka upp. \u00c4ven den elektroniska h\u00e5rdvaran \u00e4r utformad f\u00f6r att kunna uppgraderas, om det n\u00e5gon g\u00e5ng i framtiden skulle komma nya standarder f\u00f6r streaming eller kabelanslutning, som inte \u00e4r uppgraderingsbara.<\/p>\n<p>The particularly service-friendly modular structure also makes it easy to replace components, both within the extended 3-year warranty and after the warranty has expired. This ensures that the product can be easily serviced in your home.<\/p>\n\t\t\t<\/div>\n\t\t\t<div class=\"le_textmedia_last medie-right round\">\n\t\t\t\t\t\t\t\t\t<img decoding=\"async\" src=\"https:\/\/6kutttnx.photoncache.com\/wp-content\/uploads\/sites\/5\/2024\/10\/CANVAS_electronics_rendering1-1024x576.jpg\" alt=\"\" \/>\n\t\t\t\t\t\t\t<\/div>\n\t\t<\/div>\n\t\t<\/div>\n\t<\/section>\n\t\n\n\t<section class=\"ct-section\" style=\"color:#000000; background-color:rgba(255,255,255,0)\">\n\t\t<div class=\"ct-section-inner-wrap le_m_section\">\n\t\t\t<div id=\"le_fullmedia_wrapper-block_ce844683bb6a4cc8d934493a2bc7d02e\" class=\"le_section le_fullmedia\">\n\t\t\t\t\t\t\t\t<div class=\"le_fullmedia_second\">\n\t\t\t\t\t\t\n\t\t\t\t\t\t\t\t\t\t\t\t<div class=\"le_video_wrapper\">\n\t\t\t\t\t\t\t<div class=\"le_video_wrapper_inner\">\n\t\t\t\t\t\t\t\t<video class=\"plyr le_video_element\" autoplay muted playsinline loop controlslist=\"nodownload noplaybackrate nopictureinpicture\" disablepictureinpicture preload=\"none\" data-poster=\"\">\n\t\t\t\t\t\t\t\t\t<source src=\"https:\/\/6kutttnx.photoncache.com\/wp-content\/uploads\/sites\/5\/2025\/03\/08f8a44c6b3d4668816b4e24341bc52c.HD-1080p-7.2Mbps-20170021-1.mp4\" type=\"video\/mp4\">\n\t\t\t\t\t\t\t\t<\/video>\n\t\t\t\t\t\t\t<\/div>\n\t\t\t\t\t\t<\/div>\n\t\t\t\t\t\t\t\t\t\t<\/div>\n\t\t\t<\/div>\n\t\t<\/div>\n\t<\/section>\n\n\n\n<p><\/p>","protected":false},"excerpt":{"rendered":"","protected":false},"author":1,"featured_media":0,"parent":0,"menu_order":0,"comment_status":"closed","ping_status":"closed","template":"","meta":{"_acf_changed":false,"footnotes":""},"class_list":["post-583","page","type-page","status-publish","hentry"],"acf":[],"_links":{"self":[{"href":"https:\/\/canvashifi.com\/se\/wp-json\/wp\/v2\/pages\/583","targetHints":{"allow":["GET"]}}],"collection":[{"href":"https:\/\/canvashifi.com\/se\/wp-json\/wp\/v2\/pages"}],"about":[{"href":"https:\/\/canvashifi.com\/se\/wp-json\/wp\/v2\/types\/page"}],"author":[{"embeddable":true,"href":"https:\/\/canvashifi.com\/se\/wp-json\/wp\/v2\/users\/1"}],"replies":[{"embeddable":true,"href":"https:\/\/canvashifi.com\/se\/wp-json\/wp\/v2\/comments?post=583"}],"version-history":[{"count":0,"href":"https:\/\/canvashifi.com\/se\/wp-json\/wp\/v2\/pages\/583\/revisions"}],"wp:attachment":[{"href":"https:\/\/canvashifi.com\/se\/wp-json\/wp\/v2\/media?parent=583"}],"curies":[{"name":"wp","href":"https:\/\/api.w.org\/{rel}","templated":true}]}}