{"id":701,"date":"2024-09-04T15:11:54","date_gmt":"2024-09-04T13:11:54","guid":{"rendered":"https:\/\/lbs.dk\/cnvshf\/?page_id=701"},"modified":"2025-04-10T15:05:43","modified_gmt":"2025-04-10T13:05:43","slug":"warranty-returns","status":"publish","type":"page","link":"https:\/\/canvashifi.com\/se\/support\/warranty-returns\/","title":{"rendered":"Garanti och returer"},"content":{"rendered":"<section class=\"ct-section\" style=\"color:#ffffff; background-color:rgb(0,0,0)\">\n\t\t<div class=\"ct-section-inner-wrap\">\n\t\t\t<div id=\"le_fulltext_wrapper-block_afa4353719707076e384c711b46f437d\" class=\"le_section le_fulltext\">\n\t\t\t\t\t\t\t\t\t\t<div class=\"le_fulltext_first le_w50 le_ta_left\">\n\t\t\t\t\t\t\t<h1>Garanti och returer<\/h1>\n<p><strong>Returprocessen<\/strong><\/p>\n<ul>\n<li>Lika s\u00e4kra som vi \u00e4r p\u00e5 CANVAS, lika medvetna \u00e4r vi om att allt inte passar alla. Om du k\u00e4nner att CANVAS inte \u00e4r n\u00e5got f\u00f6r dig \u00e4r det f\u00f6rsta du beh\u00f6ver g\u00f6ra att inom 45 dagar efter mottagandet av produkterna skicka ett e-postmeddelande till <a title=\"hello@canvashifi.com\" href=\"mailto:hello@canvashifi.com\">hello@canvashifi.com<\/a>\u00a0och informera oss om att du vill returnera ditt k\u00f6p. Var noga med att ange sk\u00e4let till varf\u00f6r. Det \u00e4r mycket viktigt att du packar CANVAS exakt som du fick den i originalf\u00f6rpackningen. Inom kort kommer vi att svara p\u00e5 din f\u00f6rfr\u00e5gan. En f\u00f6rbetald fraktetikett kommer att skickas till dig via e-post, som du tejpar p\u00e5 l\u00e5dan och f\u00f6ljer de instruktioner vi ger ang\u00e5ende retur.<\/li>\n<li translate=\"no\">V\u00e4nta p\u00e5 att produkten ska landa p\u00e5 en CANVAS-godk\u00e4nd destination. Denna process tar vanligtvis mellan 3 och 10 arbetsdagar. Det beror helt och h\u00e5llet p\u00e5 varifr\u00e5n produkten kommer. N\u00e4r produkten anl\u00e4nder inspekterar vi den f\u00f6r att se till att den anl\u00e4nde med allt originalmaterial och \u00e4r i nyskick. Om allt ser bra ut, vilket det n\u00e4stan alltid g\u00f6r, kontaktar vi dig och meddelar att produkten har tagits emot och att \u00e5terbetalningen behandlas. Enligt v\u00e5r erfarenhet brukar det ta mellan 7 och 10 dagar innan pengarna finns p\u00e5 ditt konto. Returavgiften p\u00e5 100 \u20ac \/ 200 \u20ac dras av fr\u00e5n det belopp som ska \u00e5terbetalas. Returavgiften \u00e4r per skickad produkt.<\/li>\n<li>Om du har debiterats importskatter p\u00e5 dina levererade produkter \u00e4r du ansvarig f\u00f6r att kr\u00e4va \u00e5terbetalning fr\u00e5n den givna transport\u00f6ren som debiterade dig (DHL, FedEx, TNT, UPS).<\/li>\n<\/ul>\n<p>&nbsp;<\/p>\n<p><strong>Garantibest\u00e4mmelser!<\/strong><\/p>\n<ul>\n<li>CANVAS l\u00e4mnar 3 \u00e5rs f\u00f6rl\u00e4ngd garanti p\u00e5 alla s\u00e5lda produkter.<\/li>\n<li>Garantin t\u00e4cker tillverkningsfel, vilket inkluderar reservdelar och arbete.<\/li>\n<li>Garantin t\u00e4cker inte repor\/sm\u00e4rre skador, slitage, felaktig anv\u00e4ndning, felaktig anslutning, otillr\u00e4ckligt allm\u00e4nt underh\u00e5ll, sprucken sk\u00e5psfinish, st\u00f6ld eller brand.<\/li>\n<li>The warranty is valid only when accompanied by an invoice containing information including the date of purchase.<\/li>\n<li>Om det i ett garanti\u00e4rende blir n\u00f6dv\u00e4ndigt att byta ut delar som inte l\u00e4ngre finns tillg\u00e4ngliga, ers\u00e4tter vi dem med en liknande komponent eller produkt.<\/li>\n<\/ul>\n<p>&nbsp;<\/p>\n<p><strong>Vad h\u00e4nder om n\u00e5got g\u00e5r s\u00f6nder?<\/strong><\/p>\n<p>Du kommer att bli glad att h\u00f6ra att vi har utformat v\u00e5ra produkter s\u00e5 att de enkelt kan repareras av dig sj\u00e4lv, s\u00e5 frakt fram och tillbaka \u00e4r inte n\u00f6dv\u00e4ndigt om n\u00e5gon del g\u00e5r s\u00f6nder. Kontakta oss s\u00e5 g\u00e5r vi igenom processen f\u00f6r hur du byter ut drivrutinen, f\u00f6rst\u00e4rkarmodulen eller n\u00e5got liknande.<\/p>\n<p>Vi kommer att f\u00f6rse dig med de delar som beh\u00f6vs, tillsammans med v\u00e4gledning om hur du byter ut delen inom n\u00e5gra minuter - lita p\u00e5 oss, det \u00e4r extremt enkelt! Under den h\u00e4r processen omfattas du naturligtvis fortfarande av v\u00e5r garanti.<\/p>\n<p>Om en produkt beh\u00f6ver returneras till oss kr\u00e4vs originalf\u00f6rpackning f\u00f6r returf\u00f6rs\u00e4ndelse.<\/p>\n\t\t\t\t\t\t<\/div>\n\t\t\t\t\t\t\t\t<\/div>\n\t\t<\/div>\n\t<\/section>","protected":false},"excerpt":{"rendered":"","protected":false},"author":1,"featured_media":0,"parent":1524,"menu_order":0,"comment_status":"closed","ping_status":"closed","template":"","meta":{"_acf_changed":false,"footnotes":""},"class_list":["post-701","page","type-page","status-publish","hentry"],"acf":[],"_links":{"self":[{"href":"https:\/\/canvashifi.com\/se\/wp-json\/wp\/v2\/pages\/701","targetHints":{"allow":["GET"]}}],"collection":[{"href":"https:\/\/canvashifi.com\/se\/wp-json\/wp\/v2\/pages"}],"about":[{"href":"https:\/\/canvashifi.com\/se\/wp-json\/wp\/v2\/types\/page"}],"author":[{"embeddable":true,"href":"https:\/\/canvashifi.com\/se\/wp-json\/wp\/v2\/users\/1"}],"replies":[{"embeddable":true,"href":"https:\/\/canvashifi.com\/se\/wp-json\/wp\/v2\/comments?post=701"}],"version-history":[{"count":0,"href":"https:\/\/canvashifi.com\/se\/wp-json\/wp\/v2\/pages\/701\/revisions"}],"up":[{"embeddable":true,"href":"https:\/\/canvashifi.com\/se\/wp-json\/wp\/v2\/pages\/1524"}],"wp:attachment":[{"href":"https:\/\/canvashifi.com\/se\/wp-json\/wp\/v2\/media?parent=701"}],"curies":[{"name":"wp","href":"https:\/\/api.w.org\/{rel}","templated":true}]}}