{"id":706,"date":"2024-09-04T15:15:21","date_gmt":"2024-09-04T13:15:21","guid":{"rendered":"https:\/\/lbs.dk\/cnvshf\/?page_id=706"},"modified":"2026-01-19T08:18:12","modified_gmt":"2026-01-19T07:18:12","slug":"taxes-vat","status":"publish","type":"page","link":"https:\/\/canvashifi.com\/se\/support\/taxes-vat\/","title":{"rendered":"Skatter \/ moms"},"content":{"rendered":"<section class=\"ct-section\" style=\"color:#ffffff; background-color:rgb(0,0,0)\">\n\t\t<div class=\"ct-section-inner-wrap\">\n\t\t\t<div id=\"le_fulltext_wrapper-block_27e93699e8e29ef41d872ec1977a90d4\" class=\"le_section le_fulltext\">\n\t\t\t\t\t\t\t\t\t\t<div class=\"le_fulltext_first le_w50 le_ta_left\">\n\t\t\t\t\t\t\t<p class=\"bold\"><strong>Import &amp; skatter<\/strong><\/p>\n<h1>V\u00e4rldsomsp\u00e4nnande enkelhet - allt t\u00e4ckt, inga \u00f6verraskningar!<\/h1>\n<p translate=\"no\">We have warehouses in the EU. If you're not in EU, the product is imported in your name. You'll receive an import bill covering any local taxes and duties, which you'll have to pay initially. However, we offer to reimburse you. All you need to do is email us at: <a title=\"mailto:hello@canvashifi.com\" href=\"mailto:hello@canvashifi.com\">hello@canvashifi.com<\/a> med ditt ordernummer och en bild av importfakturan bifogad. Vi \u00f6verf\u00f6r sedan beloppet till det kredit-\/debetkort som anv\u00e4ndes vid k\u00f6pet.<\/p>\n\t\t\t\t\t\t\t\t<a href=\"\/se\/support\/contact\/\" class=\"le_btn le_btn_trans_w\">Kontakta oss<\/a>\n\t\t\t\t\t\t\t\t\t\t\t\t\t<\/div>\n\t\t\t\t\t\t\t\t<\/div>\n\t\t<\/div>\n\t<\/section>\n\n\n\t<section class=\"ct-section\" style=\"color:#ffffff; background-color:rgb(0,0,0)\">\n\t\t<div class=\"ct-section-inner-wrap\">\n\t\t\t<div id=\"le_fulltext_wrapper-block_155bb93d7adbd8ec344bb0207e4988d4\" class=\"le_section le_fulltext\">\n\t\t\t\t\t\t\t\t\t\t<div class=\"le_fulltext_first le_w50 le_ta_left\">\n\t\t\t\t\t\t\t<h2>Hur fungerar det h\u00e4r?<\/h2>\n<p>Vi har lager i EU och USA, s\u00e5 att k\u00f6pa en CANVAS h\u00e4rifr\u00e5n \u00e4r precis som att best\u00e4lla fr\u00e5n vilken inhemsk webbshop som helst. Om du inte befinner dig i vare sig EU eller USA importeras produkten i ditt namn. Du kommer att f\u00e5 en importfaktura som t\u00e4cker alla lokala skatter och avgifter, som du m\u00e5ste betala inledningsvis. Vi erbjuder oss dock att ers\u00e4tta dig. Allt du beh\u00f6ver g\u00f6ra \u00e4r att mejla oss p\u00e5: <a href=\"mailto:hello@canvashifi.com\">hello@canvashifi.com<\/a> med ditt ordernummer och en bild av importfakturan bifogad. Vi \u00f6verf\u00f6r sedan beloppet till det kredit-\/debetkort som anv\u00e4ndes vid k\u00f6pet.<\/p>\n<p>&nbsp;<\/p>\n<p><strong>\u00c4ven om vi skickar till dessa regioner och l\u00e4nder kan vi tyv\u00e4rr inte t\u00e4cka importkostnader:<\/strong><\/p>\n<ul>\n<li>Afrika<\/li>\n<li>Central- och Sydamerika<\/li>\n<li>Bangladesh<\/li>\n<li>Indien<\/li>\n<li>Indonesien<\/li>\n<li>Israel<\/li>\n<li>Malaysia<\/li>\n<li>Philippinerna<\/li>\n<li>Russia (Purchase not an option)<\/li>\n<li>Serbien<\/li>\n<li>Sydkorea<\/li>\n<li>Turkiet<\/li>\n<li>United States<\/li>\n<li>Canada<\/li>\n<\/ul>\n<p>Var v\u00e4nlig <a href=\"\/se\/support\/contact\/\">mejla oss<\/a> f\u00f6r mer information.<\/p>\n\t\t\t\t\t\t<\/div>\n\t\t\t\t\t\t\t\t<\/div>\n\t\t<\/div>\n\t<\/section>","protected":false},"excerpt":{"rendered":"","protected":false},"author":1,"featured_media":0,"parent":1524,"menu_order":0,"comment_status":"closed","ping_status":"closed","template":"","meta":{"_acf_changed":false,"footnotes":""},"class_list":["post-706","page","type-page","status-publish","hentry"],"acf":[],"_links":{"self":[{"href":"https:\/\/canvashifi.com\/se\/wp-json\/wp\/v2\/pages\/706","targetHints":{"allow":["GET"]}}],"collection":[{"href":"https:\/\/canvashifi.com\/se\/wp-json\/wp\/v2\/pages"}],"about":[{"href":"https:\/\/canvashifi.com\/se\/wp-json\/wp\/v2\/types\/page"}],"author":[{"embeddable":true,"href":"https:\/\/canvashifi.com\/se\/wp-json\/wp\/v2\/users\/1"}],"replies":[{"embeddable":true,"href":"https:\/\/canvashifi.com\/se\/wp-json\/wp\/v2\/comments?post=706"}],"version-history":[{"count":0,"href":"https:\/\/canvashifi.com\/se\/wp-json\/wp\/v2\/pages\/706\/revisions"}],"up":[{"embeddable":true,"href":"https:\/\/canvashifi.com\/se\/wp-json\/wp\/v2\/pages\/1524"}],"wp:attachment":[{"href":"https:\/\/canvashifi.com\/se\/wp-json\/wp\/v2\/media?parent=706"}],"curies":[{"name":"wp","href":"https:\/\/api.w.org\/{rel}","templated":true}]}}