{"id":718,"date":"2024-09-04T15:23:56","date_gmt":"2024-09-04T13:23:56","guid":{"rendered":"https:\/\/lbs.dk\/cnvshf\/?page_id=718"},"modified":"2025-01-08T11:38:27","modified_gmt":"2025-01-08T10:38:27","slug":"privacy-policy","status":"publish","type":"page","link":"https:\/\/canvashifi.com\/se\/support\/privacy-policy\/","title":{"rendered":"Privatpolicy"},"content":{"rendered":"<section class=\"ct-section\" style=\"color:#ffffff; background-color:rgb(0,0,0)\">\n\t\t<div class=\"ct-section-inner-wrap\">\n\t\t\t<div id=\"le_fulltext_wrapper-block_f6dd100a5596d731d914bd55fda9ee0c\" class=\"le_section le_fulltext\">\n\t\t\t\t\t\t\t\t\t\t<div class=\"le_fulltext_first le_w50 le_ta_left\">\n\t\t\t\t\t\t\t<h1 class=\"h2\">Privatpolicy<\/h1>\n<p class=\"translation-block\">Denna integritetspolicy beskriver hur din personliga information samlas in, anv\u00e4nds och delas n\u00e4r du bes\u00f6ker eller g\u00f6r ett k\u00f6p fr\u00e5n\u00a0<a href=\"https:\/\/canvashifi.com\/se\/\" target=\"_blank\" rel=\"noopener\">www.canvashifi.com<\/a>.<\/p>\n<p>&nbsp;<\/p>\n<p><strong>PERSONLIG INFORMATION SOM VI SAMLAR IN<\/strong><\/p>\n<p>N\u00e4r du bes\u00f6ker webbplatsen samlar vi automatiskt in viss information om din enhet, inklusive information om din webbl\u00e4sare, IP-adress, tidszon och n\u00e5gra av de cookies som \u00e4r installerade p\u00e5 din enhet. N\u00e4r du surfar p\u00e5 webbplatsen samlar vi dessutom in information om de enskilda webbsidor eller produkter som du tittar p\u00e5, vilka webbplatser eller s\u00f6ktermer som h\u00e4nvisade dig till webbplatsen och information om hur du interagerar med webbplatsen. Vi kallar denna automatiskt insamlade information f\u00f6r \"enhetsinformation\".\"<\/p>\n<p>Vi samlar in enhetsinformation med hj\u00e4lp av f\u00f6ljande tekniker:<\/p>\n<ul>\n<li>\"Cookies\" \u00e4r datafiler som placeras p\u00e5 din enhet eller dator och som ofta inneh\u00e5ller en anonym unik identifierare. F\u00f6r mer information om cookies och hur du inaktiverar cookies, bes\u00f6k\u00a0<a href=\"http:\/\/www.allaboutcookies.org\/\" target=\"_blank\" rel=\"noopener\">http:\/\/www.allaboutcookies.org<\/a>.<\/li>\n<li>\"Loggfiler\" sp\u00e5rar \u00e5tg\u00e4rder som intr\u00e4ffar p\u00e5 webbplatsen och samlar in data inklusive din IP-adress, webbl\u00e4sartyp, Internetleverant\u00f6r, h\u00e4nvisnings-\/utg\u00e5ngssidor och datum-\/tidsst\u00e4mplar.<\/li>\n<li>\"Web beacons\", \"tags\" och \"pixels\" \u00e4r elektroniska filer som anv\u00e4nds f\u00f6r att registrera information om hur du surfar p\u00e5 webbplatsen.<\/li>\n<\/ul>\n<p>N\u00e4r du g\u00f6r ett k\u00f6p eller f\u00f6rs\u00f6ker g\u00f6ra ett k\u00f6p via webbplatsen samlar vi dessutom in viss information fr\u00e5n dig, inklusive ditt namn, faktureringsadress, leveransadress, betalningsinformation, e-postadress och telefonnummer. Vi kallar denna information f\u00f6r \"Orderinformation\".\"<\/p>\n<p>N\u00e4r vi talar om \"Personuppgifter\" i denna Integritetspolicy talar vi b\u00e5de om Enhetsinformation och Orderinformation.<\/p>\n<p>&nbsp;<\/p>\n<p><strong>HUR ANV\u00c4NDER VI DIN PERSONLIGA INFORMATION?<\/strong><\/p>\n<p>Vi anv\u00e4nder Orderinformationen som vi samlar in i allm\u00e4nhet f\u00f6r att fullg\u00f6ra alla best\u00e4llningar som g\u00f6rs via Webbplatsen (inklusive behandling av din betalningsinformation, ordna med frakt och f\u00f6rse dig med fakturor och\/eller orderbekr\u00e4ftelser). Dessutom anv\u00e4nder vi denna orderinformation f\u00f6r att:<\/p>\n<ul>\n<li>kommunicera med dig;<\/li>\n<li>granska v\u00e5ra ordrar f\u00f6r potentiell risk eller bedr\u00e4geri; och<\/li>\n<li>i enlighet med de preferenser du har delat med oss, f\u00f6rse dig med information eller reklam som r\u00f6r v\u00e5ra produkter eller tj\u00e4nster.<\/li>\n<\/ul>\n<p>Vi anv\u00e4nder den enhetsinformation som vi samlar in f\u00f6r att hj\u00e4lpa oss att uppt\u00e4cka potentiella risker och bedr\u00e4gerier (i synnerhet din IP-adress) och mer allm\u00e4nt f\u00f6r att f\u00f6rb\u00e4ttra och optimera v\u00e5r webbplats (till exempel genom att generera analyser om hur v\u00e5ra kunder surfar och interagerar med webbplatsen och f\u00f6r att bed\u00f6ma framg\u00e5ngen f\u00f6r v\u00e5ra marknadsf\u00f6rings- och reklamkampanjer).<\/p>\n<p>&nbsp;<\/p>\n<p><strong>GOOGLE PLAY<\/strong><\/p>\n<p>N\u00e4r du har f\u00e5tt din CANVAS HiFi-produkt m\u00e5ste den vara ansluten till en internetanslutning, och CANVAS HiFi-appen kan laddas ner fr\u00e5n v\u00e5r webbplats eller en tredjepartswebbplats som Google Play Store. Med CANVAS HiFi-appen kan du styra\/justera din produkt fr\u00e5n den valda enheten (t.ex.g., din telefon eller surfplatta).<\/p>\n<p>H\u00e4mta CANVAS HiFi-appen h\u00e4r:<br \/>\n<a href=\"https:\/\/apps.apple.com\/gb\/app\/canvas-hifi\/id6476863179?uo=2\" target=\"_blank\" rel=\"noopener\">Apple App Store<\/a><br \/>\n<a href=\"https:\/\/play.google.com\/store\/apps\/details?id=com.canvas.hifi&amp;pli=1\" target=\"_blank\" rel=\"noopener\">Google Play Store<\/a><\/p>\n<p>&nbsp;<\/p>\n<p><strong>DATAINSAMLING OCH ANV\u00c4NDNING<\/strong><\/p>\n<p>CANVAS HiFi-appen samlar in vissa data f\u00f6r att f\u00f6rb\u00e4ttra din anv\u00e4ndarupplevelse och s\u00e4kerst\u00e4lla att produkten fungerar korrekt. Detta kan inkludera:<\/p>\n<ul>\n<li>Enhetsinformation (t.ex.g., enhetsmodell, operativsystemversion)<\/li>\n<li>Anv\u00e4ndningsdata (t.ex.g., hur du anv\u00e4nder appen, appinteraktioner)<\/li>\n<\/ul>\n<p>Dessa uppgifter anv\u00e4nds endast f\u00f6r att f\u00f6rb\u00e4ttra appens prestanda, tillhandah\u00e5lla teknisk support och erbjuda personliga funktioner. Vi delar inte dina uppgifter med tredje part utan ditt uttryckliga samtycke, utom n\u00e4r det kr\u00e4vs enligt lag.<\/p>\n<p>&nbsp;<\/p>\n<p><strong>TILLST\u00c5ND<\/strong><\/p>\n<p>CANVAS HiFi-appen beg\u00e4r f\u00f6ljande tillst\u00e5nd f\u00f6r att fungera korrekt:<\/p>\n<ul>\n<li><strong>Internet\u00e5tkomst:<\/strong>\u00a0F\u00f6r att ansluta din CANVAS HiFi-produkt till v\u00e5ra servrar och tillhandah\u00e5lla uppdateringar.<\/li>\n<li><strong>Lagrings\u00e5tkomst:<\/strong>\u00a0F\u00f6r att lagra appdata och inst\u00e4llningar p\u00e5 din enhet.<\/li>\n<\/ul>\n<p>Vi beg\u00e4r endast beh\u00f6righeter som \u00e4r n\u00f6dv\u00e4ndiga f\u00f6r att appen ska fungera. Du kan hantera dessa beh\u00f6righeter i inst\u00e4llningarna f\u00f6r din enhet.<\/p>\n<p>&nbsp;<\/p>\n<p><strong>ANV\u00c4NDARENS R\u00c4TTIGHETER<\/strong><\/p>\n<p>Du har r\u00e4tt att f\u00e5 tillg\u00e5ng till, korrigera eller radera dina personuppgifter som samlats in av CANVAS HiFi-appen. F\u00f6r att ut\u00f6va dessa r\u00e4ttigheter, v\u00e4nligen kontakta v\u00e5rt supportteam p\u00e5\u00a0<a href=\"mailto:hello@canvashifi.com\">hello@canvashifi.com<\/a>.<\/p>\n<p>&nbsp;<\/p>\n<p><strong>\u00c4NDRINGAR AV DEN H\u00c4R PRIVATPOLICYN<\/strong><\/p>\n<p>Vi kan komma att uppdatera v\u00e5r integritetspolicy fr\u00e5n tid till annan. Eventuella \u00e4ndringar kommer att publiceras p\u00e5 den h\u00e4r sidan och du kommer att meddelas via appen eller e-post n\u00e4r s\u00e5 \u00e4r l\u00e4mpligt.<\/p>\n<p>&nbsp;<\/p>\n<p><strong>DELNING AV DIN PERSONLIGA INFORMATION<\/strong><\/p>\n<p>We share your Personal Information with third parties to help us use your Personal Information, as described above. For example, we also use Google Analytics to help us understand how our customers use the Site\u2014you can read more about how Google uses your Personal Information here: <a href=\"https:\/\/www.google.com\/intl\/en\/policies\/privacy\/\" target=\"_blank\" rel=\"noopener\">https:\/\/www.google.com\/intl\/en\/policies\/privacy\/<\/a>. You can also opt-out of Google Analytics here: <a href=\"https:\/\/tools.google.com\/dlpage\/gaoptout\" target=\"_blank\" rel=\"noopener\">https:\/\/tools.google.com\/dlpage\/gaoptout<\/a>.<\/p>\n<p>Finally, we may also share your Personal Information to comply with applicable laws and regulations, to respond to a subpoena, search warrant or other lawful request for information we receive, or to otherwise protect our rights.<\/p>\n<p>As described above, we use your Personal Information to provide you with targeted advertisements or marketing communications we believe may be of interest to you. For more information about how targeted advertising works, you can visit the Network Advertising Initiative\u2019s (\u201cNAI\u201d) educational page at <a href=\"http:\/\/www.networkadvertising.org\/understanding-online-advertising\/how-does-it-work\" target=\"_blank\" rel=\"noopener\">http:\/\/www.networkadvertising.org\/understanding-online-advertising\/how-does-it-work<\/a>.<\/p>\n<p>&nbsp;<\/p>\n<p><strong>SP\u00c5R INTE<\/strong><\/p>\n<p>Observera att vi inte \u00e4ndrar v\u00e5r webbplats datainsamling och anv\u00e4ndningspraxis n\u00e4r vi ser en Do Not Track-signal fr\u00e5n din webbl\u00e4sare.<\/p>\n<p>&nbsp;<\/p>\n<p><strong>DINA R\u00c4TTIGHETER<\/strong><\/p>\n<p>Om du \u00e4r bosatt i Europa har du r\u00e4tt att f\u00e5 tillg\u00e5ng till personuppgifter som vi har om dig och att beg\u00e4ra att dina personuppgifter korrigeras, uppdateras eller raderas. Om du vill ut\u00f6va denna r\u00e4ttighet, v\u00e4nligen kontakta oss via kontaktuppgifterna nedan.<\/p>\n<p>Om du \u00e4r bosatt i Europa noterar vi dessutom att vi behandlar din information f\u00f6r att uppfylla avtal som vi kan ha med dig (till exempel om du g\u00f6r en best\u00e4llning via webbplatsen), eller p\u00e5 annat s\u00e4tt f\u00f6r att fullf\u00f6lja v\u00e5ra legitima aff\u00e4rsintressen som anges ovan. Observera ocks\u00e5 att dina uppgifter kommer att \u00f6verf\u00f6ras utanf\u00f6r Europa, bland annat till Kanada och USA.<\/p>\n<p>&nbsp;<\/p>\n<p><strong>DATABEVARING<\/strong><\/p>\n<p>N\u00e4r du g\u00f6r en best\u00e4llning via webbplatsen kommer vi att beh\u00e5lla din best\u00e4llningsinformation f\u00f6r v\u00e5ra register s\u00e5vida inte och tills du ber oss att radera denna information.<\/p>\n<p>&nbsp;<\/p>\n<p><strong>\u00c4NDRINGAR<\/strong><\/p>\n<p>Vi kan komma att uppdatera denna integritetspolicy fr\u00e5n tid till annan f\u00f6r att till exempel \u00e5terspegla \u00e4ndringar i v\u00e5r praxis eller av andra operativa, juridiska eller regleringsm\u00e4ssiga sk\u00e4l.<\/p>\n<p>&nbsp;<\/p>\n<p><strong>KONTAKTA OSS<\/strong><\/p>\n<p>F\u00f6r mer information om v\u00e5r integritetspolicy, om du har fr\u00e5gor eller om du vill l\u00e4mna ett klagom\u00e5l, v\u00e4nligen kontakta oss via e-post p\u00e5\u00a0<a title=\"hello@canvashifi.com\" href=\"mailto:hello@canvashifi.com\">hello@canvashifi.com<\/a> eller:<\/p>\n\t\t\t\t\t\t\t\t<a href=\"https:\/\/canvashifi.com\/se\/pages\/contact\/\" class=\"le_btn le_btn_trans_w\">Kontakta oss<\/a>\n\t\t\t\t\t\t\t\t\t\t\t\t\t<\/div>\n\t\t\t\t\t\t\t\t<\/div>\n\t\t<\/div>\n\t<\/section>","protected":false},"excerpt":{"rendered":"","protected":false},"author":1,"featured_media":0,"parent":1524,"menu_order":0,"comment_status":"closed","ping_status":"closed","template":"","meta":{"_acf_changed":false,"footnotes":""},"class_list":["post-718","page","type-page","status-publish","hentry"],"acf":[],"_links":{"self":[{"href":"https:\/\/canvashifi.com\/se\/wp-json\/wp\/v2\/pages\/718","targetHints":{"allow":["GET"]}}],"collection":[{"href":"https:\/\/canvashifi.com\/se\/wp-json\/wp\/v2\/pages"}],"about":[{"href":"https:\/\/canvashifi.com\/se\/wp-json\/wp\/v2\/types\/page"}],"author":[{"embeddable":true,"href":"https:\/\/canvashifi.com\/se\/wp-json\/wp\/v2\/users\/1"}],"replies":[{"embeddable":true,"href":"https:\/\/canvashifi.com\/se\/wp-json\/wp\/v2\/comments?post=718"}],"version-history":[{"count":0,"href":"https:\/\/canvashifi.com\/se\/wp-json\/wp\/v2\/pages\/718\/revisions"}],"up":[{"embeddable":true,"href":"https:\/\/canvashifi.com\/se\/wp-json\/wp\/v2\/pages\/1524"}],"wp:attachment":[{"href":"https:\/\/canvashifi.com\/se\/wp-json\/wp\/v2\/media?parent=718"}],"curies":[{"name":"wp","href":"https:\/\/api.w.org\/{rel}","templated":true}]}}