{"id":851,"date":"2023-10-23T10:29:41","date_gmt":"2023-10-23T08:29:41","guid":{"rendered":"https:\/\/lbs.dk\/cnvshf\/produkt\/canvas-65-structure-grey\/"},"modified":"2026-04-01T18:46:34","modified_gmt":"2026-04-01T16:46:34","slug":"canvas-65-structure-grey","status":"publish","type":"product","link":"https:\/\/canvashifi.com\/uk\/products\/canvas-65-structure-grey\/","title":{"rendered":"CANVAS 65\" \u0421\u0442\u0440\u0443\u043a\u0442\u0443\u0440\u0430 \u0441\u0456\u0440\u0438\u0439"},"content":{"rendered":"<h2>CANVAS er mere end et produkt\u00a0<span style=\"color: #70757a;font-family: arial, sans-serif;font-size: 14px\">\u2014<\/span>\u00a0det er en innovativ id\u00e9<\/h2>\n<p>Introduktionen af CANVAS 65\" markerer en ny \u00e6ra inden for kompakt og stilfuld\u00a0lydteknologi. Med sin raffinerede\u00a0<em>structure grey<\/em>\u00a0front er denne model designet til at tilf\u00f8re et touch af elegance til ethvert rum, uden at g\u00e5 p\u00e5 kompromis med lydkvaliteten. Falder perfekt ind i indretningen i en hver bolig. CANVAS 65\" er en ideel blanding af form og funktion.<\/p>\n<p><strong>Enest\u00e5ende lydoplevelse med CANVAS<br \/>\n<\/strong>Trods sin mere beskedne st\u00f8rrelse, er CANVAS 65\" udstyret med avancerede lydkomponenter, som sikrer en lydoplevelse, der st\u00e5r m\u00e5l med langt st\u00f8rre systemer. High-end SB Acoustics komponenter og en pr\u00e6cis lydjustering g\u00f8r, at hver tone og detalje leveres med\u00a0uovertruffen klarhed. Denne model er ideel til dem, der \u00f8nsker en enest\u00e5ende lydoplevelse i et mere intimt milj\u00f8.<\/p>\n<p><strong>Rumkorrektion med BACCH 3D teknologi<br \/>\n<\/strong>Med sin intelligente rumkorrektion og BACCH 3D teknologi, tilpasser CANVAS 65\" sig perfekt til rummets akustik, hvilket garanterer en fyldig og detaljeret lyd, selv i mindre rum. Denne model er et bevis p\u00e5, at h\u00f8j kvalitet og kompakt design kan g\u00e5 h\u00e5nd i h\u00e5nd.<\/p>\n<p><strong>Perfekt tilpasning til alle 65\" TV<\/strong><br \/>\nDesignet af CANVAS 65\" med\u00a0<em>structure grey<\/em>\u00a0front er n\u00f8je udformet for at komplementere og forbedre enhver 65\" tommer TV-oplevelse. Med sin universelle tilpasning garanterer denne model, at uanset hvilken 65\" tommer TV du har, vil CANVAS 65\" integrere sig problemfrit og\u00a0forbedre din audiovisuelle underholdning. Oplev en s\u00f8ml\u00f8s og harmonisk kombination af visuel og auditiv kvalitet i dit hjem.<\/p>\n<p><strong>Fleksibel montering - v\u00e6gh\u00e6ngt eller st\u00e5ende<\/strong><br \/>\nCANVAS 65\" kommer med b\u00e5de v\u00e6gh\u00e6ngt og st\u00e5ende beslag, hvilket giver dig fuld frihed til at v\u00e6lge, hvordan du \u00f8nsker at integrere systemet i dit hjem. Uanset om du foretr\u00e6kker en elegant v\u00e6gh\u00e6ngt ops\u00e6tning for at spare plads, eller en traditionel st\u00e5ende placering for en mere fleksibel tilstedev\u00e6relse, har CANVAS 65\" med\u00a0<em>structure grey<\/em>\u00a0front alt, hvad du beh\u00f8ver for en personlig og stilfuld ops\u00e6tning. Med disse fleksible monteringsmuligheder kan du skr\u00e6ddersy din lydoplevelse til netop din boligindretning og hvis dine behov med tiden \u00e6ndres sikre fleksibel placering og mulighed for front i anden st\u00f8rrelse eller farve en nem tilpasning til anden tv-st\u00f8rrelse eller placering.<\/p>\n<p>Se mere om CANVAS p\u00e5 deres internationale webshop her\u00a0<a title=\"CANVAS HiFi\" href=\"https:\/\/canvashifi.com\/uk\/\" target=\"_blank\" rel=\"noopener\">www.canvashifi.com<\/a><\/p>","protected":false},"excerpt":{"rendered":"<p>CANVAS er mere end et produkt\u00a0\u2014\u00a0det er en innovativ id\u00e9 Introduktionen af CANVAS 65\" markerer en ny \u00e6ra inden for kompakt og stilfuld\u00a0lydteknologi. Med sin raffinerede\u00a0structure grey\u00a0front er denne model designet til at tilf\u00f8re et touch af elegance til ethvert rum, uden at g\u00e5 p\u00e5 kompromis med lydkvaliteten. Falder perfekt ind i indretningen i en [&hellip;]<\/p>\n","protected":false},"featured_media":4332,"template":"","meta":{"_acf_changed":false},"product_brand":[],"product_cat":[153],"product_tag":[104,99],"farve":[118],"maerker":[],"serier":[],"kampagne":[],"tempcat":[],"class_list":{"0":"post-851","1":"product","2":"type-product","3":"status-publish","4":"has-post-thumbnail","6":"product_cat-canvas","7":"product_tag-canvas-65","8":"product_tag-quickrequest","9":"product_shipping_class-free","10":"farve-graa","12":"first","13":"instock","14":"taxable","15":"shipping-taxable","16":"purchasable","17":"product-type-simple"},"acf":[],"_links":{"self":[{"href":"https:\/\/canvashifi.com\/uk\/wp-json\/wp\/v2\/product\/851","targetHints":{"allow":["GET"]}}],"collection":[{"href":"https:\/\/canvashifi.com\/uk\/wp-json\/wp\/v2\/product"}],"about":[{"href":"https:\/\/canvashifi.com\/uk\/wp-json\/wp\/v2\/types\/product"}],"wp:featuredmedia":[{"embeddable":true,"href":"https:\/\/canvashifi.com\/uk\/wp-json\/wp\/v2\/media\/4332"}],"wp:attachment":[{"href":"https:\/\/canvashifi.com\/uk\/wp-json\/wp\/v2\/media?parent=851"}],"wp:term":[{"taxonomy":"product_brand","embeddable":true,"href":"https:\/\/canvashifi.com\/uk\/wp-json\/wp\/v2\/product_brand?post=851"},{"taxonomy":"product_cat","embeddable":true,"href":"https:\/\/canvashifi.com\/uk\/wp-json\/wp\/v2\/product_cat?post=851"},{"taxonomy":"product_tag","embeddable":true,"href":"https:\/\/canvashifi.com\/uk\/wp-json\/wp\/v2\/product_tag?post=851"},{"taxonomy":"farve","embeddable":true,"href":"https:\/\/canvashifi.com\/uk\/wp-json\/wp\/v2\/farve?post=851"},{"taxonomy":"maerker","embeddable":true,"href":"https:\/\/canvashifi.com\/uk\/wp-json\/wp\/v2\/maerker?post=851"},{"taxonomy":"serie","embeddable":true,"href":"https:\/\/canvashifi.com\/uk\/wp-json\/wp\/v2\/serier?post=851"},{"taxonomy":"kampagne","embeddable":true,"href":"https:\/\/canvashifi.com\/uk\/wp-json\/wp\/v2\/kampagne?post=851"},{"taxonomy":"tempcat","embeddable":true,"href":"https:\/\/canvashifi.com\/uk\/wp-json\/wp\/v2\/tempcat?post=851"}],"curies":[{"name":"wp","href":"https:\/\/api.w.org\/{rel}","templated":true}]}}