{"id":935,"date":"2023-11-15T12:29:59","date_gmt":"2023-11-15T11:29:59","guid":{"rendered":"https:\/\/lbs.dk\/cnvshf\/produkt\/canvas-solo-light-grey\/"},"modified":"2026-04-15T08:49:56","modified_gmt":"2026-04-15T06:49:56","slug":"canvas-solo-light-grey","status":"publish","type":"product","link":"https:\/\/canvashifi.com\/uk\/products\/canvas-solo-light-grey\/","title":{"rendered":"CANVAS SOLO \u0421\u0432\u0456\u0442\u043b\u043e-\u0441\u0456\u0440\u0438\u0439"},"content":{"rendered":"<h2>CANVAS SOLO er mere end et produkt\u00a0<span style=\"color: #70757a; font-family: arial, sans-serif; font-size: 14px;\">\u2014<\/span>\u00a0det er en innovativ id\u00e9<\/h2>\n<p>CANVAS SOLO \u0454 \u0456\u0434\u0435\u0430\u043b\u044c\u043d\u0438\u043c \u0440\u0456\u0448\u0435\u043d\u043d\u044f\u043c \u0434\u043b\u044f \u0441\u0443\u0447\u0430\u0441\u043d\u0438\u0445 HiFi-\u0441\u0438\u0441\u0442\u0435\u043c. \u0417\u0430\u0432\u0434\u044f\u043a\u0438 \u0435\u043b\u0435\u0433\u0430\u043d\u0442\u043d\u043e\u043c\u0443, \u0432\u0438\u0442\u043e\u043d\u0447\u0435\u043d\u043e\u043c\u0443 \u0434\u0438\u0437\u0430\u0439\u043d\u0443, \u0432\u0438 \u043c\u043e\u0436\u0435\u0442\u0435 \u0432\u0438\u043a\u043e\u0440\u0438\u0441\u0442\u043e\u0432\u0443\u0432\u0430\u0442\u0438 \u0439\u043e\u0433\u043e \u044f\u043a \u0434\u043b\u044f \u0442\u0435\u043b\u0435\u0432\u0456\u0437\u043e\u0440\u0430, \u0442\u0430\u043a \u0456 \u0434\u043b\u044f \u0441\u0430\u043c\u043e\u0441\u0442\u0456\u0439\u043d\u043e\u0433\u043e \u0441\u0442\u0432\u043e\u0440\u0435\u043d\u043d\u044f HiFi-\u043c\u0443\u0437\u0438\u0447\u043d\u043e\u0457 \u0441\u0438\u0441\u0442\u0435\u043c\u0438. \u0412\u0456\u043d \u043c\u043e\u0436\u0435 \u0432\u0438\u0441\u0456\u0442\u0438 \u043d\u0430 \u0432\u0456\u0437\u043a\u0443, \u0441\u0442\u043e\u044f\u0442\u0438 \u043d\u0430 \u0433\u0456\u043b\u0446\u0456 \u0430\u0431\u043e \u0440\u043e\u0437\u043a\u0438\u0434\u0430\u0442\u0438 \u0440\u043e\u0437\u0441\u0438\u043f\u0438 \u043f\u043e \u043a\u0430\u043d\u0430\u0432\u0456. Dets medf\u00f8lgende frontgrill, der matcher st\u00f8rrelsen p\u00e5 CANVAS 55\", sikrer en samlet \u00e6stetisk fremtoning i dit lydsystem.<\/p>\n<p><strong>Oplev en fantastisk lydoplevelse med CANVAS SOLO<br \/>\n<\/strong>Den rene HiFi-oplevelse, CANVAS SOLO tilbyder, er intet mindre end imponerende. Uanset om det bruges med eller uden et TV, overskrider CANVAS traditionelle audiosystemers gr\u00e6nser. Denne alsidighed giver mulighed for at genopdage varmen i din LP-samling, streame din yndlingsmusik ubesv\u00e6ret, tilf\u00f8re HiFi til dit k\u00f8kken eller forbedre lyden p\u00e5 din storsk\u00e6rm.<\/p>\n<p><strong>Multifunktionalitet<br \/>\n<\/strong>Som et alt-i-et HiFi-system er CANVAS SOLO i en klasse for sig. Med mulighed for at synkronisere flere enheder med et enkelt tryk p\u00e5 din telefon, tilbyder systemet en harmonisk lydoplevelse i hele dit rum. Hver enhed kan ogs\u00e5 spille uafh\u00e6ngigt, hvilket giver en fleksibilitet, der overg\u00e5r konventionelle HiFi-systemer.<\/p>","protected":false},"excerpt":{"rendered":"<p>CANVAS SOLO er mere end et produkt\u00a0\u2014\u00a0det er en innovativ id\u00e9 CANVAS SOLO er et \u00e6gte mesterv\u00e6rk inden for moderne HiFi-systemer. Med sit elegante lysegr\u00e5 stofdesign passer det ind i enhver indretning, om det er som en udvidelse af din TV-oplevelse eller som et selvst\u00e6ndigt HiFi-musiksystem. Det kan h\u00e6nges p\u00e5 v\u00e6ggen, st\u00e5 p\u00e5 en hylde, [&hellip;]<\/p>\n","protected":false},"featured_media":4407,"template":"","meta":{"_acf_changed":false},"size":[574],"product_brand":[],"product_cat":[153],"product_tag":[102,99],"farve":[118],"maerker":[],"serier":[],"kampagne":[],"tempcat":[],"class_list":{"0":"post-935","1":"product","2":"type-product","3":"status-publish","4":"has-post-thumbnail","6":"size-574","7":"product_cat-canvas","8":"product_tag-canvas-solo","9":"product_tag-quickrequest","10":"product_shipping_class-free","11":"farve-graa","13":"first","14":"instock","15":"taxable","16":"shipping-taxable","17":"purchasable","18":"product-type-simple"},"acf":[],"_links":{"self":[{"href":"https:\/\/canvashifi.com\/uk\/wp-json\/wp\/v2\/product\/935","targetHints":{"allow":["GET"]}}],"collection":[{"href":"https:\/\/canvashifi.com\/uk\/wp-json\/wp\/v2\/product"}],"about":[{"href":"https:\/\/canvashifi.com\/uk\/wp-json\/wp\/v2\/types\/product"}],"wp:featuredmedia":[{"embeddable":true,"href":"https:\/\/canvashifi.com\/uk\/wp-json\/wp\/v2\/media\/4407"}],"wp:attachment":[{"href":"https:\/\/canvashifi.com\/uk\/wp-json\/wp\/v2\/media?parent=935"}],"wp:term":[{"taxonomy":"size","embeddable":true,"href":"https:\/\/canvashifi.com\/uk\/wp-json\/wp\/v2\/size?post=935"},{"taxonomy":"product_brand","embeddable":true,"href":"https:\/\/canvashifi.com\/uk\/wp-json\/wp\/v2\/product_brand?post=935"},{"taxonomy":"product_cat","embeddable":true,"href":"https:\/\/canvashifi.com\/uk\/wp-json\/wp\/v2\/product_cat?post=935"},{"taxonomy":"product_tag","embeddable":true,"href":"https:\/\/canvashifi.com\/uk\/wp-json\/wp\/v2\/product_tag?post=935"},{"taxonomy":"farve","embeddable":true,"href":"https:\/\/canvashifi.com\/uk\/wp-json\/wp\/v2\/farve?post=935"},{"taxonomy":"maerker","embeddable":true,"href":"https:\/\/canvashifi.com\/uk\/wp-json\/wp\/v2\/maerker?post=935"},{"taxonomy":"serie","embeddable":true,"href":"https:\/\/canvashifi.com\/uk\/wp-json\/wp\/v2\/serier?post=935"},{"taxonomy":"kampagne","embeddable":true,"href":"https:\/\/canvashifi.com\/uk\/wp-json\/wp\/v2\/kampagne?post=935"},{"taxonomy":"tempcat","embeddable":true,"href":"https:\/\/canvashifi.com\/uk\/wp-json\/wp\/v2\/tempcat?post=935"}],"curies":[{"name":"wp","href":"https:\/\/api.w.org\/{rel}","templated":true}]}}